{"id":25753,"date":"2023-02-23T23:42:13","date_gmt":"2023-03-27T12:19:30","guid":{"rendered":"https:\/\/factory.sale\/?post_type=product&#038;p=25753"},"modified":"2025-07-31T15:59:11","modified_gmt":"2025-07-31T12:59:11","slug":"2m-kylpytynnyri-jossa-ergonominen-muovinen-sisusta-ja-ulkoinen-kamiina","status":"publish","type":"product","link":"https:\/\/factory.sale\/fi\/tuote\/2m-kylpytynnyri-jossa-ergonominen-muovinen-sisusta-ja-ulkoinen-kamiina\/","title":{"rendered":"2M KYLPYTYNNYRI, JOSSA ERGONOMINEN MUOVINEN SISUSTA JA ULKOINEN KAMIINA"},"content":{"rendered":"<p><strong>BAR2<\/strong><\/p>\n<p><strong>Tekniset tiedot:<\/strong><\/p>\n<p>\u25cf Materiaali: 20 mm kuusi\/l\u00e4mp\u00f6puu<br \/>\n\u25cf Ulkohalkaisija: 2000 mm<\/p>\n<p>\u25cf Sis\u00e4halkaisija: 1820 mm<br \/>\n\u25cf Korkeus: 1120 mm<br \/>\n\u25cf Sis\u00e4syvyys: 980 mm<br \/>\n\u25cf Paino: 190 kg<br \/>\n\u25cf Tilavuus: 1500 liters<br \/>\n\u25cf Henkil\u00f6m\u00e4\u00e4r\u00e4: 6-7<br \/>\n\u25cf L\u00e4mmitysaika 5-38\u00b0: 2-2.5h<\/p>\n<p>&nbsp;<\/p>\n<p><a href=\"https:\/\/factory.sale\/wp-content\/uploads\/2024\/09\/Paloturvallisuus-ja-turvaetaisyydet.pdf\" target=\"_blank\" rel=\"noopener\">Paloturvallisuus ja turvaet\u00e4isyydet<\/a><\/p>\n<p><strong>Kylpytynnyrisetti sis\u00e4lt\u00e4\u00e4:<\/strong><\/p>\n<p>\u25cf lasikuitu sisus<br \/>\n\u25cf puinen runko<br \/>\n\u25cf viimeistely puu\u00f6ljyll\u00e4 ulkopuolelta<br \/>\n\u25cf pohjan palkit<br \/>\n\u25cf merialumiininen ulkoinen kamiina (30 kw) 2 m piipulla<br \/>\n\u25cf tyhjennyshana<br \/>\n\u25cf portaat<\/p>\n<p>&nbsp;<\/p>\n<p>&nbsp;<\/p>\n<p><strong>Muovi saatavilla 3 eri v\u00e4riss\u00e4:<\/strong> sininen, tummanharmaa ja vaaleanharmaa<\/p>\n<p><strong><img loading=\"lazy\" decoding=\"async\" class=\"alignnone wp-image-88093\" src=\"https:\/\/factory.sale\/wp-content\/uploads\/2024\/07\/plastic-colours-300x82.png\" alt=\"\" width=\"413\" height=\"113\" srcset=\"https:\/\/factory.sale\/wp-content\/uploads\/2024\/07\/plastic-colours-300x82.png 300w, https:\/\/factory.sale\/wp-content\/uploads\/2024\/07\/plastic-colours-150x41.png 150w, https:\/\/factory.sale\/wp-content\/uploads\/2024\/07\/plastic-colours.png 394w\" sizes=\"auto, (max-width: 413px) 100vw, 413px\" \/><\/strong><\/p>\n<p>&nbsp;<\/p>\n<p><strong>Valinnaiset lis\u00e4varusteet (lis\u00e4maksusta):<\/strong><\/p>\n<ul>\n<li>Ulkoverhous: 20 mm l\u00e4mp\u00f6k\u00e4sitelty m\u00e4nty tai 15 mm muovipaneeli (antrasiitinharmaa)<\/li>\n<li>Kiukaan vaihto: 35 kW takavirtauksella ja lasiovella<\/li>\n<li>Kiukaan vaihto: 35, 40 tai 45 kW (oikea- tai vasenvirtaus)<\/li>\n<li>LED-valaistus: 1, 2 tai 4 valaisimella<\/li>\n<li>Kuplaj\u00e4rjestelm\u00e4: 8 suutinta ja 700 W pumppu tai 16 suutinta ja 900 W pumppu<\/li>\n<li>L\u00e4mp\u00f6mittari: digitaalinen (asennettu tynnyriin) tai kelluva Bluetooth-l\u00e4mp\u00f6mittari<\/li>\n<li>Savupiipun tarvikkeet: l\u00e4mp\u00f6suoja, kipin\u00e4suoja, savupiipun jatke<\/li>\n<li>Suodatusj\u00e4rjestelm\u00e4: hiekkasuodatin, pintasuodatin (skimmeri)<\/li>\n<li>Dutrion-tabletit veden puhdistukseen<\/li>\n<li>Mukitelineet: spa-alusta tai puinen hylly<\/li>\n<li>Tarvikkeet: niskatuki, kauha<\/li>\n<li>Suodatusj\u00e4rjestelm\u00e4n kotelo<\/li>\n<li>Portaat: isot suorat tai py\u00f6re\u00e4t<\/li>\n<li>Puiset mukitelineet<\/li>\n<li>PUR-eristys<\/li>\n<li>Erilaiset kannet: PVC- tai l\u00e4mp\u00f6kansi<\/li>\n<\/ul>\n","protected":false},"excerpt":{"rendered":"<p>Kylpytynnyri on loistava tapa rentoutumiseksi ja se sopii t\u00e4ydellisesti puutarhaan tai m\u00f6kille.<\/p>\n","protected":false},"featured_media":23715,"comment_status":"open","ping_status":"closed","template":"","meta":{"_acf_changed":false},"factory":[],"free-shipment":[],"product_brand":[],"product_cat":[2210,2588],"product_tag":[2846],"class_list":{"0":"post-25753","1":"product","2":"type-product","3":"status-publish","4":"has-post-thumbnail","6":"product_cat-kylpytynnyrit","7":"product_cat-lasikuituiset-kylpytynnyrit","8":"product_tag-hot-tub-fi","10":"first","11":"instock","12":"sale","13":"taxable","14":"shipping-taxable","15":"purchasable","16":"product-type-simple"},"acf":[],"_links":{"self":[{"href":"https:\/\/factory.sale\/fi\/wp-json\/wp\/v2\/product\/25753","targetHints":{"allow":["GET"]}}],"collection":[{"href":"https:\/\/factory.sale\/fi\/wp-json\/wp\/v2\/product"}],"about":[{"href":"https:\/\/factory.sale\/fi\/wp-json\/wp\/v2\/types\/product"}],"replies":[{"embeddable":true,"href":"https:\/\/factory.sale\/fi\/wp-json\/wp\/v2\/comments?post=25753"}],"wp:featuredmedia":[{"embeddable":true,"href":"https:\/\/factory.sale\/fi\/wp-json\/wp\/v2\/media\/23715"}],"wp:attachment":[{"href":"https:\/\/factory.sale\/fi\/wp-json\/wp\/v2\/media?parent=25753"}],"wp:term":[{"taxonomy":"factory","embeddable":true,"href":"https:\/\/factory.sale\/fi\/wp-json\/wp\/v2\/factory?post=25753"},{"taxonomy":"free-shipment","embeddable":true,"href":"https:\/\/factory.sale\/fi\/wp-json\/wp\/v2\/free-shipment?post=25753"},{"taxonomy":"product_brand","embeddable":true,"href":"https:\/\/factory.sale\/fi\/wp-json\/wp\/v2\/product_brand?post=25753"},{"taxonomy":"product_cat","embeddable":true,"href":"https:\/\/factory.sale\/fi\/wp-json\/wp\/v2\/product_cat?post=25753"},{"taxonomy":"product_tag","embeddable":true,"href":"https:\/\/factory.sale\/fi\/wp-json\/wp\/v2\/product_tag?post=25753"}],"curies":[{"name":"wp","href":"https:\/\/api.w.org\/{rel}","templated":true}]}}