{"id":25749,"date":"2023-02-23T21:14:08","date_gmt":"2023-03-27T12:05:55","guid":{"rendered":"https:\/\/factory.sale\/?post_type=product&#038;p=25749"},"modified":"2025-11-02T16:08:03","modified_gmt":"2025-11-02T13:08:03","slug":"2-1x2-8-m-8-kulmainen-kylpytynnyri-jossa-muovinen-sisusta-ja-ulkoinen-kamiina","status":"publish","type":"product","link":"https:\/\/factory.sale\/fi\/tuote\/2-1x2-8-m-8-kulmainen-kylpytynnyri-jossa-muovinen-sisusta-ja-ulkoinen-kamiina\/","title":{"rendered":"2.1X2.8 M 8-KULMAINEN KYLPYTYNNYRI, JOSSA LASIKUITU SISUSTA JA ULKOINEN KAMIINA"},"content":{"rendered":"<p><strong>BAR212<\/strong><\/p>\n<p><strong>Tekniset tiedot:<\/strong><\/p>\n<p>\u25cf Materiaali: 20 mm kuusi\/l\u00e4mp\u00f6puu<br \/>\n\u25cf Ulkohalkaisija: 2100x2800mm<br \/>\n\u25cf Sis\u00e4halkaisija: 1900x2600mm<br \/>\n\u25cf Korkeus: 1120mm<br \/>\n\u25cf Sis\u00e4syvyys: 980 mm<br \/>\n\u25cf Paino: 250 kg<br \/>\n\u25cf Tilavuus: 2300 liters<br \/>\n\u25cf Henkil\u00f6m\u00e4\u00e4r\u00e4: 10-11<br \/>\n\u25cf L\u00e4mmitysaika 5-38\u00b0: 3-4h<\/p>\n<p><a href=\"https:\/\/factory.sale\/wp-content\/uploads\/2024\/09\/Paloturvallisuus-ja-turvaetaisyydet.pdf\" target=\"_blank\" rel=\"noopener\">Paloturvallisuus ja turvaet\u00e4isyydet<\/a><\/p>\n<p><strong>Kylpytynnyrisetti sis\u00e4lt\u00e4\u00e4:<\/strong><\/p>\n<p>\u25cf lasikuitu sisus<br \/>\n\u25cf puinen runko<br \/>\n\u25cf viimeistely puu\u00f6ljyll\u00e4 ulkopuolelta<br \/>\n\u25cf pohjan palkit<br \/>\n\u25cf merialumiininen ulkoinen kamiina (30 kw) 2 m piipulla<br \/>\n\u25cf tyhjennyshana<br \/>\n\u25cf portaat<\/p>\n<p>&nbsp;<\/p>\n<p><strong>Muovi saatavilla 3 eri v\u00e4riss\u00e4:<\/strong> vaaleanharmaa, tummanharmaa ja sininen<\/p>\n<p>&nbsp;<\/p>\n<p><strong><img loading=\"lazy\" decoding=\"async\" class=\"alignnone wp-image-88093\" src=\"https:\/\/factory.sale\/wp-content\/uploads\/2024\/07\/plastic-colours-300x82.png\" alt=\"\" width=\"413\" height=\"113\" srcset=\"https:\/\/factory.sale\/wp-content\/uploads\/2024\/07\/plastic-colours-300x82.png 300w, https:\/\/factory.sale\/wp-content\/uploads\/2024\/07\/plastic-colours-150x41.png 150w, https:\/\/factory.sale\/wp-content\/uploads\/2024\/07\/plastic-colours.png 394w\" sizes=\"auto, (max-width: 413px) 100vw, 413px\" \/><\/strong><\/p>\n<p>Mahdollisuus ostaa lis\u00e4ksi:<\/p>\n<ul>\n<li>Ulkouuni 35 kW<\/li>\n<li>Ulkouuni 40 kW<\/li>\n<li>Ulkouuni 45 kW<\/li>\n<li>Musta\u00f6ljy k\u00e4sittely (kuusi)<\/li>\n<li>\u00d6ljytty termopuu musta<\/li>\n<li>20 mm harmaa muovilaudoitus<\/li>\n<li>PVC-kansi<\/li>\n<li>Termokansi 10 cm<\/li>\n<li>Polyuretaanieristys<\/li>\n<li>LED-valo yhdell\u00e4 lampulla<\/li>\n<li>LED-valo kahdella lampulla<\/li>\n<li>LED-valo nelj\u00e4ll\u00e4 lampulla<\/li>\n<li>Kuplaj\u00e4rjestelm\u00e4, 8 suutinta<\/li>\n<li>Kuplaj\u00e4rjestelm\u00e4, 16 suutinta<\/li>\n<li>Digitaalinen l\u00e4mp\u00f6mittari<\/li>\n<li>Piipun jatko-osa 1 m<\/li>\n<li>Kipin\u00e4suoja<\/li>\n<li>Jalkakylpy<\/li>\n<li>Melo<\/li>\n<li>Kylpyl\u00e4n pohja<\/li>\n<li>Mukiteline 1 kpl<\/li>\n<li>Mukiteline 2 kpl<\/li>\n<li>Mukiteline 3 kpl<\/li>\n<li>Pitk\u00e4 mukiteline 1 kpl<\/li>\n<li>Pitk\u00e4 mukiteline 2 kpl<\/li>\n<li>Isot portaat<\/li>\n<li>Suodatin kylpytynnyrin sis\u00e4ll\u00e4<\/li>\n<li>Suodatusj\u00e4rjestelm\u00e4 + suodatuspallot + korkit 2 kpl<\/li>\n<li>Suodatusj\u00e4rjestelm\u00e4n kaappi<\/li>\n<li>Dutrion-tabletit veden puhdistukseen<\/li>\n<\/ul>\n<p>&nbsp;<\/p>\n","protected":false},"excerpt":{"rendered":"<p>Kylpytynnyri on loistava tapa rentoutumiseksi ja se sopii t\u00e4ydellisesti puutarhaan tai m\u00f6kille.<\/p>\n","protected":false},"featured_media":23675,"comment_status":"open","ping_status":"closed","template":"","meta":{"_acf_changed":false},"factory":[],"free-shipment":[],"product_brand":[],"product_cat":[2208,2586],"product_tag":[990],"class_list":{"0":"post-25749","1":"product","2":"type-product","3":"status-publish","4":"has-post-thumbnail","6":"product_cat-hot-tubs-2","7":"product_cat-fiberglass-hot-tubs","8":"product_tag-hot-tub","10":"first","11":"instock","12":"sale","13":"taxable","14":"shipping-taxable","15":"purchasable","16":"product-type-simple"},"acf":[],"_links":{"self":[{"href":"https:\/\/factory.sale\/fi\/wp-json\/wp\/v2\/product\/25749","targetHints":{"allow":["GET"]}}],"collection":[{"href":"https:\/\/factory.sale\/fi\/wp-json\/wp\/v2\/product"}],"about":[{"href":"https:\/\/factory.sale\/fi\/wp-json\/wp\/v2\/types\/product"}],"replies":[{"embeddable":true,"href":"https:\/\/factory.sale\/fi\/wp-json\/wp\/v2\/comments?post=25749"}],"wp:featuredmedia":[{"embeddable":true,"href":"https:\/\/factory.sale\/fi\/wp-json\/wp\/v2\/media\/23675"}],"wp:attachment":[{"href":"https:\/\/factory.sale\/fi\/wp-json\/wp\/v2\/media?parent=25749"}],"wp:term":[{"taxonomy":"factory","embeddable":true,"href":"https:\/\/factory.sale\/fi\/wp-json\/wp\/v2\/factory?post=25749"},{"taxonomy":"free-shipment","embeddable":true,"href":"https:\/\/factory.sale\/fi\/wp-json\/wp\/v2\/free-shipment?post=25749"},{"taxonomy":"product_brand","embeddable":true,"href":"https:\/\/factory.sale\/fi\/wp-json\/wp\/v2\/product_brand?post=25749"},{"taxonomy":"product_cat","embeddable":true,"href":"https:\/\/factory.sale\/fi\/wp-json\/wp\/v2\/product_cat?post=25749"},{"taxonomy":"product_tag","embeddable":true,"href":"https:\/\/factory.sale\/fi\/wp-json\/wp\/v2\/product_tag?post=25749"}],"curies":[{"name":"wp","href":"https:\/\/api.w.org\/{rel}","templated":true}]}}