{"id":25409,"date":"2023-03-22T14:02:11","date_gmt":"2023-03-22T14:14:42","guid":{"rendered":"https:\/\/factory.sale\/?post_type=product&#038;p=25409"},"modified":"2024-06-25T20:31:30","modified_gmt":"2024-06-25T20:31:30","slug":"tikkurila-valtti-terrace-oil-kaluste-ja-terassioljy-9l-ruskea","status":"publish","type":"product","link":"https:\/\/factory.sale\/fi\/tuote\/tikkurila-valtti-terrace-oil-kaluste-ja-terassioljy-9l-ruskea\/","title":{"rendered":"Tikkurila Valtti Terrace Oil kaluste- ja terassi\u00f6ljy 9l, ruskea"},"content":{"rendered":"<p><span style=\"font-weight: 400;\">Erikoispigmentoitu liuoteohenteinen puu\u00f6ljy puisille terasseille ja ulkokalusteille.<\/span><\/p>\n<p><span style=\"font-weight: 400;\">Valtti Kaluste- ja terassi\u00f6ljy on v\u00e4rillinen puu\u00f6ljy ulkok\u00e4ytt\u00f6\u00f6n, esimerkiksi pihakalusteiden, terassien ja laiturien k\u00e4sittelemiseen. \u00d6ljy suojaa puupintaa kosteudelta ja lialta sek\u00e4 v\u00e4hent\u00e4\u00e4 sen halkeilua.<\/span><\/p>\n<p>&nbsp;<\/p>\n<p><strong>KUVAUS<\/strong><\/p>\n<p><span style=\"font-weight: 400;\">Liuotinohenteinen Valtti Kaluste- ja terassi\u00f6ljy sopii kestopuulle, kovapuulle, l\u00e4mp\u00f6k\u00e4sitellylle ja k\u00e4sittelem\u00e4tt\u00f6m\u00e4lle puulle. V\u00e4rivaihtoehtoina on ruskea, kelonharmaa ja musta, mutta alustan v\u00e4ri vaikuttaa pinnan lopulliseen s\u00e4vyyn. Erityisesti kelonharmaa \u00f6ljy sopii parhaiten haalistuneelle, neutraalin v\u00e4riselle puulle. Jo harmaantunut ja nukkainen puu imee \u00f6ljy\u00e4 voimakkaasti, lopputuloksesta tulee tummempi. \u00d6ljylle kannattaakin tehd\u00e4 koesively: kokeile sit\u00e4 huomaamattomaan kohtaan ennen koko k\u00e4sittely\u00e4 lopullisen s\u00e4vyn selvitt\u00e4miseksi.\u00a0<\/span><\/p>\n<p><span style=\"font-weight: 400;\">Valtti Kaluste- ja terassi\u00f6ljyll\u00e4 k\u00e4sitelty pinta on pintakuiva muutaman tunnin kuluttua. Kuivumisaikaan vaikuttavat pinnan huokoisuus, k\u00e4ytetyn puu\u00f6ljyn m\u00e4\u00e4r\u00e4 sek\u00e4 s\u00e4\u00e4tila. Seuraava k\u00e4sittely voidaan tehd\u00e4 pinnan kuivuttua, muutaman tunnin kuluttua.\u00a0<\/span><\/p>\n<ul>\n<li><span style=\"font-weight: 400;\"> riittoisuus: n. 5\u20137 m\u00b2\/l pinnan huokoisuudesta riippuen\u00a0<\/span><\/li>\n<li><span style=\"font-weight: 400;\"> tiheys 0,9 kg\/l\u00a0<\/span><\/li>\n<li><span style=\"font-weight: 400;\"> kuiva-ainepitoisuus n. 25 tilavuusprosenttia\u00a0<\/span><\/li>\n<\/ul>\n<p>&nbsp;<\/p>\n<p><strong>ESIK\u00c4SITTELY\u00a0<\/strong><\/p>\n<p><span style=\"font-weight: 400;\">K\u00e4sittelem\u00e4t\u00f6n pinta Puhdista Valtti-puu\u00f6ljyll\u00e4 k\u00e4sitelt\u00e4v\u00e4 puupinta liasta, p\u00f6lyst\u00e4 ja irtoavasta aineksesta. K\u00e4yt\u00e4 tarvittaessa homepesuainetta.\u00a0<\/span><\/p>\n<p><span style=\"font-weight: 400;\">Aikaisemmin puu\u00f6ljyll\u00e4 k\u00e4sitelty pinta Poista pinnalta irtoava aines kaapimella tai ter\u00e4sharjalla. Puhdista pinta liasta ja pese tarvittaessa homepesuaineella. Jos puun pinnalle j\u00e4\u00e4 selv\u00e4 kalvo, poista se ennen \u00f6ljy\u00e4mist\u00e4.\u00a0<\/span><\/p>\n<p>&nbsp;<\/p>\n<p><strong>K\u00c4SITTELY\u00a0<\/strong><\/p>\n<p><span style=\"font-weight: 400;\">Sekoita puu\u00f6ljy huolellisesti ennen k\u00e4ytt\u00f6\u00e4 ja my\u00f6s k\u00e4yt\u00f6n aikana. Levit\u00e4 \u00f6ljy siveltimell\u00e4 tai sienell\u00e4 siten, ett\u00e4 kaikki \u00f6ljy imeytyy puuhun. Pyyhi tarvittaessa ylim\u00e4\u00e4r\u00e4inen, imeytym\u00e4t\u00f6n \u00f6ljy pois. Sivele tasaisesti ja yht\u00e4jaksoisesti koko laudan pituudelta jatkoskohtien v\u00e4ltt\u00e4miseksi. K\u00e4sittele pihakalusteet kertaalleen \u2013 huokoinen puu voi vaatia kaksi k\u00e4sittelykertaa.\u00a0<\/span><\/p>\n<p><span style=\"font-weight: 400;\">Tee huoltok\u00e4sittely tarvittaessa. Jatkuvassa s\u00e4\u00e4rasituksessa olevat pinnat kannattaa k\u00e4sitell\u00e4 puu\u00f6ljyll\u00e4 vuosittain. Kohtele k\u00e4sitelty\u00e4 pintaa hell\u00e4varaisesti noin viikon ajan. Ty\u00f6v\u00e4lineet voi pest\u00e4 lakkabensiinill\u00e4.\u00a0<\/span><\/p>\n<p>&nbsp;<\/p>\n<p><span style=\"font-weight: 400;\"><strong>K\u00e4sittelyolosuhteet<\/strong>\u00a0<\/span><\/p>\n<p><span style=\"font-weight: 400;\">K\u00e4sitelt\u00e4v\u00e4n pinnan tulee olla kuiva ja puun kosteuspitoisuuden alle 20 %, sill\u00e4 m\u00e4rk\u00e4 puu ei ime \u00f6ljy\u00e4. K\u00e4sittelyn ja kuivumisen aikana tulee ilman, pinnan ja puunsuojan l\u00e4mp\u00f6tilan olla yli +5 \u00b0C ja ilman suhteellisen kosteuden alle 80 %.\u00a0<\/span><\/p>\n<p><span style=\"font-weight: 400;\"><strong>Muista my\u00f6s:<\/strong> homeenpoistoaine, siveltimet, ty\u00f6vaatteet ja -k\u00e4sineet, hengityssuojaimet, maalarinteipit ja suojamuovit.<\/span><\/p>\n<p>&nbsp;<\/p>\n<p>&nbsp;<\/p>\n<p><a href=\"https:\/\/factory.sale\/wp-content\/uploads\/2023\/03\/ASSET_PDF_24477005.pdf\" target=\"_blank\" rel=\"noopener\">K\u00c4YTT\u00d6TURVALLISUUSTIEDOTE<\/a><\/p>\n<p>&nbsp;<\/p>\n","protected":false},"excerpt":{"rendered":"<p><span style=\"font-weight: 400;\">Erikoispigmentoitu liuoteohenteinen puu\u00f6ljy puisille terasseille ja ulkokalusteille.\u00a0<\/span><span style=\"font-weight: 400;\">Valtti Kaluste- ja terassi\u00f6ljy on v\u00e4rillinen puu\u00f6ljy ulkok\u00e4ytt\u00f6\u00f6n, esimerkiksi pihakalusteiden, terassien ja laiturien k\u00e4sittelemiseen. \u00d6ljy suojaa puupintaa kosteudelta ja lialta sek\u00e4 v\u00e4hent\u00e4\u00e4 sen halkeilua.<\/span><\/p>\n<p>&nbsp;<\/p>\n","protected":false},"featured_media":25406,"comment_status":"open","ping_status":"closed","template":"","meta":{"_acf_changed":false},"factory":[],"free-shipment":[],"product_brand":[],"product_cat":[997,2362],"product_tag":[],"class_list":{"0":"post-25409","1":"product","2":"type-product","3":"status-publish","4":"has-post-thumbnail","6":"product_cat-piha-puutarha-fi","7":"product_cat-terassioljyt","9":"first","10":"instock","11":"sale","12":"taxable","13":"shipping-taxable","14":"purchasable","15":"product-type-simple"},"acf":[],"_links":{"self":[{"href":"https:\/\/factory.sale\/fi\/wp-json\/wp\/v2\/product\/25409","targetHints":{"allow":["GET"]}}],"collection":[{"href":"https:\/\/factory.sale\/fi\/wp-json\/wp\/v2\/product"}],"about":[{"href":"https:\/\/factory.sale\/fi\/wp-json\/wp\/v2\/types\/product"}],"replies":[{"embeddable":true,"href":"https:\/\/factory.sale\/fi\/wp-json\/wp\/v2\/comments?post=25409"}],"wp:featuredmedia":[{"embeddable":true,"href":"https:\/\/factory.sale\/fi\/wp-json\/wp\/v2\/media\/25406"}],"wp:attachment":[{"href":"https:\/\/factory.sale\/fi\/wp-json\/wp\/v2\/media?parent=25409"}],"wp:term":[{"taxonomy":"factory","embeddable":true,"href":"https:\/\/factory.sale\/fi\/wp-json\/wp\/v2\/factory?post=25409"},{"taxonomy":"free-shipment","embeddable":true,"href":"https:\/\/factory.sale\/fi\/wp-json\/wp\/v2\/free-shipment?post=25409"},{"taxonomy":"product_brand","embeddable":true,"href":"https:\/\/factory.sale\/fi\/wp-json\/wp\/v2\/product_brand?post=25409"},{"taxonomy":"product_cat","embeddable":true,"href":"https:\/\/factory.sale\/fi\/wp-json\/wp\/v2\/product_cat?post=25409"},{"taxonomy":"product_tag","embeddable":true,"href":"https:\/\/factory.sale\/fi\/wp-json\/wp\/v2\/product_tag?post=25409"}],"curies":[{"name":"wp","href":"https:\/\/api.w.org\/{rel}","templated":true}]}}