{"id":25391,"date":"2023-03-22T13:31:45","date_gmt":"2023-03-22T13:42:56","guid":{"rendered":"https:\/\/factory.sale\/?post_type=product&#038;p=25391"},"modified":"2024-06-25T12:03:15","modified_gmt":"2024-06-25T12:03:15","slug":"tikkurila-valtti-puuoljy-72l-ec-savytettava","status":"publish","type":"product","link":"https:\/\/factory.sale\/fi\/tuote\/tikkurila-valtti-puuoljy-72l-ec-savytettava\/","title":{"rendered":"Tikkurila Valtti Puu\u00f6ljy 7,2l EC s\u00e4vytett\u00e4v\u00e4"},"content":{"rendered":"<p><span style=\"font-weight: 400;\">Perinteisell\u00e4 Valtti Wood Oil -puu\u00f6ljyll\u00e4 suojaat ja kaunistat pihasi puiset rakenteet. Puu\u00f6ljy suojaa puuta kosteudelta ja lialta. Puu\u00f6ljy on helppo levitt\u00e4\u00e4. Imeytyy helposti uuteen tai aiemmin \u00f6ljyk\u00e4siteltyyn puupintaan.<\/span><\/p>\n<ul>\n<li style=\"font-weight: 400;\" aria-level=\"1\"><span style=\"font-weight: 400;\">riittoisuus 5\u201315 m\u00b2\/l<\/span><\/li>\n<li style=\"font-weight: 400;\" aria-level=\"1\"><span style=\"font-weight: 400;\">vesiohenteinen<\/span><\/li>\n<\/ul>\n<p>&nbsp;<\/p>\n<p>&nbsp;<\/p>\n<p><strong>Kuvaus<\/strong><\/p>\n<p><span style=\"font-weight: 400;\">Valtti Plus Wood Oil on kasvi\u00f6ljypohjainen vesiohenteinen puu\u00f6ljyemulsio ulkok\u00e4ytt\u00f6\u00f6n. Puu\u00f6ljy suojaa puupintaa kosteudelta ja lialta sek\u00e4 v\u00e4hent\u00e4\u00e4 halkeilua. Valtti Plus Wood Oil -puu\u00f6ljyn orgaanisen hiilen kokonaism\u00e4\u00e4r\u00e4st\u00e4 75 % on korvattu biopohjaisella osuudella mik\u00e4 tarkoittaa, ett\u00e4 18 % tuotteen kokonaispitoisuudesta on biopohjaista.\u00a0<\/span><\/p>\n<p><span style=\"font-weight: 400;\">Tikkurilan Valtti Plus Wood Oil -puu\u00f6ljy sopii esimerkiksi pihakalusteiden, terassien ja laiturien k\u00e4sittelemiseen. Sill\u00e4 voit suojata puupuhtaat tai aikaisemmin \u00f6ljyll\u00e4 k\u00e4sitellyt pinnat. Valtti Plus Wood Oil sopii kestopuulle, kovapuulle, l\u00e4mp\u00f6k\u00e4sitellylle ja k\u00e4sittelem\u00e4tt\u00f6m\u00e4lle puulle. Tuotetta voi k\u00e4ytt\u00e4\u00e4 s\u00e4vytt\u00e4m\u00e4tt\u00f6m\u00e4n\u00e4, mutta s\u00e4vytettyn\u00e4 se suojaa puupintaa paremmin s\u00e4\u00e4n vaikutuksilta.\u00a0<\/span><\/p>\n<p><span style=\"font-weight: 400;\">Puu\u00f6ljyll\u00e4 k\u00e4sitelty pinta on pintakuiva muutaman tunnin kuluttua. Kuivumisaikaan vaikuttavat pinnan huokoisuus, k\u00e4ytetyn puu\u00f6ljyn m\u00e4\u00e4r\u00e4 sek\u00e4 s\u00e4\u00e4tila. Seuraava k\u00e4sittely voidaan tehd\u00e4 pinnan kuivuttua, muutaman tunnin kuluttua.\u00a0<\/span><\/p>\n<ul>\n<li><span style=\"font-weight: 400;\"> v\u00e4ri: v\u00e4rit\u00f6n, s\u00e4vytett\u00e4viss\u00e4\u00a0<\/span><\/li>\n<li><span style=\"font-weight: 400;\"> riittoisuus: 5\u20137 m\u00b2\/l vanhalle ja kuluneelle puupinnalle, 7\u201315 m\u00b2\/l uudelle tai hyv\u00e4kuntoiselle puupinnalle\u00a0<\/span><\/li>\n<li><span style=\"font-weight: 400;\"> tiheys 1,0 kg\/l\u00a0<\/span><\/li>\n<li><span style=\"font-weight: 400;\"> kuiva-ainepitoisuus n. 18 tilavuusprosenttia\u00a0<\/span><\/li>\n<\/ul>\n<p>&nbsp;<\/p>\n<p><strong>ESIK\u00c4SITTELY\u00a0<\/strong><\/p>\n<ul>\n<li><span style=\"font-weight: 400;\">K\u00e4sittelem\u00e4t\u00f6n pinta\u00a0<\/span><\/li>\n<li><span style=\"font-weight: 400;\">Puhdista puu\u00f6ljyll\u00e4 k\u00e4sitelt\u00e4v\u00e4 puupinta liasta, p\u00f6lyst\u00e4 ja irtoavasta aineksesta. K\u00e4yt\u00e4 tarvittaessa homepesuainetta.\u00a0<\/span><\/li>\n<li><span style=\"font-weight: 400;\">Aikaisemmin puu\u00f6ljyll\u00e4 k\u00e4sitelty pinta Poista pinnalta irtoava aines kaapimella tai ter\u00e4sharjalla. Puhdista pinta liasta ja pese tarvittaessa homepesuaineella. Jos puun pinnalle j\u00e4\u00e4 selv\u00e4 kalvo, poista se ennen \u00f6ljy\u00e4mist\u00e4.\u00a0<\/span><\/li>\n<\/ul>\n<p>&nbsp;<\/p>\n<p><strong>K\u00c4SITTELY\u00a0<\/strong><\/p>\n<p><span style=\"font-weight: 400;\">Sekoita puu\u00f6ljy huolellisesti ennen k\u00e4ytt\u00f6\u00e4 ja my\u00f6s k\u00e4yt\u00f6n aikana. Levit\u00e4 \u00f6ljy siveltimell\u00e4 tai sienell\u00e4 siten, ett\u00e4 kaikki \u00f6ljy imeytyy puuhun. Pyyhi tarvittaessa ylim\u00e4\u00e4r\u00e4inen, imeytym\u00e4t\u00f6n \u00f6ljy pois. Sivele tasaisesti ja yht\u00e4jaksoisesti koko laudan pituudelta jatkoskohtien v\u00e4ltt\u00e4miseksi. K\u00e4sittele pihakalusteet kertaalleen \u2013 huokoinen puu voi vaatia kaksi k\u00e4sittelykertaa.\u00a0<\/span><\/p>\n<p><span style=\"font-weight: 400;\">Tee huoltok\u00e4sittely tarvittaessa. Jatkuvassa s\u00e4\u00e4rasituksessa olevat pinnat kannattaa k\u00e4sitell\u00e4 puu\u00f6ljyll\u00e4 vuosittain. Kohtele k\u00e4sitelty\u00e4 pintaa hell\u00e4varaisesti noin viikon ajan. Ty\u00f6v\u00e4lineet voi pest\u00e4 vedell\u00e4 ja saippualla.\u00a0<\/span><\/p>\n<p>&nbsp;<\/p>\n<p><strong>K\u00e4sittelyolosuhteet\u00a0<\/strong><\/p>\n<p><span style=\"font-weight: 400;\">K\u00e4sitelt\u00e4v\u00e4n pinnan tulee olla kuiva ja puun kosteuspitoisuuden alle 20 %, sill\u00e4 m\u00e4rk\u00e4 puu ei ime \u00f6ljy\u00e4. K\u00e4sittelyn ja kuivumisen aikana tulee ilman, pinnan ja puunsuojan l\u00e4mp\u00f6tilan olla yli +5 \u00b0C ja ilman suhteellisen kosteuden alle 80 %.\u00a0<\/span><\/p>\n<p><span style=\"font-weight: 400;\"><strong>Muista my\u00f6s:<\/strong> homeenpoistoaine, siveltimet, ty\u00f6vaatteet ja -k\u00e4sineet, hengityssuojaimet, maalarinteipit ja suojamuovit.<\/span><\/p>\n<p>&nbsp;<\/p>\n<p>&nbsp;<\/p>\n<p><a href=\"https:\/\/factory.sale\/wp-content\/uploads\/2023\/03\/ASSET_PDF_28984460.pdf\" target=\"_blank\" rel=\"noopener\">K\u00c4YTT\u00d6TURVALLISUUSTIEDOTE<\/a><\/p>\n<p><a href=\"https:\/\/factory.sale\/wp-content\/uploads\/2023\/03\/ASSET_PDF_28984474.pdf\" target=\"_blank\" rel=\"noopener\">TUOTESELOSTE<\/a><\/p>\n","protected":false},"excerpt":{"rendered":"<p>Liuotinohenteinen puu\u00f6ljy ulkok\u00e4ytt\u00f6\u00f6n. Suojaa puuta hyvin kosteudelta tehden siit\u00e4 s\u00e4\u00e4nkest\u00e4v\u00e4n. S\u00e4vytett\u00e4viss\u00e4 laajaan v\u00e4rivalikoimaan. Helppo levitt\u00e4\u00e4.<\/p>\n<ul>\n<li>Suojaa kosteudelta<\/li>\n<li>Laaja v\u00e4rivalikoima<\/li>\n<li>Helppo levitt\u00e4\u00e4<\/li>\n<\/ul>\n","protected":false},"featured_media":25387,"comment_status":"open","ping_status":"closed","template":"","meta":{"_acf_changed":false},"factory":[],"free-shipment":[],"product_brand":[],"product_cat":[997,2362],"product_tag":[1488,617,1489],"class_list":{"0":"post-25391","1":"product","2":"type-product","3":"status-publish","4":"has-post-thumbnail","6":"product_cat-piha-puutarha-fi","7":"product_cat-terassioljyt","8":"product_tag-garden-fi","9":"product_tag-wood-fi","10":"product_tag-yard-fi","12":"first","13":"instock","14":"sale","15":"taxable","16":"shipping-taxable","17":"purchasable","18":"product-type-simple"},"acf":[],"_links":{"self":[{"href":"https:\/\/factory.sale\/fi\/wp-json\/wp\/v2\/product\/25391","targetHints":{"allow":["GET"]}}],"collection":[{"href":"https:\/\/factory.sale\/fi\/wp-json\/wp\/v2\/product"}],"about":[{"href":"https:\/\/factory.sale\/fi\/wp-json\/wp\/v2\/types\/product"}],"replies":[{"embeddable":true,"href":"https:\/\/factory.sale\/fi\/wp-json\/wp\/v2\/comments?post=25391"}],"wp:featuredmedia":[{"embeddable":true,"href":"https:\/\/factory.sale\/fi\/wp-json\/wp\/v2\/media\/25387"}],"wp:attachment":[{"href":"https:\/\/factory.sale\/fi\/wp-json\/wp\/v2\/media?parent=25391"}],"wp:term":[{"taxonomy":"factory","embeddable":true,"href":"https:\/\/factory.sale\/fi\/wp-json\/wp\/v2\/factory?post=25391"},{"taxonomy":"free-shipment","embeddable":true,"href":"https:\/\/factory.sale\/fi\/wp-json\/wp\/v2\/free-shipment?post=25391"},{"taxonomy":"product_brand","embeddable":true,"href":"https:\/\/factory.sale\/fi\/wp-json\/wp\/v2\/product_brand?post=25391"},{"taxonomy":"product_cat","embeddable":true,"href":"https:\/\/factory.sale\/fi\/wp-json\/wp\/v2\/product_cat?post=25391"},{"taxonomy":"product_tag","embeddable":true,"href":"https:\/\/factory.sale\/fi\/wp-json\/wp\/v2\/product_tag?post=25391"}],"curies":[{"name":"wp","href":"https:\/\/api.w.org\/{rel}","templated":true}]}}