{"id":25309,"date":"2023-02-23T23:59:37","date_gmt":"2023-03-21T09:58:13","guid":{"rendered":"https:\/\/factory.sale\/?post_type=product&#038;p=25309"},"modified":"2026-03-13T12:02:23","modified_gmt":"2026-03-13T09:02:23","slug":"ulkopuolinen-kamiina-45-kw","status":"publish","type":"product","link":"https:\/\/factory.sale\/fi\/tuote\/ulkopuolinen-kamiina-45-kw\/","title":{"rendered":"Ulkopuolinen kamiina 45 kw (vasen tai oikea liit\u00e4nt\u00e4)"},"content":{"rendered":"<p>Korkealaatuisesta merialumiinista valmistetut ulkoallasl\u00e4mmittimet erottuvat poikkeuksellisesta l\u00e4mp\u00f6tehokkuudestaan \u200b\u200bja pitk\u00e4kestoisuudestaan.<\/p>\n<p>Alumiinin l\u00e4mm\u00f6njohtavuus on noin 15 kertaa parempi kuin ruostumattomalla ter\u00e4ksell\u00e4, mik\u00e4 mahdollistaa veden nopeamman l\u00e4mmitt\u00e4misen ja noin 30 % pienemm\u00e4n puunkulutuksen. T\u00e4m\u00e4 s\u00e4\u00e4st\u00e4\u00e4 sek\u00e4 aikaa ett\u00e4 polttopuita, tehden siit\u00e4 kustannustehokkaan vaihtoehdon kylpytynnyrin omistajalle.<\/p>\n<p>3 mm paksu alumiini on kaksi kertaa paksumpaa kuin tavalliset ruostumattomasta ter\u00e4ksest\u00e4 valmistetut l\u00e4mmittimet, mutta silti 30 % kevyemp\u00e4\u00e4 ja tarjoaa sek\u00e4 kest\u00e4vyytt\u00e4 ett\u00e4 k\u00e4ytt\u00f6mukavuutta.<\/p>\n<p>Lis\u00e4ksi alumiinil\u00e4mmittimet s\u00e4ilytt\u00e4v\u00e4t muotonsa ajan mittaan, mik\u00e4 takaa tasaisen suorituskyvyn ja pidemm\u00e4n k\u00e4ytt\u00f6i\u00e4n.<\/p>\n<p>Tuotetiedot:<\/p>\n<ul>\n<li>Mitat: 600 x 515x 540 mm<\/li>\n<li>Tulipes\u00e4n syvyys: 540 mm<\/li>\n<li>Liit\u00e4nn\u00e4t: kolme 75 mm liit\u00e4nt\u00e4\u00e4 kiukaan sivulla (oikea- ja vasenk\u00e4tinen vedenkierto)<\/li>\n<li>Teho: 45 kW<\/li>\n<li>Polttopuun pituus: max. 50 cm<\/li>\n<\/ul>\n<p>Pakkaus sis\u00e4lt\u00e4\u00e4:<\/p>\n<ul>\n<li>2 metrin moduulipiippu, jossa ruostumattomasta ter\u00e4ksest\u00e4 valmistettu py\u00f6re\u00e4 kansi (\u00d8 150 mm)<\/li>\n<li>T\u00e4ydellinen liit\u00e4nt\u00e4sarja letkuilla: 2 \u00d7 350 mm letkut yl\u00e4liit\u00e4nt\u00f6ihin ja 1 \u00d7 700 mm letku alaliit\u00e4nt\u00e4\u00e4n + klemmarit.<\/li>\n<li>L\u00e4piviennit (3 kpl) \u2013 <a href=\"https:\/\/factory.sale\/wp-content\/uploads\/2023\/02\/hot-tub-connections-colour-options-factory-sale.webp\" target=\"_blank\" rel=\"noopener\">saatavilla eri v\u00e4reiss\u00e4:\u00a0sininen, tummanharmaa ja vaaleanharmaa.<\/a><\/li>\n<li>Musta maalattu alumiininen etupaneeli ja ovi, erillinen tuhkalaatikko.<\/li>\n<li>Voit valita joko vasemman- tai oikeanpuoleiset liit\u00e4nn\u00e4t.<\/li>\n<\/ul>\n","protected":false},"excerpt":{"rendered":"<p>L\u00e4mmitin on tarkoitettu veden l\u00e4mmitt\u00e4miseen kylpytynnyreiss\u00e4, joiden tilavuus on 500\u20133000 litraa. L\u00e4mmittimess\u00e4 voidaan polttaa eri puulajeja, kuten koivua, kuusta tai m\u00e4nty\u00e4.<\/p>\n<p>&nbsp;<\/p>\n<p>&nbsp;<\/p>\n","protected":false},"featured_media":23574,"comment_status":"open","ping_status":"closed","template":"","meta":{"_acf_changed":false},"factory":[],"free-shipment":[],"product_brand":[],"product_cat":[2309,1329],"product_tag":[],"class_list":{"0":"post-25309","1":"product","2":"type-product","3":"status-publish","4":"has-post-thumbnail","6":"product_cat-kylpytynnyrin-kamiinat","7":"product_cat-uunit","9":"first","10":"instock","11":"sale","12":"taxable","13":"shipping-taxable","14":"purchasable","15":"product-type-simple"},"acf":[],"_links":{"self":[{"href":"https:\/\/factory.sale\/fi\/wp-json\/wp\/v2\/product\/25309","targetHints":{"allow":["GET"]}}],"collection":[{"href":"https:\/\/factory.sale\/fi\/wp-json\/wp\/v2\/product"}],"about":[{"href":"https:\/\/factory.sale\/fi\/wp-json\/wp\/v2\/types\/product"}],"replies":[{"embeddable":true,"href":"https:\/\/factory.sale\/fi\/wp-json\/wp\/v2\/comments?post=25309"}],"wp:featuredmedia":[{"embeddable":true,"href":"https:\/\/factory.sale\/fi\/wp-json\/wp\/v2\/media\/23574"}],"wp:attachment":[{"href":"https:\/\/factory.sale\/fi\/wp-json\/wp\/v2\/media?parent=25309"}],"wp:term":[{"taxonomy":"factory","embeddable":true,"href":"https:\/\/factory.sale\/fi\/wp-json\/wp\/v2\/factory?post=25309"},{"taxonomy":"free-shipment","embeddable":true,"href":"https:\/\/factory.sale\/fi\/wp-json\/wp\/v2\/free-shipment?post=25309"},{"taxonomy":"product_brand","embeddable":true,"href":"https:\/\/factory.sale\/fi\/wp-json\/wp\/v2\/product_brand?post=25309"},{"taxonomy":"product_cat","embeddable":true,"href":"https:\/\/factory.sale\/fi\/wp-json\/wp\/v2\/product_cat?post=25309"},{"taxonomy":"product_tag","embeddable":true,"href":"https:\/\/factory.sale\/fi\/wp-json\/wp\/v2\/product_tag?post=25309"}],"curies":[{"name":"wp","href":"https:\/\/api.w.org\/{rel}","templated":true}]}}