{"id":25307,"date":"2023-02-23T23:58:29","date_gmt":"2023-03-21T09:54:25","guid":{"rendered":"https:\/\/factory.sale\/?post_type=product&#038;p=25307"},"modified":"2026-05-08T17:05:27","modified_gmt":"2026-05-08T14:05:27","slug":"ulkopuolinen-kamiina-40-kw","status":"publish","type":"product","link":"https:\/\/factory.sale\/fi\/tuote\/ulkopuolinen-kamiina-40-kw\/","title":{"rendered":"Ulkopuolinen kamiina 40 kw (takaliit\u00e4nt\u00e4)"},"content":{"rendered":"<p>Korkealaatuisesta merialumiinista valmistetut ulkoallasl\u00e4mmittimet erottuvat poikkeuksellisesta l\u00e4mp\u00f6tehokkuudestaan \u200b\u200bja pitk\u00e4kestoisuudestaan.<\/p>\n<p>Alumiinin l\u00e4mm\u00f6njohtavuus on noin 15 kertaa parempi kuin ruostumattomalla ter\u00e4ksell\u00e4, mik\u00e4 mahdollistaa veden nopeamman l\u00e4mmitt\u00e4misen ja noin 30 % pienemm\u00e4n puunkulutuksen. T\u00e4m\u00e4 s\u00e4\u00e4st\u00e4\u00e4 sek\u00e4 aikaa ett\u00e4 polttopuita, tehden siit\u00e4 kustannustehokkaan vaihtoehdon kylpytynnyrin omistajille.<\/p>\n<p>3 mm paksu alumiini on kaksi kertaa paksumpaa kuin tavalliset ruostumattomasta ter\u00e4ksest\u00e4 valmistetut l\u00e4mmittimet, mutta silti 30 % kevyemp\u00e4\u00e4, mik\u00e4 tarjoaa sek\u00e4 kest\u00e4vyytt\u00e4 ett\u00e4 k\u00e4ytt\u00f6mukavuutta.<\/p>\n<p>Lis\u00e4ksi alumiinil\u00e4mmittimet s\u00e4ilytt\u00e4v\u00e4t muotonsa ajan mittaan, mik\u00e4 takaa tasaisen suorituskyvyn ja pidemm\u00e4n k\u00e4ytt\u00f6i\u00e4n.<\/p>\n<p>Lis\u00e4tehokkuuden saavuttamiseksi l\u00e4mmittimess\u00e4 on kaksi ylim\u00e4\u00e4r\u00e4ist\u00e4 sis\u00e4putkea, jotka lyhent\u00e4v\u00e4t l\u00e4mmitysaikaa. Laadukas MIG-hitsaus varmistaa siistin ja viimeistellyn ulkon\u00e4\u00f6n, ja kaikki hitsit on tarkasti testattu tiiviyden ja luotettavuuden varmistamiseksi.<\/p>\n<p>Tuotetiedot:<\/p>\n<ul>\n<li>Mitat: 600 x 480 x 580 mm<\/li>\n<li>Tulipes\u00e4n syvyys: 540 mm<\/li>\n<li>Liit\u00e4nn\u00e4t: kaksi liit\u00e4nt\u00e4\u00e4 takana<\/li>\n<li>Teho: 40 kW<\/li>\n<\/ul>\n","protected":false},"excerpt":{"rendered":"<p>L\u00e4mmitin on tarkoitettu veden l\u00e4mmitt\u00e4miseen kylpytynnyreiss\u00e4, joiden tilavuus on 500\u20133000 litraa. L\u00e4mmittimess\u00e4 voidaan polttaa eri puulajeja, kuten koivua, kuusta tai m\u00e4nty\u00e4.<\/p>\n<p>&nbsp;<\/p>\n<p>&nbsp;<\/p>\n","protected":false},"featured_media":23583,"comment_status":"open","ping_status":"closed","template":"","meta":{"_acf_changed":false},"factory":[4998],"free-shipment":[],"product_brand":[],"product_cat":[2309,1329],"product_tag":[],"class_list":{"0":"post-25307","1":"product","2":"type-product","3":"status-publish","4":"has-post-thumbnail","6":"factory-barrelstar","7":"product_cat-kylpytynnyrin-kamiinat","8":"product_cat-uunit","10":"first","11":"instock","12":"sale","13":"taxable","14":"shipping-taxable","15":"purchasable","16":"product-type-simple"},"acf":[],"_links":{"self":[{"href":"https:\/\/factory.sale\/fi\/wp-json\/wp\/v2\/product\/25307","targetHints":{"allow":["GET"]}}],"collection":[{"href":"https:\/\/factory.sale\/fi\/wp-json\/wp\/v2\/product"}],"about":[{"href":"https:\/\/factory.sale\/fi\/wp-json\/wp\/v2\/types\/product"}],"replies":[{"embeddable":true,"href":"https:\/\/factory.sale\/fi\/wp-json\/wp\/v2\/comments?post=25307"}],"wp:featuredmedia":[{"embeddable":true,"href":"https:\/\/factory.sale\/fi\/wp-json\/wp\/v2\/media\/23583"}],"wp:attachment":[{"href":"https:\/\/factory.sale\/fi\/wp-json\/wp\/v2\/media?parent=25307"}],"wp:term":[{"taxonomy":"factory","embeddable":true,"href":"https:\/\/factory.sale\/fi\/wp-json\/wp\/v2\/factory?post=25307"},{"taxonomy":"free-shipment","embeddable":true,"href":"https:\/\/factory.sale\/fi\/wp-json\/wp\/v2\/free-shipment?post=25307"},{"taxonomy":"product_brand","embeddable":true,"href":"https:\/\/factory.sale\/fi\/wp-json\/wp\/v2\/product_brand?post=25307"},{"taxonomy":"product_cat","embeddable":true,"href":"https:\/\/factory.sale\/fi\/wp-json\/wp\/v2\/product_cat?post=25307"},{"taxonomy":"product_tag","embeddable":true,"href":"https:\/\/factory.sale\/fi\/wp-json\/wp\/v2\/product_tag?post=25307"}],"curies":[{"name":"wp","href":"https:\/\/api.w.org\/{rel}","templated":true}]}}