{"id":25300,"date":"2023-03-21T08:54:11","date_gmt":"2023-03-21T08:58:09","guid":{"rendered":"https:\/\/factory.sale\/?post_type=product&#038;p=25300"},"modified":"2026-01-23T12:21:11","modified_gmt":"2026-01-23T09:21:11","slug":"saunum-kiuaskivet","status":"publish","type":"product","link":"https:\/\/factory.sale\/fi\/tuote\/saunum-kiuaskivet\/","title":{"rendered":"Saunum kiuaskivet 15kg"},"content":{"rendered":"<h3><strong>Kauniit ja py\u00f6ristetyt kiuaskivet sopivat kaikkiin kiukaisiin.<\/strong><\/h3>\n<p>&nbsp;<\/p>\n<ul>\n<li><span style=\"font-weight: 400;\">Kiven koko noin 10 cm<\/span><\/li>\n<li><span style=\"font-weight: 400;\">Noin 15kg\/laatikko<\/span><\/li>\n<\/ul>\n<p>&nbsp;<\/p>\n<p>&nbsp;<\/p>\n<p>Kiuaskivet on tarkoitettu ensisijaisesti ostettaviksi yhdess\u00e4 kiukaan tai sauna\u00adkiukaan kanssa ja ne myyd\u00e4\u00e4n tukkutuotteena. Erillistilauksissa on voimassa v\u00e4himm\u00e4istilausm\u00e4\u00e4r\u00e4 (lava).<\/p>\n","protected":false},"excerpt":{"rendered":"<p>Kauniit ja py\u00f6ristetyt kiuaskivet sopivat kaikkiin kiukaisiin.<\/p>\n","protected":false},"featured_media":25297,"comment_status":"open","ping_status":"closed","template":"","meta":{"_acf_changed":false},"factory":[],"free-shipment":[],"product_brand":[],"product_cat":[1629],"product_tag":[2106,1637,599],"class_list":{"0":"post-25300","1":"product","2":"type-product","3":"status-publish","4":"has-post-thumbnail","6":"product_cat-kiuaskivet","7":"product_tag-sauna-fi","8":"product_tag-sauna-stones-fi","9":"product_tag-saunum-2-fi","11":"first","12":"instock","13":"sale","14":"taxable","15":"shipping-taxable","16":"purchasable","17":"product-type-simple"},"acf":[],"_links":{"self":[{"href":"https:\/\/factory.sale\/fi\/wp-json\/wp\/v2\/product\/25300","targetHints":{"allow":["GET"]}}],"collection":[{"href":"https:\/\/factory.sale\/fi\/wp-json\/wp\/v2\/product"}],"about":[{"href":"https:\/\/factory.sale\/fi\/wp-json\/wp\/v2\/types\/product"}],"replies":[{"embeddable":true,"href":"https:\/\/factory.sale\/fi\/wp-json\/wp\/v2\/comments?post=25300"}],"wp:featuredmedia":[{"embeddable":true,"href":"https:\/\/factory.sale\/fi\/wp-json\/wp\/v2\/media\/25297"}],"wp:attachment":[{"href":"https:\/\/factory.sale\/fi\/wp-json\/wp\/v2\/media?parent=25300"}],"wp:term":[{"taxonomy":"factory","embeddable":true,"href":"https:\/\/factory.sale\/fi\/wp-json\/wp\/v2\/factory?post=25300"},{"taxonomy":"free-shipment","embeddable":true,"href":"https:\/\/factory.sale\/fi\/wp-json\/wp\/v2\/free-shipment?post=25300"},{"taxonomy":"product_brand","embeddable":true,"href":"https:\/\/factory.sale\/fi\/wp-json\/wp\/v2\/product_brand?post=25300"},{"taxonomy":"product_cat","embeddable":true,"href":"https:\/\/factory.sale\/fi\/wp-json\/wp\/v2\/product_cat?post=25300"},{"taxonomy":"product_tag","embeddable":true,"href":"https:\/\/factory.sale\/fi\/wp-json\/wp\/v2\/product_tag?post=25300"}],"curies":[{"name":"wp","href":"https:\/\/api.w.org\/{rel}","templated":true}]}}