{"id":24789,"date":"2023-03-15T12:59:47","date_gmt":"2023-03-15T13:10:38","guid":{"rendered":"https:\/\/factory.sale\/?post_type=product&#038;p=24789"},"modified":"2024-06-25T12:26:14","modified_gmt":"2024-06-25T12:26:14","slug":"tikkurila-ykkospohja-dispersiomaali-18-l","status":"publish","type":"product","link":"https:\/\/factory.sale\/fi\/tuote\/tikkurila-ykkospohja-dispersiomaali-18-l\/","title":{"rendered":"Tikkurila Ykk\u00f6spohja dispersiomaali 18 l"},"content":{"rendered":"<p><strong>Tuotekoodi: ykkos18<\/strong><\/p>\n<p>&nbsp;<\/p>\n<p>&nbsp;<\/p>\n<p><strong>OMINAISUUDET:<\/strong><\/p>\n<p><span style=\"font-weight: 400;\">Sis\u00e4maalaukseen, betoni-, rappaus-, tasoite- tiili- ja pahvipintojen sek\u00e4 lastu-, kipsilevy- ja puukuitulevypintojen pohja- ja pintamaalaukseen k\u00e4ytt\u00f6ohjeen mukaan. Tarttuu hyvin sinkittyihin pintoihin.<\/span><\/p>\n<p>&nbsp;<\/p>\n<p>&nbsp;<\/p>\n<p><span style=\"font-weight: 400;\"><br \/>\n<\/span><strong>K\u00c4YTT\u00d6KOHTEET:<\/strong><\/p>\n<p><span style=\"font-weight: 400;\">Sein\u00e4- ja kattopinnat tiloissa, joissa pintoihin voi kohdistua suuria mekaanisia rasituksia. Esim. keitti\u00f6t, liike-, luokka- ja potilashuoneet, porrashuoneet sek\u00e4 yleis\u00f6tilat.<\/span><\/p>\n<p>&nbsp;<\/p>\n<p>&nbsp;<\/p>\n<p>&nbsp;<\/p>\n<p><strong>RIITTOISUUS:<\/strong><\/p>\n<p><span style=\"font-weight: 400;\">Imeville pinnoille 7\u20139 m\u00b2\/l. Imem\u00e4tt\u00f6mille pinnoille 10\u201312 m\u00b2\/l.<\/span><\/p>\n<p>&nbsp;<\/p>\n<p>&nbsp;<\/p>\n<p><span style=\"font-weight: 400;\"><br \/>\n<\/span><strong>OHENNE:<\/strong><\/p>\n<p><span style=\"font-weight: 400;\">Vesiohenteinen<\/span><\/p>\n<p>&nbsp;<\/p>\n<p>&nbsp;<\/p>\n<p><span style=\"font-weight: 400;\"><br \/>\n<\/span><strong>TY\u00d6TAPA:<\/strong><\/p>\n<p><span style=\"font-weight: 400;\">ruiskutus, sivellin, tela<\/span><\/p>\n<p>&nbsp;<\/p>\n<p>&nbsp;<\/p>\n<p><strong>MAALAUSOLOSUHTEET:<\/strong><\/p>\n<p><span style=\"font-weight: 400;\">Maalattavan pinnan on oltava kuiva, l\u00e4mp\u00f6tilan v\u00e4hint\u00e4\u00e4n +5 \u00baC ja ilman suhteellisen kosteuden alle 80 %.<\/span><\/p>\n<p>&nbsp;<\/p>\n<p>&nbsp;<\/p>\n<p><span style=\"font-weight: 400;\"><br \/>\n<\/span><strong>PINNAN ESIK\u00c4SITTELY:<\/strong><\/p>\n<p><span style=\"font-weight: 400;\">Maalaamaton pinta: Puhdista pinnat liasta ja p\u00f6lyst\u00e4. Tasoita pinnat tarvittaessa kohteeseen soveltuvalla Tikkurilan Presto tai Prestonit tasoitteella ja hio kuivunut pinta. Poista hiontap\u00f6ly.<\/span><\/p>\n<p><span style=\"font-weight: 400;\"> Ennen maalattu pinta: Pese pinnat laimennetulla Tikkurilan Maalipesulla ja huuhdo huolellisesti vedell\u00e4. Hio kovat, kiilt\u00e4v\u00e4t maalipinnat himmeiksi ja poista hiontap\u00f6ly. Tasoita halkeamat ja kolot kohteeseen soveltuvalla Tikkurilan Presto tai Prestonit tasoitteella ja hio kuivunut pinta. Poista hiontap\u00f6ly.<\/span><\/p>\n<p>&nbsp;<\/p>\n<p>&nbsp;<\/p>\n<p><span style=\"font-weight: 400;\"><br \/>\n<\/span><strong>MAALAUS:<\/strong><\/p>\n<ol>\n<li><span style=\"font-weight: 400;\">Ensimm\u00e4inen kerros:\u00a0<\/span><span style=\"font-weight: 400;\">Sekoita Ykk\u00f6spohja hyvin ennen k\u00e4ytt\u00f6\u00e4 ja ohenna tarvittaessa vedell\u00e4. Levit\u00e4 telalla, ruiskulla tai siveltimell\u00e4 1\u20132 kertaa.<\/span><\/li>\n<li><span style=\"font-weight: 400;\">Huoltomaalaus:\u00a0<\/span><span style=\"font-weight: 400;\">Ykk\u00f6spohjalla maalatut pinnat voit huoltomaalata samalla tai samantyyppisell\u00e4 vesiohenteisella maalilla. Ks. Pinnan esik\u00e4sittely.<\/span><\/li>\n<\/ol>\n<p>&nbsp;<\/p>\n<p>&nbsp;<\/p>\n<p><span style=\"font-weight: 400;\"><br \/>\n<\/span><strong>HUOLTOMAALAUSOHJEET:<\/strong><\/p>\n<p><span style=\"font-weight: 400;\">Tarvittaessa aikaisintaan kuluttua pintak\u00e4sittelyst\u00e4. Pinnat puhdistetaan mieluimmin kuivapuhdistuksena k\u00e4ytt\u00e4en imuria, pehme\u00e4\u00e4 harjaa tai p\u00f6lypyyhett\u00e4. Nihke\u00e4puhdistusta k\u00e4ytett\u00e4ess\u00e4 pintaan voi j\u00e4\u00e4d\u00e4 puhdistuksesta j\u00e4lki varsinkin tummilla s\u00e4vyill\u00e4. Pintak\u00e4sittelyn j\u00e4lkeen pintoja on k\u00e4sitelt\u00e4v\u00e4 varoen muutamien viikkojen ajan, sill\u00e4 tuote saavuttaa lopullisen kovuutensa ja kest\u00e4vyytens\u00e4 normaaliolosuhteissa noin \u00a0kuluttua. Mik\u00e4li pintoja joudutaan puhdistamaan pian pintak\u00e4sittelyn j\u00e4lkeen, puhdista pinta mieluimmin kuivapuhdistuksena k\u00e4ytt\u00e4en imuria, pehme\u00e4\u00e4 harjaa tai p\u00f6lypyyhett\u00e4.<\/span><\/p>\n<p>&nbsp;<\/p>\n<p>&nbsp;<\/p>\n<p><span style=\"font-weight: 400;\"><br \/>\n<\/span><strong>VOC:<\/strong><\/p>\n<p><span style=\"font-weight: 400;\">(cat A\/g) 30g\/l (2010), Ykk\u00f6spohja sis\u00e4lt\u00e4\u00e4 VOC max. 30 g\/l.<\/span><\/p>\n<p>&nbsp;<\/p>\n<p>&nbsp;<\/p>\n<p>&nbsp;<\/p>\n<p><strong><em>Tikkurila Ykk\u00f6spohja dispersiomaali on s\u00e4vytett\u00e4viss\u00e4 laajasti tuhansiin s\u00e4vyihin, saatavilla mm. kaikki Symphony-v\u00e4rikartan s\u00e4vyt.<\/em><\/strong><\/p>\n<p><img loading=\"lazy\" decoding=\"async\" class=\"alignnone wp-image-24802\" src=\"https:\/\/factory.sale\/wp-content\/uploads\/2023\/03\/symphony-300x150.jpeg\" alt=\"\" width=\"848\" height=\"424\" srcset=\"https:\/\/factory.sale\/wp-content\/uploads\/2023\/03\/symphony-300x150.jpeg 300w, https:\/\/factory.sale\/wp-content\/uploads\/2023\/03\/symphony-1024x512.jpeg 1024w, https:\/\/factory.sale\/wp-content\/uploads\/2023\/03\/symphony-150x75.jpeg 150w, https:\/\/factory.sale\/wp-content\/uploads\/2023\/03\/symphony-600x300.jpeg 600w, https:\/\/factory.sale\/wp-content\/uploads\/2023\/03\/symphony.jpeg 1200w\" sizes=\"auto, (max-width: 848px) 100vw, 848px\" \/><\/p>\n<p>&nbsp;<\/p>\n<p><a href=\"https:\/\/factory.sale\/wp-content\/uploads\/2023\/03\/Ykkospohja_SDS_FI.pdf\" target=\"_blank\" rel=\"noopener\">K\u00e4ytt\u00f6turvallisuustiedotte<\/a><\/p>\n<p><a href=\"https:\/\/factory.sale\/wp-content\/uploads\/2023\/03\/Ykkospohja_FI_PDS_Tikkurila.pdf\" target=\"_blank\" rel=\"noopener\">Tuoteseloste<\/a><\/p>\n","protected":false},"excerpt":{"rendered":"<p><span style=\"font-weight: 400;\">Dispersiopohjamaali.<\/span><\/p>\n<ul>\n<li style=\"font-weight: 400;\" aria-level=\"1\"><span style=\"font-weight: 400;\">K\u00e4ytt\u00e4j\u00e4yst\u00e4v\u00e4llinen pohjamaali<\/span><\/li>\n<li style=\"font-weight: 400;\" aria-level=\"1\"><span style=\"font-weight: 400;\">V\u00e4h\u00e4p\u00e4\u00e4st\u00f6inen vaihtoehto<\/span><\/li>\n<li style=\"font-weight: 400;\" aria-level=\"1\"><span style=\"font-weight: 400;\">Tarttuu erinomaisesti my\u00f6s sinkittyihin pintoihin<\/span><\/li>\n<\/ul>\n<p>&nbsp;<\/p>\n","protected":false},"featured_media":24783,"comment_status":"open","ping_status":"closed","template":"","meta":{"_acf_changed":false},"factory":[],"free-shipment":[],"product_brand":[],"product_cat":[1321,425,430],"product_tag":[],"class_list":{"0":"post-24789","1":"product","2":"type-product","3":"status-publish","4":"has-post-thumbnail","6":"product_cat-yleinen-rakentaminen","7":"product_cat-construction-chemistry-fi","8":"product_cat-pohjamaalit-ja-maalit","10":"first","11":"instock","12":"sale","13":"taxable","14":"shipping-taxable","15":"purchasable","16":"product-type-simple"},"acf":[],"_links":{"self":[{"href":"https:\/\/factory.sale\/fi\/wp-json\/wp\/v2\/product\/24789","targetHints":{"allow":["GET"]}}],"collection":[{"href":"https:\/\/factory.sale\/fi\/wp-json\/wp\/v2\/product"}],"about":[{"href":"https:\/\/factory.sale\/fi\/wp-json\/wp\/v2\/types\/product"}],"replies":[{"embeddable":true,"href":"https:\/\/factory.sale\/fi\/wp-json\/wp\/v2\/comments?post=24789"}],"wp:featuredmedia":[{"embeddable":true,"href":"https:\/\/factory.sale\/fi\/wp-json\/wp\/v2\/media\/24783"}],"wp:attachment":[{"href":"https:\/\/factory.sale\/fi\/wp-json\/wp\/v2\/media?parent=24789"}],"wp:term":[{"taxonomy":"factory","embeddable":true,"href":"https:\/\/factory.sale\/fi\/wp-json\/wp\/v2\/factory?post=24789"},{"taxonomy":"free-shipment","embeddable":true,"href":"https:\/\/factory.sale\/fi\/wp-json\/wp\/v2\/free-shipment?post=24789"},{"taxonomy":"product_brand","embeddable":true,"href":"https:\/\/factory.sale\/fi\/wp-json\/wp\/v2\/product_brand?post=24789"},{"taxonomy":"product_cat","embeddable":true,"href":"https:\/\/factory.sale\/fi\/wp-json\/wp\/v2\/product_cat?post=24789"},{"taxonomy":"product_tag","embeddable":true,"href":"https:\/\/factory.sale\/fi\/wp-json\/wp\/v2\/product_tag?post=24789"}],"curies":[{"name":"wp","href":"https:\/\/api.w.org\/{rel}","templated":true}]}}