{"id":24769,"date":"2023-03-15T12:03:30","date_gmt":"2023-03-15T12:26:13","guid":{"rendered":"https:\/\/factory.sale\/?post_type=product&#038;p=24769"},"modified":"2024-06-27T06:37:40","modified_gmt":"2024-06-27T06:37:40","slug":"tikkurila-siro-7-pohjamaali-18-l","status":"publish","type":"product","link":"https:\/\/factory.sale\/fi\/tuote\/tikkurila-siro-7-pohjamaali-18-l\/","title":{"rendered":"Tikkurila Siro 7 pohjamaali 18 l"},"content":{"rendered":"<p><strong>Tuotekoodi: siro7<\/strong><\/p>\n<p>&nbsp;<\/p>\n<p>&nbsp;<\/p>\n<p>&nbsp;<\/p>\n<p><span style=\"font-weight: 400;\">Vesiohenteinen, himme\u00e4 dispersiomaali sis\u00e4maalaukseen. V\u00e4h\u00e4inen sivukiilto.<\/span><\/p>\n<p>&nbsp;<\/p>\n<p>&nbsp;<\/p>\n<p><span style=\"font-weight: 400;\"><br \/>\n<\/span><strong>OMINAISUUDET:<\/strong><\/p>\n<p><span style=\"font-weight: 400;\">Betoni-, rappaus-, tasoite-, kipsilevy-, lastulevy- ja puukuitulevypinnoille ensi- ja huoltomaalaukseen k\u00e4ytt\u00f6ohjeen mukaan.<\/span><\/p>\n<p>&nbsp;<\/p>\n<p>&nbsp;<\/p>\n<p><span style=\"font-weight: 400;\"><br \/>\n<\/span><strong>K\u00c4YTT\u00d6KOHTEET:<\/strong><\/p>\n<p><span style=\"font-weight: 400;\">Sis\u00e4sein\u00e4t ja -katot kuivissa tiloissa; esim. asuinhuoneet, keitti\u00f6t, toimisto- ja kevyen kulutuksen julkiset tilat.<\/span><\/p>\n<p>&nbsp;<\/p>\n<p>&nbsp;<\/p>\n<p><strong>RIITTOISUUS.<\/strong><\/p>\n<p><span style=\"font-weight: 400;\">Teoreettinen riittoisuus: 8\u201312 m\u00b2\/l. Suositeltava kuivakalvonpaksuus: 33\u201346 \u00b5m. K\u00e4yt\u00e4nn\u00f6n riittoisuuteen vaikuttavat maalausmenetelm\u00e4 ja -olosuhteet sek\u00e4 maalattavan rakenteen muoto ett\u00e4 pinnan laatu.\u00a0<\/span><\/p>\n<p>&nbsp;<\/p>\n<p>&nbsp;<\/p>\n<p><span style=\"font-weight: 400;\"><br \/>\n<\/span><strong>OHENNE:<\/strong><\/p>\n<p><span style=\"font-weight: 400;\">Vesiohenteinen<\/span><\/p>\n<p>&nbsp;<\/p>\n<p>&nbsp;<\/p>\n<p><span style=\"font-weight: 400;\"><br \/>\n<\/span><strong>TY\u00d6TAPA:<\/strong><\/p>\n<p><span style=\"font-weight: 400;\">ruiskutus, sivellin, tela<\/span><\/p>\n<p>&nbsp;<\/p>\n<p>&nbsp;<\/p>\n<p><span style=\"font-weight: 400;\"><br \/>\n<\/span><strong>VARASTOINTI:<\/strong><\/p>\n<p><span style=\"font-weight: 400;\">Suojattava pakkaselta. S\u00e4ilyt\u00e4 kuivassa ja viile\u00e4ss\u00e4, auringonvalolta suojattuna. S\u00e4vytetty maali tai avattu astia ei kest\u00e4 pitk\u00e4aikaista varastointia. Sulje purkki huolellisesti seuraavaa k\u00e4ytt\u00f6\u00e4 varten.<\/span><\/p>\n<p>&nbsp;<\/p>\n<p>&nbsp;<\/p>\n<p>&nbsp;<\/p>\n<p><strong>MAALAUSOLOSUHTEET:<\/strong><\/p>\n<p><span style=\"font-weight: 400;\">Maalattavan pinnan on oltava kuiva, l\u00e4mp\u00f6tilan v\u00e4hint\u00e4\u00e4n +5 \u00b0C ja ilman suhteellisen kosteuden alle 80 %.<\/span><\/p>\n<p>&nbsp;<\/p>\n<p>&nbsp;<\/p>\n<p><span style=\"font-weight: 400;\"><br \/>\n<\/span><strong>PINNAN ESIK\u00c4SITTELY:<\/strong><\/p>\n<p><span style=\"font-weight: 400;\">Maalaamaton pinta: Puhdista pinnat liasta ja p\u00f6lyst\u00e4. Tasoita pinnat tarvittaessa kohteeseen soveltuvalla Presto tai Prestonit tasoitteella ja hio kuivunut pinta. Poista hiontap\u00f6ly. Pohjamaalaa Siro 2 tai Ykk\u00f6spohjalla. <\/span><\/p>\n<p><span style=\"font-weight: 400;\">Ennen maalattu pinta: Pese pinnat laimennetulla Tikkurilan Maalipesulla ja huuhdo huolellisesti vedell\u00e4. Hio kovat, kiilt\u00e4v\u00e4t alkydimaalilla maalatut pinnat himme\u00e4ksi ja poista hiontap\u00f6ly. Tasoita halkeamat ja kolot kohteeseen soveltuvalla Presto tai Prestonit tasoitteella ja hio kuivunut pinta. Poista hiontap\u00f6ly. Pohjamaalaa tarvittaessa Siro 2 tai Ykk\u00f6spohjalla.<\/span><\/p>\n<p>&nbsp;<\/p>\n<p>&nbsp;<\/p>\n<p>&nbsp;<\/p>\n<p><span style=\"font-weight: 400;\"><br \/>\n<\/span><strong>MAALAUS:<\/strong><\/p>\n<ol>\n<li><span style=\"font-weight: 400;\">Ensimm\u00e4inen kerros:\u00a0<\/span><span style=\"font-weight: 400;\">Sekoita Siro 7 hyvin ennen k\u00e4ytt\u00f6\u00e4 ja ohenna tarvittaessa vedell\u00e4. Levit\u00e4 telalla, siveltimell\u00e4 tai ruiskulla 1\u20132 kertaa.<\/span><\/li>\n<li><span style=\"font-weight: 400;\">Huoltomaalaus:\u00a0<\/span>Siro 7 maalatut pinnat voit huoltomaalata samantyyppisell\u00e4 vesiohenteisella maalilla. Ks. Pinnan esik\u00e4sittely.<\/li>\n<\/ol>\n<p>&nbsp;<\/p>\n<p>&nbsp;<\/p>\n<p>&nbsp;<\/p>\n<p><span style=\"font-weight: 400;\"><br \/>\n<\/span><strong>TY\u00d6V\u00c4LINEIDEN PESU:<\/strong><\/p>\n<p><span style=\"font-weight: 400;\">Poista ylim\u00e4\u00e4r\u00e4inen maali ty\u00f6v\u00e4lineist\u00e4 ja pese vedell\u00e4. Hieman kovettuneen maalin poistoon suositellaan Tikkurilan Pensselipesua.<\/span><\/p>\n<p>&nbsp;<\/p>\n<p>&nbsp;<\/p>\n<p>&nbsp;<\/p>\n<p><span style=\"font-weight: 400;\"><br \/>\n<\/span><strong>HUOLTOMAALAUSOHJEET:<\/strong><\/p>\n<p><span style=\"font-weight: 400;\">Tarvittaessa aikaisintaan kuluttua pintak\u00e4sittelyst\u00e4. Pinnat puhdistetaan kuivalla harjalla tai p\u00f6lypyyhkeell\u00e4. Likaiset pinnat puhdistetaan neutraaliin (pH 6\u20138) pesuaineliuokseen kostutetulla nihke\u00e4ll\u00e4 siivousv\u00e4lineell\u00e4. Pinta ei saa j\u00e4\u00e4d\u00e4 m\u00e4r\u00e4ksi puhdistuksen j\u00e4lkeen. Pesuainevalmistajan antamia laimennusohjeita tulee noudattaa pesuaineliuosta valmistettaessa. Pintak\u00e4sittelyn j\u00e4lkeen pintoja on k\u00e4sitelt\u00e4v\u00e4 varoen muutamien viikkojen ajan, sill\u00e4 tuote saavuttaa lopullisen kovuutensa ja kest\u00e4vyytens\u00e4 normaaliolosuhteissa noin 1 kuluttua. Mik\u00e4li pintoja joudutaan puhdistamaan pian pintak\u00e4sittelyn j\u00e4lkeen, pinta puhdistetaan kevyesti kuivalla tai nihke\u00e4ll\u00e4 puhdistusliinalla.<\/span><\/p>\n<p>&nbsp;<\/p>\n<p>&nbsp;<\/p>\n<p>&nbsp;<\/p>\n<p><span style=\"font-weight: 400;\"><br \/>\n<\/span><strong>VOC:<\/strong><\/p>\n<p><span style=\"font-weight: 400;\">(cat A\/a) 30g\/l(2010), Siro 7 sis\u00e4lt\u00e4\u00e4 VOC max. 10g\/l.<\/span><\/p>\n<p>&nbsp;<\/p>\n<p>&nbsp;<\/p>\n<p>&nbsp;<\/p>\n<p><em><strong>Siro 7 on s\u00e4vytett\u00e4viss\u00e4 laajasti tuhansiin s\u00e4vyihin, saatavilla mm. kaikki Symphony-v\u00e4rikartan s\u00e4vyt.<\/strong><\/em><\/p>\n<p><img loading=\"lazy\" decoding=\"async\" class=\"alignnone  wp-image-24802\" src=\"https:\/\/factory.sale\/wp-content\/uploads\/2023\/03\/symphony-300x150.jpeg\" alt=\"\" width=\"878\" height=\"439\" srcset=\"https:\/\/factory.sale\/wp-content\/uploads\/2023\/03\/symphony-300x150.jpeg 300w, https:\/\/factory.sale\/wp-content\/uploads\/2023\/03\/symphony-1024x512.jpeg 1024w, https:\/\/factory.sale\/wp-content\/uploads\/2023\/03\/symphony-150x75.jpeg 150w, https:\/\/factory.sale\/wp-content\/uploads\/2023\/03\/symphony-600x300.jpeg 600w, https:\/\/factory.sale\/wp-content\/uploads\/2023\/03\/symphony.jpeg 1200w\" sizes=\"auto, (max-width: 878px) 100vw, 878px\" \/><\/p>\n<p>&nbsp;<\/p>\n<p>&nbsp;<\/p>\n<p><a href=\"https:\/\/factory.sale\/wp-content\/uploads\/2023\/03\/Siro_SDS_FI.pdf\" target=\"_blank\" rel=\"noopener\">K\u00e4ytt\u00f6turvallisuustiedote<\/a><\/p>\n<p><a href=\"https:\/\/factory.sale\/wp-content\/uploads\/2023\/03\/Siro_7_FI_PDS_Tikkurila_0.pdf\" target=\"_blank\" rel=\"noopener\">Tuoteseloste<\/a><\/p>\n<p>&nbsp;<\/p>\n<p>&nbsp;<\/p>\n<p>&nbsp;<\/p>\n","protected":false},"excerpt":{"rendered":"<p><span style=\"font-weight: 400;\">Vesiohenteinen, himme\u00e4 dispersiomaali sis\u00e4maalaukseen. V\u00e4h\u00e4inen sivukiilto.<\/span><\/p>\n<ul>\n<li style=\"font-weight: 400;\" aria-level=\"1\"><span style=\"font-weight: 400;\">Alhainen sivukiilto<\/span><\/li>\n<li style=\"font-weight: 400;\" aria-level=\"1\"><span style=\"font-weight: 400;\">Ammattilaisille optimoidut ty\u00f6st\u00f6ominaisuudet<\/span><\/li>\n<li style=\"font-weight: 400;\" aria-level=\"1\"><span style=\"font-weight: 400;\">Hyv\u00e4 hinta-laatusuhde<\/span><\/li>\n<\/ul>\n<p>&nbsp;<\/p>\n","protected":false},"featured_media":24763,"comment_status":"open","ping_status":"closed","template":"","meta":{"_acf_changed":false},"factory":[],"free-shipment":[],"product_brand":[],"product_cat":[430,425,1321],"product_tag":[523],"class_list":{"0":"post-24769","1":"product","2":"type-product","3":"status-publish","4":"has-post-thumbnail","6":"product_cat-pohjamaalit-ja-maalit","7":"product_cat-construction-chemistry-fi","8":"product_cat-yleinen-rakentaminen","9":"product_tag-primer-fi","11":"first","12":"instock","13":"sale","14":"taxable","15":"shipping-taxable","16":"purchasable","17":"product-type-simple"},"acf":[],"_links":{"self":[{"href":"https:\/\/factory.sale\/fi\/wp-json\/wp\/v2\/product\/24769","targetHints":{"allow":["GET"]}}],"collection":[{"href":"https:\/\/factory.sale\/fi\/wp-json\/wp\/v2\/product"}],"about":[{"href":"https:\/\/factory.sale\/fi\/wp-json\/wp\/v2\/types\/product"}],"replies":[{"embeddable":true,"href":"https:\/\/factory.sale\/fi\/wp-json\/wp\/v2\/comments?post=24769"}],"wp:featuredmedia":[{"embeddable":true,"href":"https:\/\/factory.sale\/fi\/wp-json\/wp\/v2\/media\/24763"}],"wp:attachment":[{"href":"https:\/\/factory.sale\/fi\/wp-json\/wp\/v2\/media?parent=24769"}],"wp:term":[{"taxonomy":"factory","embeddable":true,"href":"https:\/\/factory.sale\/fi\/wp-json\/wp\/v2\/factory?post=24769"},{"taxonomy":"free-shipment","embeddable":true,"href":"https:\/\/factory.sale\/fi\/wp-json\/wp\/v2\/free-shipment?post=24769"},{"taxonomy":"product_brand","embeddable":true,"href":"https:\/\/factory.sale\/fi\/wp-json\/wp\/v2\/product_brand?post=24769"},{"taxonomy":"product_cat","embeddable":true,"href":"https:\/\/factory.sale\/fi\/wp-json\/wp\/v2\/product_cat?post=24769"},{"taxonomy":"product_tag","embeddable":true,"href":"https:\/\/factory.sale\/fi\/wp-json\/wp\/v2\/product_tag?post=24769"}],"curies":[{"name":"wp","href":"https:\/\/api.w.org\/{rel}","templated":true}]}}