{"id":24753,"date":"2023-03-15T11:14:39","date_gmt":"2023-03-15T11:27:39","guid":{"rendered":"https:\/\/factory.sale\/?post_type=product&#038;p=24753"},"modified":"2024-06-26T23:23:58","modified_gmt":"2024-06-26T23:23:58","slug":"tikkurila-siro-2-pohjamaali-18-l","status":"publish","type":"product","link":"https:\/\/factory.sale\/fi\/tuote\/tikkurila-siro-2-pohjamaali-18-l\/","title":{"rendered":"Tikkurila Siro 2 pohjamaali 18 l"},"content":{"rendered":"<p><strong>Tuotekoodi: siro2<\/strong><\/p>\n<p>&nbsp;<\/p>\n<p>&nbsp;<\/p>\n<p>&nbsp;<\/p>\n<p><span style=\"font-weight: 400;\">Vesiohenteinen, t\u00e4yshimme\u00e4 dispersiomaali pohjamaalaukseen ja kattojen maalaukseen.<\/span><\/p>\n<p>&nbsp;<\/p>\n<p><span style=\"font-weight: 400;\"><br \/>\n<\/span><strong>OMINAISUUDET:<\/strong><\/p>\n<p><span style=\"font-weight: 400;\">Betoni-, rappaus-, tasoite-, kipsilevy- ja puukuitulevypintojen maalaukseen k\u00e4ytt\u00f6ohjeen mukaan.<\/span><\/p>\n<p>&nbsp;<\/p>\n<p>&nbsp;<\/p>\n<p><span style=\"font-weight: 400;\"><br \/>\n<\/span><strong>K\u00c4YTT\u00d6KOHTEET:<\/strong><\/p>\n<p><span style=\"font-weight: 400;\">Sein\u00e4- ja kattopinnat kuivissa sis\u00e4tiloissa.<\/span><\/p>\n<p>&nbsp;<\/p>\n<p>&nbsp;<\/p>\n<p><strong>RIITTOISUUS:<\/strong><\/p>\n<p><span style=\"font-weight: 400;\">Teoreettinen riittoisuus: 5\u201311 m\u00b2\/l. Suositeltava kuivakalvonpaksuus: 28\u201362 \u00b5m. K\u00e4yt\u00e4nn\u00f6n riittoisuuteen vaikuttavat maalausmenetelm\u00e4 ja -olosuhteet sek\u00e4 maalattavan rakenteen muoto ett\u00e4 pinnan laatu.<\/span><\/p>\n<p>&nbsp;<\/p>\n<p>&nbsp;<\/p>\n<p><span style=\"font-weight: 400;\"><br \/>\n<\/span><strong>OHENNE:<\/strong><\/p>\n<p><span style=\"font-weight: 400;\">Vesiohenteinen<\/span><\/p>\n<p>&nbsp;<\/p>\n<p>&nbsp;<\/p>\n<p><span style=\"font-weight: 400;\"><br \/>\n<\/span><strong>TY\u00d6TAPA:<\/strong><\/p>\n<p><span style=\"font-weight: 400;\">ruiskutus, sivellin, tela<\/span><\/p>\n<p>&nbsp;<\/p>\n<p>&nbsp;<\/p>\n<p><span style=\"font-weight: 400;\"><br \/>\n<\/span><strong>VARASTOINTI:<\/strong><\/p>\n<p>Suojattava pakkaselta. S\u00e4ilyt\u00e4 kuivassa ja viile\u00e4ss\u00e4, auringonvalolta suojattuna. S\u00e4vytetty maali tai avattu astia ei kest\u00e4 pitk\u00e4aikaista varastointia. Sulje purkki huolellisesti seuraavaa k\u00e4ytt\u00f6\u00e4 varten.<\/p>\n<p>&nbsp;<\/p>\n<p>&nbsp;<\/p>\n<p><a href=\"https:\/\/factory.sale\/wp-content\/uploads\/2023\/03\/Siro_SDS_FI.pdf\" target=\"_blank\" rel=\"noopener\">K\u00e4ytt\u00f6turvallisuustiedote<\/a><\/p>\n<p><a href=\"https:\/\/factory.sale\/wp-content\/uploads\/2023\/03\/Siro_7_FI_PDS_Tikkurila_0.pdf\" target=\"_blank\" rel=\"noopener\">Tuoteseloste<\/a><\/p>\n","protected":false},"excerpt":{"rendered":"<p><span style=\"font-weight: 400;\">Vesiohenteinen, t\u00e4yshimme\u00e4 dispersiomaali pohjamaalaukseen ja kattojen maalaukseen.<\/span><\/p>\n<ul>\n<li style=\"font-weight: 400;\" aria-level=\"1\"><span style=\"font-weight: 400;\">Useille pinnoille<\/span><\/li>\n<li style=\"font-weight: 400;\" aria-level=\"1\"><span style=\"font-weight: 400;\">Ammattilaisille optimoidut ty\u00f6st\u00f6ominaisuudet<\/span><\/li>\n<li style=\"font-weight: 400;\" aria-level=\"1\"><span style=\"font-weight: 400;\">Vaaleita s\u00e4vyj\u00e4<\/span><\/li>\n<\/ul>\n<p>&nbsp;<\/p>\n","protected":false},"featured_media":24749,"comment_status":"open","ping_status":"closed","template":"","meta":{"_acf_changed":false},"factory":[],"free-shipment":[],"product_brand":[],"product_cat":[1321,425,430],"product_tag":[523],"class_list":{"0":"post-24753","1":"product","2":"type-product","3":"status-publish","4":"has-post-thumbnail","6":"product_cat-yleinen-rakentaminen","7":"product_cat-construction-chemistry-fi","8":"product_cat-pohjamaalit-ja-maalit","9":"product_tag-primer-fi","11":"first","12":"instock","13":"sale","14":"taxable","15":"shipping-taxable","16":"purchasable","17":"product-type-simple"},"acf":[],"_links":{"self":[{"href":"https:\/\/factory.sale\/fi\/wp-json\/wp\/v2\/product\/24753","targetHints":{"allow":["GET"]}}],"collection":[{"href":"https:\/\/factory.sale\/fi\/wp-json\/wp\/v2\/product"}],"about":[{"href":"https:\/\/factory.sale\/fi\/wp-json\/wp\/v2\/types\/product"}],"replies":[{"embeddable":true,"href":"https:\/\/factory.sale\/fi\/wp-json\/wp\/v2\/comments?post=24753"}],"wp:featuredmedia":[{"embeddable":true,"href":"https:\/\/factory.sale\/fi\/wp-json\/wp\/v2\/media\/24749"}],"wp:attachment":[{"href":"https:\/\/factory.sale\/fi\/wp-json\/wp\/v2\/media?parent=24753"}],"wp:term":[{"taxonomy":"factory","embeddable":true,"href":"https:\/\/factory.sale\/fi\/wp-json\/wp\/v2\/factory?post=24753"},{"taxonomy":"free-shipment","embeddable":true,"href":"https:\/\/factory.sale\/fi\/wp-json\/wp\/v2\/free-shipment?post=24753"},{"taxonomy":"product_brand","embeddable":true,"href":"https:\/\/factory.sale\/fi\/wp-json\/wp\/v2\/product_brand?post=24753"},{"taxonomy":"product_cat","embeddable":true,"href":"https:\/\/factory.sale\/fi\/wp-json\/wp\/v2\/product_cat?post=24753"},{"taxonomy":"product_tag","embeddable":true,"href":"https:\/\/factory.sale\/fi\/wp-json\/wp\/v2\/product_tag?post=24753"}],"curies":[{"name":"wp","href":"https:\/\/api.w.org\/{rel}","templated":true}]}}