{"id":24743,"date":"2023-03-15T10:36:07","date_gmt":"2023-03-15T10:53:20","guid":{"rendered":"https:\/\/factory.sale\/?post_type=product&#038;p=24743"},"modified":"2024-06-26T10:06:59","modified_gmt":"2024-06-26T10:06:59","slug":"tikkurila-nova-7-pohjamaali-18-l","status":"publish","type":"product","link":"https:\/\/factory.sale\/fi\/tuote\/tikkurila-nova-7-pohjamaali-18-l\/","title":{"rendered":"Tikkurila Nova 7 pohjamaali 18 l"},"content":{"rendered":"<p><strong>Tuotekoodi: nova7<\/strong><\/p>\n<p>&nbsp;<\/p>\n<p>&nbsp;<\/p>\n<p><span style=\"font-weight: 400;\">Vesiohenteinen, liuotteeton dispersiomaali ammattimaiseen sis\u00e4maalaukseen. Joutsenmerkitty, himme\u00e4 sein\u00e4maali. Laaja v\u00e4rivalikoima. V\u00e4h\u00e4inen sivukiilto.<\/span><\/p>\n<p>&nbsp;<\/p>\n<p><span style=\"font-weight: 400;\"><br \/>\n<\/span><strong>OMINAISUUDET:<\/strong><\/p>\n<p><span style=\"font-weight: 400;\">Betoni-, rappaus-, tasoite-, kipsilevy-, lastulevy- ja puukuitulevypintojen ensi- ja huoltomaalaukseen k\u00e4ytt\u00f6ohjeen mukaan. Tuotetta voidaan k\u00e4ytt\u00e4\u00e4 LEED-, BREEAM- ja Joutsenmerkityiss\u00e4 rakennuksissa.<\/span><\/p>\n<p>&nbsp;<\/p>\n<p><span style=\"font-weight: 400;\"><br \/>\n<\/span><strong>K\u00c4YTT\u00d6KOHTEET:<\/strong><\/p>\n<p><span style=\"font-weight: 400;\">Sein\u00e4- ja kattopinnat kuivissa sis\u00e4tiloissa; esim. asuinhuoneet, keitti\u00f6t, toimisto- ja kevyen kulutuksen julkiset tilat.<\/span><\/p>\n<p>&nbsp;<\/p>\n<p>&nbsp;<\/p>\n<p><strong>RIITTOISUUS:<\/strong><\/p>\n<p><span style=\"font-weight: 400;\">Teoreettinen riittoisuus: 8\u201311 m\u00b2\/l. K\u00e4yt\u00e4nn\u00f6n riittoisuuteen vaikuttavat maalausmenetelm\u00e4 ja -olosuhteet sek\u00e4 maalattavan rakenteen muoto ett\u00e4 pinnan laatu.<\/span><\/p>\n<p>&nbsp;<\/p>\n<p><span style=\"font-weight: 400;\"><br \/>\n<\/span><strong>OHENNE:<\/strong><\/p>\n<p><span style=\"font-weight: 400;\">Vesiohenteinen<\/span><\/p>\n<p>&nbsp;<\/p>\n<p><span style=\"font-weight: 400;\"><br \/>\n<\/span><strong>TY\u00d6TAPA:<\/strong><\/p>\n<p><span style=\"font-weight: 400;\">ruiskutus, sivellin, tela<\/span><\/p>\n<p>&nbsp;<\/p>\n<p><span style=\"font-weight: 400;\"><br \/>\n<\/span><strong>VARASTOINTI:<\/strong><\/p>\n<p><span style=\"font-weight: 400;\">Suojattava pakkaselta. S\u00e4ilyt\u00e4 kuivassa ja viile\u00e4ss\u00e4, auringonvalolta suojattuna. S\u00e4vytetty maali tai avattu astia ei kest\u00e4 pitk\u00e4aikaista varastointia. Sulje purkki huolellisesti seuraavaa k\u00e4ytt\u00f6\u00e4 varten.<\/span><\/p>\n<p>&nbsp;<\/p>\n<p>&nbsp;<\/p>\n<p><strong>MAALAUSOLOSUHTEET:<\/strong><\/p>\n<p><span style=\"font-weight: 400;\">Maalattavan pinnan on oltava kuiva, l\u00e4mp\u00f6tilan v\u00e4hint\u00e4\u00e4n +10 \u00b0C ja ilman suhteellisen kosteuden alle 80 %.<\/span><\/p>\n<p>&nbsp;<\/p>\n<p><span style=\"font-weight: 400;\"><br \/>\n<\/span><strong>PINNAN ESIK\u00c4SITTELY:<\/strong><\/p>\n<p><span style=\"font-weight: 400;\">Maalaamattomat pinnat: Puhdista pinnat liasta ja p\u00f6lyst\u00e4. Tasoita pinnat tarvittaessa kohteeseen soveltuvalla Presto tai Prestonit -tasoitteella ja hio kuivunut pinta. Poista hiontap\u00f6ly. Pohjamaalaa Nova 2:lla tai Ykk\u00f6spohjalla. Ennen maalatut pinnat: Pese pinnat Tikkurilan Maalipesulla. Hio maalipinnat himme\u00e4ksi ja poista hiontap\u00f6ly. Tasoita halkeamat ja kolot kohteeseen soveltuvalla Presto tai Prestonit -tasoitteella ja hio kuivunut pinta. Poista hiontap\u00f6ly. Pohjamaalaa maalaamattomat pinnat Nova 2 tai Ykk\u00f6spohjalla.<\/span><\/p>\n<p>&nbsp;<\/p>\n<p>&nbsp;<\/p>\n<p><span style=\"font-weight: 400;\"><br \/>\n<\/span><strong>MAALAUS:<\/strong><\/p>\n<ul>\n<li><span style=\"font-weight: 400;\">Ensimm\u00e4inen kerros:\u00a0<\/span><span style=\"font-weight: 400;\">Sekoita Nova 7 hyvin ennen k\u00e4ytt\u00f6\u00e4 ja ohenna tarvittaessa vedell\u00e4. Levit\u00e4 telalla, ruiskulla tai siveltimell\u00e4 1\u20132 kertaa.<\/span><\/li>\n<li><span style=\"font-weight: 400;\">Huoltomaalaus:\u00a0<\/span><span style=\"font-weight: 400;\">Nova 7 maalatut pinnat voit huoltomaalata samalla tai samantyyppisell\u00e4 vesiohenteisella maalilla. Ks. Pinnan esik\u00e4sittely.<\/span><\/li>\n<\/ul>\n<p>&nbsp;<\/p>\n<p>&nbsp;<\/p>\n<p>&nbsp;<\/p>\n<p><strong>HUOLTOMAALAUSOHJEET:<\/strong><\/p>\n<p><span style=\"font-weight: 400;\">Tarvittaessa aikaisintaan kuluttua pintak\u00e4sittelyst\u00e4. Pinnat puhdistetaan kuivalla harjalla tai p\u00f6lypyyhkeell\u00e4. Likaiset pinnat puhdistetaan neutraaliin (pH 6\u20138) pesuaineliuokseen kostutetulla nihke\u00e4ll\u00e4 siivousv\u00e4lineell\u00e4. Pinta ei saa j\u00e4\u00e4d\u00e4 m\u00e4r\u00e4ksi puhdistuksen j\u00e4lkeen. Pesuainevalmistajan antamia laimennusohjeita tulee noudattaa pesuaineliuosta valmistettaessa. Pintak\u00e4sittelyn j\u00e4lkeen pintoja on k\u00e4sitelt\u00e4v\u00e4 varoen muutamien viikkojen ajan, sill\u00e4 tuote saavuttaa lopullisen kovuutensa ja kest\u00e4vyytens\u00e4 normaaliolosuhteissa noin 1kk:n kuluttua. Mik\u00e4li pintoja joudutaan puhdistamaan pian pintak\u00e4sittelyn j\u00e4lkeen, pinta puhdistetaan kevyesti kuivalla tai nihke\u00e4ll\u00e4 puhdistusliinalla.<\/span><\/p>\n<p>&nbsp;<\/p>\n<p><span style=\"font-weight: 400;\"><br \/>\n<\/span><strong>VOC:<\/strong><\/p>\n<p><span style=\"font-weight: 400;\">(cat A\/a) 30g\/l(2010), Nova 7 sis\u00e4lt\u00e4\u00e4 VOC max. 10 g\/l.<\/span><\/p>\n<p>&nbsp;<\/p>\n<p>&nbsp;<\/p>\n<p>&nbsp;<\/p>\n<p><strong><em>Nova 7 on s\u00e4vytett\u00e4viss\u00e4 laajasti tuhansiin s\u00e4vyihin, saatavilla mm. kaikki Symphony-v\u00e4rikartan s\u00e4vyt.<\/em><\/strong><\/p>\n<p><img loading=\"lazy\" decoding=\"async\" class=\"alignnone  wp-image-24802\" src=\"https:\/\/factory.sale\/wp-content\/uploads\/2023\/03\/symphony-300x150.jpeg\" alt=\"\" width=\"600\" height=\"300\" srcset=\"https:\/\/factory.sale\/wp-content\/uploads\/2023\/03\/symphony-300x150.jpeg 300w, https:\/\/factory.sale\/wp-content\/uploads\/2023\/03\/symphony-1024x512.jpeg 1024w, https:\/\/factory.sale\/wp-content\/uploads\/2023\/03\/symphony-150x75.jpeg 150w, https:\/\/factory.sale\/wp-content\/uploads\/2023\/03\/symphony-600x300.jpeg 600w, https:\/\/factory.sale\/wp-content\/uploads\/2023\/03\/symphony.jpeg 1200w\" sizes=\"auto, (max-width: 600px) 100vw, 600px\" \/><\/p>\n","protected":false},"excerpt":{"rendered":"<p><span style=\"font-weight: 400;\">Vesiohenteinen, liuotteeton dispersiomaali ammattimaiseen sis\u00e4maalaukseen. Joutsenmerkitty, himme\u00e4 sein\u00e4maali. Laaja v\u00e4rivalikoima. V\u00e4h\u00e4inen sivukiilto.<\/span><\/p>\n<ul>\n<li style=\"font-weight: 400;\" aria-level=\"1\"><span style=\"font-weight: 400;\">Alhainen sivukiilto<\/span><\/li>\n<li style=\"font-weight: 400;\" aria-level=\"1\"><span style=\"font-weight: 400;\">Laaja v\u00e4rivalikoima<\/span><\/li>\n<li style=\"font-weight: 400;\" aria-level=\"1\"><span style=\"font-weight: 400;\">K\u00e4ytt\u00e4j\u00e4- ja ymp\u00e4rist\u00f6yst\u00e4v\u00e4llinen<\/span><\/li>\n<\/ul>\n","protected":false},"featured_media":24734,"comment_status":"open","ping_status":"closed","template":"","meta":{"_acf_changed":false},"factory":[],"free-shipment":[],"product_brand":[],"product_cat":[430,425,1321],"product_tag":[523],"class_list":{"0":"post-24743","1":"product","2":"type-product","3":"status-publish","4":"has-post-thumbnail","6":"product_cat-pohjamaalit-ja-maalit","7":"product_cat-construction-chemistry-fi","8":"product_cat-yleinen-rakentaminen","9":"product_tag-primer-fi","11":"first","12":"instock","13":"sale","14":"taxable","15":"shipping-taxable","16":"purchasable","17":"product-type-simple"},"acf":[],"_links":{"self":[{"href":"https:\/\/factory.sale\/fi\/wp-json\/wp\/v2\/product\/24743","targetHints":{"allow":["GET"]}}],"collection":[{"href":"https:\/\/factory.sale\/fi\/wp-json\/wp\/v2\/product"}],"about":[{"href":"https:\/\/factory.sale\/fi\/wp-json\/wp\/v2\/types\/product"}],"replies":[{"embeddable":true,"href":"https:\/\/factory.sale\/fi\/wp-json\/wp\/v2\/comments?post=24743"}],"wp:featuredmedia":[{"embeddable":true,"href":"https:\/\/factory.sale\/fi\/wp-json\/wp\/v2\/media\/24734"}],"wp:attachment":[{"href":"https:\/\/factory.sale\/fi\/wp-json\/wp\/v2\/media?parent=24743"}],"wp:term":[{"taxonomy":"factory","embeddable":true,"href":"https:\/\/factory.sale\/fi\/wp-json\/wp\/v2\/factory?post=24743"},{"taxonomy":"free-shipment","embeddable":true,"href":"https:\/\/factory.sale\/fi\/wp-json\/wp\/v2\/free-shipment?post=24743"},{"taxonomy":"product_brand","embeddable":true,"href":"https:\/\/factory.sale\/fi\/wp-json\/wp\/v2\/product_brand?post=24743"},{"taxonomy":"product_cat","embeddable":true,"href":"https:\/\/factory.sale\/fi\/wp-json\/wp\/v2\/product_cat?post=24743"},{"taxonomy":"product_tag","embeddable":true,"href":"https:\/\/factory.sale\/fi\/wp-json\/wp\/v2\/product_tag?post=24743"}],"curies":[{"name":"wp","href":"https:\/\/api.w.org\/{rel}","templated":true}]}}