{"id":24720,"date":"2023-03-15T09:51:11","date_gmt":"2023-03-15T10:05:00","guid":{"rendered":"https:\/\/factory.sale\/?post_type=product&#038;p=24720"},"modified":"2024-06-25T20:50:38","modified_gmt":"2024-06-25T20:50:38","slug":"tikkurila-luja-7-pohjamaali-18-l","status":"publish","type":"product","link":"https:\/\/factory.sale\/fi\/tuote\/tikkurila-luja-7-pohjamaali-18-l\/","title":{"rendered":"Tikkurila Luja 7 pohjamaali 18 l"},"content":{"rendered":"<p><strong>Tuotekoodi: luja7<\/strong><\/p>\n<p>&nbsp;<\/p>\n<p>&nbsp;<\/p>\n<p><span style=\"font-weight: 400;\">Erikoisakrylaattimaali. Tuote sis\u00e4lt\u00e4\u00e4 homeenestoainetta, joka suojaa maalipintaa. Tuotteella on alhainen VOC-pitoisuus, sille on my\u00f6nnetty Joutsenmerkki ja EU-ymp\u00e4rist\u00f6merkki.<\/span><\/p>\n<p>&nbsp;<\/p>\n<p><span style=\"font-weight: 400;\"><br \/>\n<\/span><strong>OMINAISUUDET:<\/strong><\/p>\n<p><span style=\"font-weight: 400;\">Betoni-, rappaus-, tasoite-, tiili-, lastulevy-, kipsilevy- ja puukuitulevypinnoille sis\u00e4tiloissa. Soveltuu sek\u00e4 uusille ett\u00e4 ennen maalatuille pinnoille. Soveltuu my\u00f6s kylpyhuoneiden paneelikatoille, kun pohjamaalina k\u00e4ytet\u00e4\u00e4n Multistop-eristyspohjamaalia.<\/span><\/p>\n<p>&nbsp;<\/p>\n<p><span style=\"font-weight: 400;\"><br \/>\n<\/span><strong>K\u00c4YTT\u00d6KOHTEET:<\/strong><\/p>\n<p><span style=\"font-weight: 400;\">Sein\u00e4- ja kattopinnat tiloissa, joissa pinnalta vaaditaan pesun ja kulutuksen kest\u00e4vyytt\u00e4 esim. keitti\u00f6iss\u00e4 eteisauloissa, porrask\u00e4yt\u00e4viss\u00e4. Sis\u00e4lt\u00e4m\u00e4ns\u00e4 homeenestoaineen ansiosta voidaan k\u00e4ytt\u00e4\u00e4 tiloissa, joissa on korkea ilmankosteus. Soveltuu julkisiin tiloihin kuten aulat, sairaalan k\u00e4yt\u00e4v\u00e4t ja -potilashuoneet ym. pinnat, joihin kohdistuu normaalia suurempaa rasitusta. Sopii k\u00e4ytett\u00e4v\u00e4ksi my\u00f6s elintarviketiloissa (esim. meijerit, leipomot).<\/span><\/p>\n<p>&nbsp;<\/p>\n<p>&nbsp;<\/p>\n<p><strong>RIITTOISUUS:<\/strong><\/p>\n<p><span style=\"font-weight: 400;\">Teoreettinen riittoisuus: 8\u201312 m\u00b2\/l. K\u00e4yt\u00e4nn\u00f6n riittoisuuteen vaikuttavat maalausmenetelm\u00e4 ja -olosuhteet sek\u00e4 maalattavan rakenteen muoto ett\u00e4 pinnan laatu.<\/span><\/p>\n<p>&nbsp;<\/p>\n<p><span style=\"font-weight: 400;\"><br \/>\n<\/span><strong>OHENNE:<\/strong><\/p>\n<p><span style=\"font-weight: 400;\">Vesiohenteinen<\/span><\/p>\n<p>&nbsp;<\/p>\n<p>&nbsp;<\/p>\n<p><span style=\"font-weight: 400;\"><br \/>\n<\/span><strong>TY\u00d6TAPA:<\/strong><\/p>\n<p><span style=\"font-weight: 400;\">ruiskutus, sivellin, tela<\/span><\/p>\n<p>&nbsp;<\/p>\n<p>&nbsp;<\/p>\n<p><a href=\"https:\/\/factory.sale\/wp-content\/uploads\/2023\/03\/22002618-MED_B_Luja_Finishing_Paint_1.9.2022.pdf\" target=\"_blank\" rel=\"noopener\">Luja finishing paint sertifikaatti<\/a><\/p>\n<p><a href=\"https:\/\/factory.sale\/wp-content\/uploads\/2023\/03\/Luja_7_FI_PDS_Tikkurila_0.pdf\" target=\"_blank\" rel=\"noopener\">Tuoteseloste<\/a><\/p>\n<div class=\"page\" title=\"Page 1\">\n<div class=\"layoutArea\">\n<div class=\"column\">\n<p><a href=\"https:\/\/factory.sale\/wp-content\/uploads\/2023\/03\/Luja_7_SDS_FI.pdf\" target=\"_blank\" rel=\"noopener\">Ka\u0308ytto\u0308turvallisuustiedote<\/a><\/p>\n<\/div>\n<\/div>\n<\/div>\n","protected":false},"excerpt":{"rendered":"<p><span style=\"font-weight: 400;\">Erikoisakrylaattimaali. Tuote sis\u00e4lt\u00e4\u00e4 homeenestoainetta, joka suojaa maalipintaa. Tuotteella on alhainen VOC-pitoisuus, sille on my\u00f6nnetty Joutsenmerkki ja EU-ymp\u00e4rist\u00f6merkki.<\/span><\/p>\n<ul>\n<li style=\"font-weight: 400;\" aria-level=\"1\"><span style=\"font-weight: 400;\">Sis\u00e4lt\u00e4\u00e4 homeenestoainetta<\/span><\/li>\n<li style=\"font-weight: 400;\" aria-level=\"1\"><span style=\"font-weight: 400;\">Kemikaalinkestoa<\/span><\/li>\n<li style=\"font-weight: 400;\" aria-level=\"1\"><span style=\"font-weight: 400;\">Kosteisiin tiloihin<\/span><\/li>\n<\/ul>\n<p>&nbsp;<\/p>\n","protected":false},"featured_media":24704,"comment_status":"open","ping_status":"closed","template":"","meta":{"_acf_changed":false},"factory":[],"free-shipment":[],"product_brand":[],"product_cat":[1321,425,430],"product_tag":[523],"class_list":{"0":"post-24720","1":"product","2":"type-product","3":"status-publish","4":"has-post-thumbnail","6":"product_cat-yleinen-rakentaminen","7":"product_cat-construction-chemistry-fi","8":"product_cat-pohjamaalit-ja-maalit","9":"product_tag-primer-fi","11":"first","12":"instock","13":"sale","14":"taxable","15":"shipping-taxable","16":"purchasable","17":"product-type-simple"},"acf":[],"_links":{"self":[{"href":"https:\/\/factory.sale\/fi\/wp-json\/wp\/v2\/product\/24720","targetHints":{"allow":["GET"]}}],"collection":[{"href":"https:\/\/factory.sale\/fi\/wp-json\/wp\/v2\/product"}],"about":[{"href":"https:\/\/factory.sale\/fi\/wp-json\/wp\/v2\/types\/product"}],"replies":[{"embeddable":true,"href":"https:\/\/factory.sale\/fi\/wp-json\/wp\/v2\/comments?post=24720"}],"wp:featuredmedia":[{"embeddable":true,"href":"https:\/\/factory.sale\/fi\/wp-json\/wp\/v2\/media\/24704"}],"wp:attachment":[{"href":"https:\/\/factory.sale\/fi\/wp-json\/wp\/v2\/media?parent=24720"}],"wp:term":[{"taxonomy":"factory","embeddable":true,"href":"https:\/\/factory.sale\/fi\/wp-json\/wp\/v2\/factory?post=24720"},{"taxonomy":"free-shipment","embeddable":true,"href":"https:\/\/factory.sale\/fi\/wp-json\/wp\/v2\/free-shipment?post=24720"},{"taxonomy":"product_brand","embeddable":true,"href":"https:\/\/factory.sale\/fi\/wp-json\/wp\/v2\/product_brand?post=24720"},{"taxonomy":"product_cat","embeddable":true,"href":"https:\/\/factory.sale\/fi\/wp-json\/wp\/v2\/product_cat?post=24720"},{"taxonomy":"product_tag","embeddable":true,"href":"https:\/\/factory.sale\/fi\/wp-json\/wp\/v2\/product_tag?post=24720"}],"curies":[{"name":"wp","href":"https:\/\/api.w.org\/{rel}","templated":true}]}}