{"id":24431,"date":"2023-03-07T17:10:40","date_gmt":"2023-03-07T17:17:50","guid":{"rendered":"https:\/\/factory.sale\/?post_type=product&#038;p=24431"},"modified":"2025-04-04T08:39:28","modified_gmt":"2025-04-04T05:39:28","slug":"cozy-12-sw-tw","status":"publish","type":"product","link":"https:\/\/factory.sale\/fi\/tuote\/cozy-12-sw-tw\/","title":{"rendered":"Cozy 12 SW-TW"},"content":{"rendered":"<p>T\u00e4ytt\u00e4\u00e4 saksalaiset BIMSCH-sertifikaattivaatimukset T\u00dcV-testiss\u00e4 ilman lis\u00e4laitteita.<\/p>\n<p>Kiuas tarvitsee 25% v\u00e4hemm\u00e4n polttoainetta verrattuna vastaaviin kilpailijoiden kiukaisiin. Testiss\u00e4 tarvittiin jopa 40% v\u00e4hemm\u00e4n polttoainetta!<\/p>\n<p>Savukaasut ovat 6 x puhtaampia verratuna monen kilpailijan tuotteisiin.<\/p>\n<p>Turvaet\u00e4isyys kiukaan ja palavan materiaalin v\u00e4lill\u00e4 (puumateriaali) on vain 170 mm ilman palosuojaa.<\/p>\n<p>COZY 12 SW-TW on sopiva\u00a0 6-13 m3 kokoiseen saunaan.<\/p>\n<p>Kiuaskivet eiv\u00e4t kuulu hintaan!<\/p>\n<p>&nbsp;<\/p>\n<p><strong>TEKNISET TIEDOT:<\/strong><\/p>\n<ul>\n<li>Teho: 12 kw<\/li>\n<li>Mitat: L=691, B=490, H=816<\/li>\n<li>Paino: 73 kg<\/li>\n<li>Suurin polttoainem\u00e4\u00e4r\u00e4: 8 kg<\/li>\n<li>Polttoaine: puu \u2013 30 cm<\/li>\n<li>Kivien m\u00e4\u00e4r\u00e4: 120 kg<\/li>\n<li>EAN: 4745010348068\n<div class=\"waffle-input-box-decorator waffle-formula-preview-decorator waffle-formula-preview-partial\">\n<div class=\"waffle-formula-preview-close waffle-formula-preview-button\" tabindex=\"0\" role=\"button\" data-tooltip=\"Sule (F9)\" aria-label=\"Sule (F9)\">\n<div class=\"docs-icon goog-inline-block \">\n<div class=\"docs-icon-img-container docs-icon-img docs-icon-close\" aria-hidden=\"true\"><\/div>\n<\/div>\n<\/div>\n<\/div>\n<div><\/div>\n<div class=\"waffle-input-box-decorator waffle-formula-preview-decorator waffle-formula-preview-partial\">\n<div class=\"waffle-formula-preview-close waffle-formula-preview-button\" tabindex=\"0\" role=\"button\" data-tooltip=\"Sule (F9)\" aria-label=\"Sule (F9)\">\n<div class=\"docs-icon goog-inline-block \">\n<div class=\"docs-icon-img-container docs-icon-img docs-icon-close\" aria-hidden=\"true\"><\/div>\n<\/div>\n<\/div>\n<\/div>\n<div class=\"waffle-input-box-decorator waffle-formula-preview-decorator waffle-formula-preview-partial\">\n<div class=\"waffle-formula-preview-close waffle-formula-preview-button\" tabindex=\"0\" role=\"button\" data-tooltip=\"Sule (F9)\" aria-label=\"Sule (F9)\">\n<div class=\"docs-icon goog-inline-block \">\n<div class=\"docs-icon-img-container docs-icon-img docs-icon-close\" aria-hidden=\"true\"><\/div>\n<\/div>\n<\/div>\n<\/div>\n<\/li>\n<\/ul>\n<p>&nbsp;<\/p>\n<p><a href=\"https:\/\/factory.sale\/wp-content\/uploads\/2023\/03\/COZY-12-SW-TW.pdf\">Cozy 12 SW-TW piirustukset<\/a><\/p>\n<p><a href=\"https:\/\/factory.sale\/wp-content\/uploads\/2023\/02\/Confirmation_SGO_HEAT12_1BImSchV.pdf\" target=\"_blank\" rel=\"noopener\">Cozy 12 SW-TW sertifikaatit<\/a><\/p>\n<p><a href=\"https:\/\/factory.sale\/wp-content\/uploads\/2023\/03\/FI_Manual_COZY12_COZY18.pdf\" target=\"_blank\" rel=\"noopener\">Cozy 12 SW-TW \u00a0k\u00e4ytt\u00f6hje<\/a><\/p>\n","protected":false},"excerpt":{"rendered":"<p>Cozy 12 SW-TW on sopiva\u00a0 6-13 m3 kokoiseen saunaan.<\/p>\n","protected":false},"featured_media":24435,"comment_status":"open","ping_status":"closed","template":"","meta":{"_acf_changed":false},"factory":[],"free-shipment":[],"product_brand":[],"product_cat":[2315,484],"product_tag":[2318,4384,2106],"class_list":{"0":"post-24431","1":"product","2":"type-product","3":"status-publish","4":"has-post-thumbnail","6":"product_cat-cozy-fi","7":"product_cat-saunan-kiukaat","8":"product_tag-cozy-fi","9":"product_tag-heater-fi","10":"product_tag-sauna-fi","12":"first","13":"instock","14":"sale","15":"taxable","16":"shipping-taxable","17":"purchasable","18":"product-type-simple"},"acf":[],"_links":{"self":[{"href":"https:\/\/factory.sale\/fi\/wp-json\/wp\/v2\/product\/24431","targetHints":{"allow":["GET"]}}],"collection":[{"href":"https:\/\/factory.sale\/fi\/wp-json\/wp\/v2\/product"}],"about":[{"href":"https:\/\/factory.sale\/fi\/wp-json\/wp\/v2\/types\/product"}],"replies":[{"embeddable":true,"href":"https:\/\/factory.sale\/fi\/wp-json\/wp\/v2\/comments?post=24431"}],"wp:featuredmedia":[{"embeddable":true,"href":"https:\/\/factory.sale\/fi\/wp-json\/wp\/v2\/media\/24435"}],"wp:attachment":[{"href":"https:\/\/factory.sale\/fi\/wp-json\/wp\/v2\/media?parent=24431"}],"wp:term":[{"taxonomy":"factory","embeddable":true,"href":"https:\/\/factory.sale\/fi\/wp-json\/wp\/v2\/factory?post=24431"},{"taxonomy":"free-shipment","embeddable":true,"href":"https:\/\/factory.sale\/fi\/wp-json\/wp\/v2\/free-shipment?post=24431"},{"taxonomy":"product_brand","embeddable":true,"href":"https:\/\/factory.sale\/fi\/wp-json\/wp\/v2\/product_brand?post=24431"},{"taxonomy":"product_cat","embeddable":true,"href":"https:\/\/factory.sale\/fi\/wp-json\/wp\/v2\/product_cat?post=24431"},{"taxonomy":"product_tag","embeddable":true,"href":"https:\/\/factory.sale\/fi\/wp-json\/wp\/v2\/product_tag?post=24431"}],"curies":[{"name":"wp","href":"https:\/\/api.w.org\/{rel}","templated":true}]}}