{"id":24218,"date":"2023-03-05T21:17:41","date_gmt":"2023-03-05T21:27:52","guid":{"rendered":"https:\/\/factory.sale\/?post_type=product&#038;p=24218"},"modified":"2025-03-26T00:50:13","modified_gmt":"2025-03-25T21:50:13","slug":"cozy-18-og-tw","status":"publish","type":"product","link":"https:\/\/factory.sale\/fi\/tuote\/cozy-18-og-tw\/","title":{"rendered":"Cozy 18 OG-TW"},"content":{"rendered":"<p>Saunan syd\u00e4n on kiuas. Jos l\u00e4mp\u00f6 ei ole liev\u00e4\u00e4 ja tunnet olosi ep\u00e4mukavaksi, ongelma on yleens\u00e4 liesi.<\/p>\n<p>Puul\u00e4mmitteiset kiukaat sopivat parhaiten miedolle ja pitk\u00e4kestoiselle l\u00e4mm\u00f6lle.<\/p>\n<p>T\u00e4ytt\u00e4v\u00e4t saksalaiset BIMSCH-sertifikaattivaatimukset T\u00dcV-testiss\u00e4 ilman lis\u00e4laitteita.<\/p>\n<p>Kiuas tarvitsee 25% v\u00e4hemm\u00e4n polttoainetta verrattuna vastaaviin kilpailijoiden kiukaisiin. Testiss\u00e4 tarvittiin jopa 40% v\u00e4hemm\u00e4n polttoainetta!!<\/p>\n<p>Savukaasut ovat 6 x puhtaampia verratuna monen kilpailijan tuotteisiin.<\/p>\n<p>Turvaet\u00e4isyys kiukaan ja palavan materiaalin v\u00e4lill\u00e4 (puumateriaali) on vain 230 mm ilman palosuojaa.<\/p>\n<p>COZY 18 on sopiva \u00a020 m3 kokoiseen saunaan.<\/p>\n<p>Kiuaskivet eiv\u00e4t kuulu hintaan!<\/p>\n<p>&nbsp;<\/p>\n<p>&nbsp;<\/p>\n<p><strong>TEKNISET TIEDOT:<\/strong><\/p>\n<ul>\n<li>Teho: 18 kw<\/li>\n<li>Paino: 92 kg<\/li>\n<li>Mitat: L=696, B=498, H=709<\/li>\n<li>Maksimi t\u00e4ytto: 10 kg<\/li>\n<li>Polttoaine: puu \u2013 30 cm<\/li>\n<li>Kivien m\u00e4\u00e4r\u00e4: 160 kg<\/li>\n<li>EAN: 4745010348167\n<div class=\"waffle-input-box-decorator waffle-formula-preview-decorator waffle-formula-preview-partial\">\n<div class=\"waffle-formula-preview-close waffle-formula-preview-button\" tabindex=\"0\" role=\"button\" data-tooltip=\"Sule (F9)\" aria-label=\"Sule (F9)\">\n<div class=\"docs-icon goog-inline-block \">\n<div class=\"docs-icon-img-container docs-icon-img docs-icon-close\" aria-hidden=\"true\"><\/div>\n<\/div>\n<\/div>\n<\/div>\n<div class=\"waffle-input-box-decorator waffle-formula-preview-decorator waffle-formula-preview-partial\">\n<div class=\"waffle-formula-preview-close waffle-formula-preview-button\" tabindex=\"0\" role=\"button\" data-tooltip=\"Sule (F9)\" aria-label=\"Sule (F9)\">\n<div class=\"docs-icon goog-inline-block \">\n<div class=\"docs-icon-img-container docs-icon-img docs-icon-close\" aria-hidden=\"true\"><\/div>\n<\/div>\n<\/div>\n<\/div>\n<\/li>\n<\/ul>\n<p>&nbsp;<\/p>\n<p><a href=\"https:\/\/factory.sale\/wp-content\/uploads\/2023\/03\/COZY-18-drawings.pdf\" target=\"_blank\" rel=\"noopener\">Cozy 18 OG-TW piirustukset<\/a><\/p>\n<p><a href=\"https:\/\/factory.sale\/wp-content\/uploads\/2023\/03\/FI_Manual_COZY12_COZY18.pdf\">Cozy 18 OG-TW manuaalinen<\/a><\/p>\n<p><a href=\"https:\/\/factory.sale\/wp-content\/uploads\/2023\/02\/Confirmation_SGO_HEAT12_1BImSchV.pdf\" target=\"_blank\" rel=\"noopener\">Cozy 18 OG-TW sertifikaati<\/a><\/p>\n","protected":false},"excerpt":{"rendered":"<p>Cozy 18 on sopiva \u00a020 m3 kokoiseen saunaan.<\/p>\n","protected":false},"featured_media":24203,"comment_status":"open","ping_status":"closed","template":"","meta":{"_acf_changed":false},"factory":[],"free-shipment":[],"product_brand":[],"product_cat":[2315,484],"product_tag":[2318],"class_list":{"0":"post-24218","1":"product","2":"type-product","3":"status-publish","4":"has-post-thumbnail","6":"product_cat-cozy-fi","7":"product_cat-saunan-kiukaat","8":"product_tag-cozy-fi","10":"first","11":"instock","12":"sale","13":"taxable","14":"shipping-taxable","15":"purchasable","16":"product-type-simple"},"acf":[],"_links":{"self":[{"href":"https:\/\/factory.sale\/fi\/wp-json\/wp\/v2\/product\/24218","targetHints":{"allow":["GET"]}}],"collection":[{"href":"https:\/\/factory.sale\/fi\/wp-json\/wp\/v2\/product"}],"about":[{"href":"https:\/\/factory.sale\/fi\/wp-json\/wp\/v2\/types\/product"}],"replies":[{"embeddable":true,"href":"https:\/\/factory.sale\/fi\/wp-json\/wp\/v2\/comments?post=24218"}],"wp:featuredmedia":[{"embeddable":true,"href":"https:\/\/factory.sale\/fi\/wp-json\/wp\/v2\/media\/24203"}],"wp:attachment":[{"href":"https:\/\/factory.sale\/fi\/wp-json\/wp\/v2\/media?parent=24218"}],"wp:term":[{"taxonomy":"factory","embeddable":true,"href":"https:\/\/factory.sale\/fi\/wp-json\/wp\/v2\/factory?post=24218"},{"taxonomy":"free-shipment","embeddable":true,"href":"https:\/\/factory.sale\/fi\/wp-json\/wp\/v2\/free-shipment?post=24218"},{"taxonomy":"product_brand","embeddable":true,"href":"https:\/\/factory.sale\/fi\/wp-json\/wp\/v2\/product_brand?post=24218"},{"taxonomy":"product_cat","embeddable":true,"href":"https:\/\/factory.sale\/fi\/wp-json\/wp\/v2\/product_cat?post=24218"},{"taxonomy":"product_tag","embeddable":true,"href":"https:\/\/factory.sale\/fi\/wp-json\/wp\/v2\/product_tag?post=24218"}],"curies":[{"name":"wp","href":"https:\/\/api.w.org\/{rel}","templated":true}]}}