{"id":24162,"date":"2023-03-05T13:45:45","date_gmt":"2023-03-05T13:53:41","guid":{"rendered":"https:\/\/factory.sale\/?post_type=product&#038;p=24162"},"modified":"2025-03-26T01:17:29","modified_gmt":"2025-03-25T22:17:29","slug":"cozy-18-tw","status":"publish","type":"product","link":"https:\/\/factory.sale\/fi\/tuote\/cozy-18-tw\/","title":{"rendered":"Cozy 18 TW"},"content":{"rendered":"<p>COZY 18 TW puul\u00e4mmitteinen kiuas on suunniteltu tuottamaan lempe\u00e4\u00e4 ja kest\u00e4v\u00e4\u00e4 l\u00e4mp\u00f6\u00e4, joten se sopii ihanteellisesti 14-20 m\u00b3:n saunoihin. Sen kest\u00e4v\u00e4 rakenne takaa pitk\u00e4n k\u00e4ytt\u00f6i\u00e4n ja tehokas palamisj\u00e4rjestelm\u00e4 v\u00e4hent\u00e4\u00e4 puun kulutusta. COZY 18 TW on ihanteellinen valinta niille, jotka etsiv\u00e4t tehokasta, ymp\u00e4rist\u00f6yst\u00e4v\u00e4llist\u00e4 ja aitoa saunael\u00e4myst\u00e4 keskikokoisiin tiloihin. Lis\u00e4ksi COZY 18 TW tuottaa savukaasuja, jotka ovat kuusi kertaa puhtaampia kuin muissa vastaavissa kiukaissa, t\u00e4ytt\u00e4en saksalaisen BimSch-sertifikaatin vaatimukset ilman lis\u00e4laitteita.<\/p>\n<p>Tekniset tiedot<\/p>\n<ul>\n<li>Teho: 18 kW<\/li>\n<li>Mitat: L 696 mm x S 498 mm x K 702 mm<\/li>\n<li>Paino: 84 kg<\/li>\n<li>Kivien m\u00e4\u00e4r\u00e4: 160 kg<\/li>\n<li>Maksimi polttoainem\u00e4\u00e4r\u00e4: 10 kg<\/li>\n<li>Polttoaine: Halkoja, enint\u00e4\u00e4n 30 cm pitki\u00e4<\/li>\n<\/ul>\n<p>Turvaet\u00e4isyydet<\/p>\n<ul>\n<li>Sivuilta: 230 mm<\/li>\n<li>Takaa: 230 mm<\/li>\n<li>Edest\u00e4: 500 mm<\/li>\n<li>Katosta: 1 340 mm<\/li>\n<\/ul>\n<p>Pakkaus sis\u00e4lt\u00e4\u00e4<\/p>\n<ul>\n<li>COZY 18 TW puul\u00e4mmitteinen kiuas<\/li>\n<\/ul>\n<p>Huom!<\/p>\n<p>Kiuaskivet eiv\u00e4t kuulu hintaan &#8211;<a href=\"https:\/\/factory.sale\/fi\/tuote\/kiuaskivet-oliviini-diabaasi-10-15cm-20kg\/\" target=\"_blank\" rel=\"noopener\"> sopivat kiuaskivet l\u00f6yd\u00e4t t\u00e4\u00e4lt\u00e4<\/a>.<\/p>\n<p>&nbsp;<\/p>\n<p><a href=\"https:\/\/factory.sale\/wp-content\/uploads\/2023\/03\/COZY-18-TW.pdf\" target=\"_blank\" rel=\"noopener\">Cozy 18 piirustukset<\/a><\/p>\n<p><a href=\"https:\/\/factory.sale\/wp-content\/uploads\/2023\/03\/FI_Manual_COZY12_COZY18.pdf\">Cozy 18 manuaalinen<\/a><\/p>\n<p><a href=\"https:\/\/factory.sale\/wp-content\/uploads\/2023\/02\/Confirmation_SGO_HEAT12_1BImSchV.pdf\" target=\"_blank\" rel=\"noopener\">Cozy 18 sertifikaati<\/a><\/p>\n","protected":false},"excerpt":{"rendered":"<p>COZY 18 TW on korkeatehoinen puul\u00e4mmitteinen kiuas, joka sopii 14-20 m\u00b3 kokoisiin saunoihin. Virossa k\u00e4sity\u00f6n\u00e4 valmistettu COZY 18 TW yhdist\u00e4\u00e4 perinteisen k\u00e4sity\u00f6taidon nykyaikaiseen tehokkuuteen, kuluttaen jopa 25% v\u00e4hemm\u00e4n polttoainetta muihin vastaaviin malleihin verrattuna.<\/p>\n","protected":false},"featured_media":95365,"comment_status":"open","ping_status":"closed","template":"","meta":{"_acf_changed":false},"factory":[],"free-shipment":[],"product_brand":[],"product_cat":[2315,484],"product_tag":[2318,2319,2106],"class_list":{"0":"post-24162","1":"product","2":"type-product","3":"status-publish","4":"has-post-thumbnail","6":"product_cat-cozy-fi","7":"product_cat-saunan-kiukaat","8":"product_tag-cozy-fi","9":"product_tag-heaters-fi","10":"product_tag-sauna-fi","12":"first","13":"instock","14":"sale","15":"taxable","16":"shipping-taxable","17":"purchasable","18":"product-type-simple"},"acf":[],"_links":{"self":[{"href":"https:\/\/factory.sale\/fi\/wp-json\/wp\/v2\/product\/24162","targetHints":{"allow":["GET"]}}],"collection":[{"href":"https:\/\/factory.sale\/fi\/wp-json\/wp\/v2\/product"}],"about":[{"href":"https:\/\/factory.sale\/fi\/wp-json\/wp\/v2\/types\/product"}],"replies":[{"embeddable":true,"href":"https:\/\/factory.sale\/fi\/wp-json\/wp\/v2\/comments?post=24162"}],"wp:featuredmedia":[{"embeddable":true,"href":"https:\/\/factory.sale\/fi\/wp-json\/wp\/v2\/media\/95365"}],"wp:attachment":[{"href":"https:\/\/factory.sale\/fi\/wp-json\/wp\/v2\/media?parent=24162"}],"wp:term":[{"taxonomy":"factory","embeddable":true,"href":"https:\/\/factory.sale\/fi\/wp-json\/wp\/v2\/factory?post=24162"},{"taxonomy":"free-shipment","embeddable":true,"href":"https:\/\/factory.sale\/fi\/wp-json\/wp\/v2\/free-shipment?post=24162"},{"taxonomy":"product_brand","embeddable":true,"href":"https:\/\/factory.sale\/fi\/wp-json\/wp\/v2\/product_brand?post=24162"},{"taxonomy":"product_cat","embeddable":true,"href":"https:\/\/factory.sale\/fi\/wp-json\/wp\/v2\/product_cat?post=24162"},{"taxonomy":"product_tag","embeddable":true,"href":"https:\/\/factory.sale\/fi\/wp-json\/wp\/v2\/product_tag?post=24162"}],"curies":[{"name":"wp","href":"https:\/\/api.w.org\/{rel}","templated":true}]}}