{"id":23541,"date":"2022-12-29T08:48:35","date_gmt":"2023-02-22T12:35:14","guid":{"rendered":"https:\/\/factory.sale\/?post_type=product&#038;p=23541"},"modified":"2024-07-01T09:10:35","modified_gmt":"2024-07-01T09:10:35","slug":"jalkalista-side-pressed-2000-x-50-x-15-mm","status":"publish","type":"product","link":"https:\/\/factory.sale\/fi\/tuote\/jalkalista-side-pressed-2000-x-50-x-15-mm\/","title":{"rendered":"Jalkalista side pressed 2000 x 50 x 15 mm"},"content":{"rendered":"<p>Tuotekoodi: BS-H200, BS -H250<\/p>\n<p>4.50 \u20ac per juoksumetri.<\/p>\n<p>V\u00e4himm\u00e4ism\u00e4\u00e4r\u00e4 t\u00e4m\u00e4n tuotteen ostamiselle on 30.<\/p>\n<p>&nbsp;<\/p>\n<p>&nbsp;<\/p>\n<p>Mitat: 2000 x 50 x 15 mm<br \/>\nSide Pressed jalkalista<br \/>\nS\u00e4vy: Luonnollinen (vaalea) tai karamelli<br \/>\nLakattu<br \/>\nSopii SP -lattioiden kanssa<\/p>\n","protected":false},"excerpt":{"rendered":"<p>Bambusta valmistetut jalkalistat on suunniteltu peitt\u00e4m\u00e4\u00e4n sis\u00e4sein\u00e4n alin kohta.<\/p>\n","protected":false},"featured_media":18340,"comment_status":"open","ping_status":"closed","template":"","meta":{"_acf_changed":false},"factory":[],"free-shipment":[],"product_brand":[],"product_cat":[1686,2300],"product_tag":[],"class_list":{"0":"post-23541","1":"product","2":"type-product","3":"status-publish","4":"has-post-thumbnail","6":"product_cat-bambulattia","7":"product_cat-jalkalistat-ja-lisavarusteet","9":"first","10":"instock","11":"sale","12":"taxable","13":"shipping-taxable","14":"purchasable","15":"product-type-simple"},"acf":[],"_links":{"self":[{"href":"https:\/\/factory.sale\/fi\/wp-json\/wp\/v2\/product\/23541","targetHints":{"allow":["GET"]}}],"collection":[{"href":"https:\/\/factory.sale\/fi\/wp-json\/wp\/v2\/product"}],"about":[{"href":"https:\/\/factory.sale\/fi\/wp-json\/wp\/v2\/types\/product"}],"replies":[{"embeddable":true,"href":"https:\/\/factory.sale\/fi\/wp-json\/wp\/v2\/comments?post=23541"}],"wp:featuredmedia":[{"embeddable":true,"href":"https:\/\/factory.sale\/fi\/wp-json\/wp\/v2\/media\/18340"}],"wp:attachment":[{"href":"https:\/\/factory.sale\/fi\/wp-json\/wp\/v2\/media?parent=23541"}],"wp:term":[{"taxonomy":"factory","embeddable":true,"href":"https:\/\/factory.sale\/fi\/wp-json\/wp\/v2\/factory?post=23541"},{"taxonomy":"free-shipment","embeddable":true,"href":"https:\/\/factory.sale\/fi\/wp-json\/wp\/v2\/free-shipment?post=23541"},{"taxonomy":"product_brand","embeddable":true,"href":"https:\/\/factory.sale\/fi\/wp-json\/wp\/v2\/product_brand?post=23541"},{"taxonomy":"product_cat","embeddable":true,"href":"https:\/\/factory.sale\/fi\/wp-json\/wp\/v2\/product_cat?post=23541"},{"taxonomy":"product_tag","embeddable":true,"href":"https:\/\/factory.sale\/fi\/wp-json\/wp\/v2\/product_tag?post=23541"}],"curies":[{"name":"wp","href":"https:\/\/api.w.org\/{rel}","templated":true}]}}