{"id":23539,"date":"2022-12-29T08:39:53","date_gmt":"2023-02-22T12:33:42","guid":{"rendered":"https:\/\/factory.sale\/?post_type=product&#038;p=23539"},"modified":"2024-06-25T22:24:43","modified_gmt":"2024-06-25T22:24:43","slug":"jalkalista-natural-hd-1830-x-68-x-15","status":"publish","type":"product","link":"https:\/\/factory.sale\/fi\/tuote\/jalkalista-natural-hd-1830-x-68-x-15\/","title":{"rendered":"Jalkalista Natural HD 1830 x 68 x 15"},"content":{"rendered":"<p>Tuotekoodi: BS-DT100-L<\/p>\n<p>5,75 \u20ac per juoksumetri.<\/p>\n<p>V\u00e4himm\u00e4ism\u00e4\u00e4r\u00e4 t\u00e4m\u00e4n tuotteen ostamiselle on 30.<\/p>\n<p>Mitat: 1830 x 68 x 15<br \/>\nHigh-Density jalkalista<br \/>\nS\u00e4vy: Luonnollinen (vaalea)<br \/>\nLakattu<br \/>\nSopii High Density (HD) -lattioiden kanssa<\/p>\n","protected":false},"excerpt":{"rendered":"<p>Bambusta valmistetut jalkalistat on suunniteltu peitt\u00e4m\u00e4\u00e4n sis\u00e4sein\u00e4n alin kohta.<\/p>\n","protected":false},"featured_media":18328,"comment_status":"open","ping_status":"closed","template":"","meta":{"_acf_changed":false},"factory":[],"free-shipment":[],"product_brand":[],"product_cat":[1686,2300],"product_tag":[],"class_list":{"0":"post-23539","1":"product","2":"type-product","3":"status-publish","4":"has-post-thumbnail","6":"product_cat-bambulattia","7":"product_cat-jalkalistat-ja-lisavarusteet","9":"first","10":"instock","11":"sale","12":"taxable","13":"shipping-taxable","14":"purchasable","15":"product-type-simple"},"acf":[],"_links":{"self":[{"href":"https:\/\/factory.sale\/fi\/wp-json\/wp\/v2\/product\/23539","targetHints":{"allow":["GET"]}}],"collection":[{"href":"https:\/\/factory.sale\/fi\/wp-json\/wp\/v2\/product"}],"about":[{"href":"https:\/\/factory.sale\/fi\/wp-json\/wp\/v2\/types\/product"}],"replies":[{"embeddable":true,"href":"https:\/\/factory.sale\/fi\/wp-json\/wp\/v2\/comments?post=23539"}],"wp:featuredmedia":[{"embeddable":true,"href":"https:\/\/factory.sale\/fi\/wp-json\/wp\/v2\/media\/18328"}],"wp:attachment":[{"href":"https:\/\/factory.sale\/fi\/wp-json\/wp\/v2\/media?parent=23539"}],"wp:term":[{"taxonomy":"factory","embeddable":true,"href":"https:\/\/factory.sale\/fi\/wp-json\/wp\/v2\/factory?post=23539"},{"taxonomy":"free-shipment","embeddable":true,"href":"https:\/\/factory.sale\/fi\/wp-json\/wp\/v2\/free-shipment?post=23539"},{"taxonomy":"product_brand","embeddable":true,"href":"https:\/\/factory.sale\/fi\/wp-json\/wp\/v2\/product_brand?post=23539"},{"taxonomy":"product_cat","embeddable":true,"href":"https:\/\/factory.sale\/fi\/wp-json\/wp\/v2\/product_cat?post=23539"},{"taxonomy":"product_tag","embeddable":true,"href":"https:\/\/factory.sale\/fi\/wp-json\/wp\/v2\/product_tag?post=23539"}],"curies":[{"name":"wp","href":"https:\/\/api.w.org\/{rel}","templated":true}]}}