{"id":23529,"date":"2022-12-28T08:56:46","date_gmt":"2023-02-22T12:15:51","guid":{"rendered":"https:\/\/factory.sale\/?post_type=product&#038;p=23529"},"modified":"2024-07-01T14:22:09","modified_gmt":"2024-07-01T14:22:09","slug":"bambulattia-topbamboo-high-density-natural","status":"publish","type":"product","link":"https:\/\/factory.sale\/fi\/tuote\/bambulattia-topbamboo-high-density-natural\/","title":{"rendered":"Bambulattia Topbamboo High Density Natural"},"content":{"rendered":"<div id=\"tab-description\" class=\"woocommerce-Tabs-panel woocommerce-Tabs-panel--description panel entry-content wc-tab\" role=\"tabpanel\" aria-labelledby=\"tab-title-description\">\n<p>Tuotekoodi: BF-SW1210-L01<\/p>\n<p>48.40 \u20ac\/m2.<\/p>\n<p>V\u00e4himm\u00e4ism\u00e4\u00e4r\u00e4 t\u00e4m\u00e4n tuotteen ostamiselle on 30 m2.<\/p>\n<p>MOSO\u00ae Topbamboo sopii kaikille, jotka haluavat laadukkaan ja nopeasti asennettavan lattiap\u00e4\u00e4llysteen\u00a0edulliseen hintaan. Useiden s\u00e4vyjen ja tekstuurien, mukaan lukien harjatut versiot, ansiosta lattia sopii joka\u00a0sisustuksessa. Topbamboo-asennus on helppoa ja nopeaa. Parketti voidaan asentaa kelluvasti.\u00a0MOSO\u00ae Topbamboo koostuu bambusta tehdyst\u00e4 pintakerroksesta, joka on puristettu HDF-ytimen p\u00e4\u00e4lle ja\u00a0sitten m\u00e4nty pohjakerrokseen. T\u00e4m\u00e4n kolmikerroksisen rakenteen ansiosta lattialaudat ovat eritt\u00e4in\u00a0vakaita.\u00a0MOSO Topbamboo -mallisto on helposti asennettava lattiap\u00e4\u00e4llyste, joka on edullinen ja jota on saatavana<br \/>\nlaajassa valikoimassa v\u00e4rej\u00e4, kuvioita ja viimeistelyj\u00e4.<\/p>\n<p>&nbsp;<\/p>\n<p>3-kerroksinen, HDF keskikerros<br \/>\nHiottava kerros: 2,5 mm (super vahva HD)<br \/>\nLakattu<br \/>\nP\u00e4\u00e4st\u00f6t: E0<br \/>\nMitat: 920 x 125 x 10 mm<\/p>\n<p>Parketti voidaan asentaa liimaten ja kelluvasti (Uniclic systeemi)<br \/>\nLattial\u00e4mmityst\u00e4 k\u00e4ytett\u00e4ess\u00e4 parketti on liimattava alustaan<br \/>\nTakuu: 10 vuotta<br \/>\nTuotteella on ISO 9001 -sertifikaatti<br \/>\nTuote on ennakkotilattavissa<br \/>\nToimitusaika 2-3 viikkoa<\/p>\n<p>&nbsp;<\/p>\n<p><a href=\"https:\/\/factory.sale\/wp-content\/uploads\/2022\/12\/Floorselector-4.pdf\" target=\"_blank\" rel=\"noopener\">MOSO lattian valinta<\/a><\/p>\n<\/div>\n","protected":false},"excerpt":{"rendered":"<p>MOSO\u00ae Topbamboo sopii kaikille, jotka haluavat laadukkaan ja nopeasti asennettavan lattiap\u00e4\u00e4llysteen\u00a0edulliseen hintaan. Useiden s\u00e4vyjen ja tekstuurien, mukaan lukien harjatut versiot, ansiosta lattia sopii joka\u00a0sisustuksessa. Topbamboo-asennus on helppoa ja nopeaa. Parketti voidaan asentaa kelluvasti.<\/p>\n","protected":false},"featured_media":18126,"comment_status":"open","ping_status":"closed","template":"","meta":{"_acf_changed":false},"factory":[],"free-shipment":[],"product_brand":[],"product_cat":[1686,1736],"product_tag":[],"class_list":{"0":"post-23529","1":"product","2":"type-product","3":"status-publish","4":"has-post-thumbnail","6":"product_cat-bambulattia","7":"product_cat-moso-topbamboo-kokoelma","9":"first","10":"instock","11":"sale","12":"taxable","13":"shipping-taxable","14":"purchasable","15":"product-type-simple"},"acf":[],"_links":{"self":[{"href":"https:\/\/factory.sale\/fi\/wp-json\/wp\/v2\/product\/23529","targetHints":{"allow":["GET"]}}],"collection":[{"href":"https:\/\/factory.sale\/fi\/wp-json\/wp\/v2\/product"}],"about":[{"href":"https:\/\/factory.sale\/fi\/wp-json\/wp\/v2\/types\/product"}],"replies":[{"embeddable":true,"href":"https:\/\/factory.sale\/fi\/wp-json\/wp\/v2\/comments?post=23529"}],"wp:featuredmedia":[{"embeddable":true,"href":"https:\/\/factory.sale\/fi\/wp-json\/wp\/v2\/media\/18126"}],"wp:attachment":[{"href":"https:\/\/factory.sale\/fi\/wp-json\/wp\/v2\/media?parent=23529"}],"wp:term":[{"taxonomy":"factory","embeddable":true,"href":"https:\/\/factory.sale\/fi\/wp-json\/wp\/v2\/factory?post=23529"},{"taxonomy":"free-shipment","embeddable":true,"href":"https:\/\/factory.sale\/fi\/wp-json\/wp\/v2\/free-shipment?post=23529"},{"taxonomy":"product_brand","embeddable":true,"href":"https:\/\/factory.sale\/fi\/wp-json\/wp\/v2\/product_brand?post=23529"},{"taxonomy":"product_cat","embeddable":true,"href":"https:\/\/factory.sale\/fi\/wp-json\/wp\/v2\/product_cat?post=23529"},{"taxonomy":"product_tag","embeddable":true,"href":"https:\/\/factory.sale\/fi\/wp-json\/wp\/v2\/product_tag?post=23529"}],"curies":[{"name":"wp","href":"https:\/\/api.w.org\/{rel}","templated":true}]}}