{"id":23520,"date":"2022-12-28T08:39:44","date_gmt":"2023-02-22T12:01:58","guid":{"rendered":"https:\/\/factory.sale\/?post_type=product&#038;p=23520"},"modified":"2024-06-25T22:56:44","modified_gmt":"2024-06-25T22:56:44","slug":"bambulattia-topbamboo-high-density-caramel","status":"publish","type":"product","link":"https:\/\/factory.sale\/fi\/tuote\/bambulattia-topbamboo-high-density-caramel\/","title":{"rendered":"Bambulattia Topbamboo High Density Caramel"},"content":{"rendered":"<p>Tuotekoodi: BF-SW12601-L01<\/p>\n<p>48.70 \u20ac\/m2.<\/p>\n<p>V\u00e4himm\u00e4ism\u00e4\u00e4r\u00e4 t\u00e4m\u00e4n tuotteen ostamiselle on 30 m2.<\/p>\n<p>MOSO\u00ae Topbamboo sopii kaikille, jotka haluavat laadukkaan ja nopeasti asennettavan lattiap\u00e4\u00e4llysteen edulliseen hintaan. Useiden s\u00e4vyjen ja tekstuurien, mukaan lukien harjatut versiot, ansiosta lattia sopii joka sisustuksessa. Topbamboo-asennus on helppoa ja nopeaa. Parketti voidaan asentaa kelluvasti. MOSO\u00ae Topbamboo koostuu bambusta tehdyst\u00e4 pintakerroksesta, joka on puristettu HDF-ytimen p\u00e4\u00e4lle ja sitten m\u00e4nty pohjakerrokseen. T\u00e4m\u00e4n kolmikerroksisen rakenteen ansiosta lattialaudat ovat eritt\u00e4in vakaita. MOSO Topbamboo -mallisto on helposti asennettava lattiap\u00e4\u00e4llyste, joka on edullinen ja jota on saatavana laajassa valikoimassa v\u00e4rej\u00e4, kuvioita ja viimeistelyj\u00e4.<\/p>\n<p>&nbsp;<\/p>\n<p>3-kerroksinen, HDF keskikerros<br \/>\nLakattu (Treffert)<\/p>\n<p>S\u00e4vy: Karamelli<br \/>\nP\u00e4\u00e4st\u00f6t: E0<br \/>\nMitat: 920 x 125 x 10 mm<br \/>\nHiottava kerros: 2,5 mm (Eritt\u00e4in vahva HD)<br \/>\nParketti voidaan asentaa liimaten ja kelluvasti (Uniclic systeemi)<br \/>\nLattial\u00e4mmityst\u00e4 k\u00e4ytett\u00e4ess\u00e4 parketti on liimattava alustaan<br \/>\nTakuu: 10 vuotta<br \/>\nTuotteella on ISO 9001 -sertifikaatti<br \/>\nTuote on ennakkotilattavissa<br \/>\nToimitusaika 2-3 viikkoa<\/p>\n<p>&nbsp;<\/p>\n<p><a href=\"https:\/\/factory.sale\/wp-content\/uploads\/2022\/12\/Floorselector-4.pdf\" target=\"_blank\" rel=\"noopener\">MOSO lattian valinta<\/a><\/p>\n","protected":false},"excerpt":{"rendered":"<p>MOSO\u00ae Topbamboo sopii kaikille, jotka haluavat laadukkaan ja nopeasti asennettavan lattiap\u00e4\u00e4llysteenedulliseen hintaan. Useiden s\u00e4vyjen ja tekstuurien, mukaan lukien harjatut versiot, ansiosta lattia sopii joka sisustuksessa. Topbamboo-asennus on helppoa ja nopeaa. Parketti voidaan asentaa kelluvasti.<\/p>\n","protected":false},"featured_media":18117,"comment_status":"open","ping_status":"closed","template":"","meta":{"_acf_changed":false},"factory":[],"free-shipment":[],"product_brand":[],"product_cat":[1686,1736],"product_tag":[],"class_list":{"0":"post-23520","1":"product","2":"type-product","3":"status-publish","4":"has-post-thumbnail","6":"product_cat-bambulattia","7":"product_cat-moso-topbamboo-kokoelma","9":"first","10":"instock","11":"sale","12":"taxable","13":"shipping-taxable","14":"purchasable","15":"product-type-simple"},"acf":[],"_links":{"self":[{"href":"https:\/\/factory.sale\/fi\/wp-json\/wp\/v2\/product\/23520","targetHints":{"allow":["GET"]}}],"collection":[{"href":"https:\/\/factory.sale\/fi\/wp-json\/wp\/v2\/product"}],"about":[{"href":"https:\/\/factory.sale\/fi\/wp-json\/wp\/v2\/types\/product"}],"replies":[{"embeddable":true,"href":"https:\/\/factory.sale\/fi\/wp-json\/wp\/v2\/comments?post=23520"}],"wp:featuredmedia":[{"embeddable":true,"href":"https:\/\/factory.sale\/fi\/wp-json\/wp\/v2\/media\/18117"}],"wp:attachment":[{"href":"https:\/\/factory.sale\/fi\/wp-json\/wp\/v2\/media?parent=23520"}],"wp:term":[{"taxonomy":"factory","embeddable":true,"href":"https:\/\/factory.sale\/fi\/wp-json\/wp\/v2\/factory?post=23520"},{"taxonomy":"free-shipment","embeddable":true,"href":"https:\/\/factory.sale\/fi\/wp-json\/wp\/v2\/free-shipment?post=23520"},{"taxonomy":"product_brand","embeddable":true,"href":"https:\/\/factory.sale\/fi\/wp-json\/wp\/v2\/product_brand?post=23520"},{"taxonomy":"product_cat","embeddable":true,"href":"https:\/\/factory.sale\/fi\/wp-json\/wp\/v2\/product_cat?post=23520"},{"taxonomy":"product_tag","embeddable":true,"href":"https:\/\/factory.sale\/fi\/wp-json\/wp\/v2\/product_tag?post=23520"}],"curies":[{"name":"wp","href":"https:\/\/api.w.org\/{rel}","templated":true}]}}