{"id":23514,"date":"2022-12-28T13:40:42","date_gmt":"2023-02-22T11:44:21","guid":{"rendered":"https:\/\/factory.sale\/?post_type=product&#038;p=23514"},"modified":"2024-06-28T05:21:03","modified_gmt":"2024-06-28T05:21:03","slug":"bambulattia-purebamboo-plain-pressed-natural-lakattu","status":"publish","type":"product","link":"https:\/\/factory.sale\/fi\/tuote\/bambulattia-purebamboo-plain-pressed-natural-lakattu\/","title":{"rendered":"Bambulattia Purebamboo Plain Pressed Natural (lakattu)"},"content":{"rendered":"<p>Tuotekoodi: BF-LA810<\/p>\n<p>51.50 \u20ac\/m2.<\/p>\n<p>V\u00e4himm\u00e4ism\u00e4\u00e4r\u00e4 t\u00e4m\u00e4n tuotteen ostamiselle on 30 m2.<\/p>\n<p>MOSO Purebamboo on omaper\u00e4inen ja kaunis, massiivibambulattia. Laadukkaat lattialaudat\u00a0massiivibambusta.<br \/>\nMOSO\u00ae Purebamboo on ihanteellinen lattiavalinta kaikille, jotka haluavat kotiinsa omaper\u00e4isen, tyylikk\u00e4\u00e4n ja laadukkaan lattian. T\u00e4m\u00e4 lattialauta sopii erilaisten bambukuvioiden ja -s\u00e4vyjens\u00e4 ansiosta k\u00e4yt\u00e4nn\u00f6ss\u00e4 joka sisustukseen, mik\u00e4 v\u00e4hent\u00e4\u00e4 merkitt\u00e4v\u00e4sti ekologista jalanj\u00e4lke\u00e4si. MOSO\u00ae Purebamboo koostuu kompakteista massiivibambunipuista, jotka on liitetty teollisesti yhteen. MOSO Pure -lattialauta on valmistettu bambunauhoista, jotka liitet\u00e4\u00e4n yhteen joko vaakasuunnassa (Plain<br \/>\nPressed), pystysuunnassa (Side Pressed) tai korkeapainepuristus- ja l\u00e4mp\u00f6k\u00e4sittely menetelm\u00e4ll\u00e4 (High Density\u00ae).<\/p>\n<p>&nbsp;<\/p>\n<p>1-kerroksinen, 100% bambua<br \/>\nLakattu (Treffert)<br \/>\nS\u00e4vy: Luonnollinen<br \/>\nP\u00e4\u00e4st\u00f6t: E0<br \/>\nCO2 neutraali<br \/>\nMitat: 960 x 96 x 15 mm<br \/>\nParketti voidaan asentaa liimaten ja kelluvasti<br \/>\nLattial\u00e4mmityst\u00e4 k\u00e4ytett\u00e4ess\u00e4 parketti on liimattava alustaan<br \/>\nTakuu: 30 vuotta<br \/>\nTuotteella on ISO 9001 -sertifikaatti<br \/>\nTuote on ennakkotilattavissa<br \/>\nToimitusaika 2-3 viikkoa<\/p>\n<p>&nbsp;<\/p>\n<p>&nbsp;<\/p>\n<p><a href=\"https:\/\/factory.sale\/wp-content\/uploads\/2022\/12\/Floorselector-4.pdf\" target=\"_blank\" rel=\"noopener\">MOSO lattian valinta<\/a><\/p>\n","protected":false},"excerpt":{"rendered":"<p>MOSO Purebamboo on omaper\u00e4inen ja kaunis, massiivibambulattia. Laadukkaat lattialaudat\u00a0massiivibambusta. MOSO\u00ae Purebamboo on ihanteellinen lattiavalinta kaikille, jotka haluavat kotiinsa\u00a0omaper\u00e4isen, tyylikk\u00e4\u00e4n ja laadukkaan lattian.<\/p>\n","protected":false},"featured_media":18243,"comment_status":"open","ping_status":"closed","template":"","meta":{"_acf_changed":false},"factory":[],"free-shipment":[],"product_brand":[],"product_cat":[1686,2299],"product_tag":[],"class_list":{"0":"post-23514","1":"product","2":"type-product","3":"status-publish","4":"has-post-thumbnail","6":"product_cat-bambulattia","7":"product_cat-moso-purebamboo-kokoelma","9":"first","10":"instock","11":"sale","12":"taxable","13":"shipping-taxable","14":"purchasable","15":"product-type-simple"},"acf":[],"_links":{"self":[{"href":"https:\/\/factory.sale\/fi\/wp-json\/wp\/v2\/product\/23514","targetHints":{"allow":["GET"]}}],"collection":[{"href":"https:\/\/factory.sale\/fi\/wp-json\/wp\/v2\/product"}],"about":[{"href":"https:\/\/factory.sale\/fi\/wp-json\/wp\/v2\/types\/product"}],"replies":[{"embeddable":true,"href":"https:\/\/factory.sale\/fi\/wp-json\/wp\/v2\/comments?post=23514"}],"wp:featuredmedia":[{"embeddable":true,"href":"https:\/\/factory.sale\/fi\/wp-json\/wp\/v2\/media\/18243"}],"wp:attachment":[{"href":"https:\/\/factory.sale\/fi\/wp-json\/wp\/v2\/media?parent=23514"}],"wp:term":[{"taxonomy":"factory","embeddable":true,"href":"https:\/\/factory.sale\/fi\/wp-json\/wp\/v2\/factory?post=23514"},{"taxonomy":"free-shipment","embeddable":true,"href":"https:\/\/factory.sale\/fi\/wp-json\/wp\/v2\/free-shipment?post=23514"},{"taxonomy":"product_brand","embeddable":true,"href":"https:\/\/factory.sale\/fi\/wp-json\/wp\/v2\/product_brand?post=23514"},{"taxonomy":"product_cat","embeddable":true,"href":"https:\/\/factory.sale\/fi\/wp-json\/wp\/v2\/product_cat?post=23514"},{"taxonomy":"product_tag","embeddable":true,"href":"https:\/\/factory.sale\/fi\/wp-json\/wp\/v2\/product_tag?post=23514"}],"curies":[{"name":"wp","href":"https:\/\/api.w.org\/{rel}","templated":true}]}}