{"id":23506,"date":"2022-12-27T13:48:29","date_gmt":"2023-02-22T11:30:12","guid":{"rendered":"https:\/\/factory.sale\/?post_type=product&#038;p=23506"},"modified":"2024-06-26T01:28:22","modified_gmt":"2024-06-26T01:28:22","slug":"bambulattia-moso-bamboo-elite-premium-side-pressed-natural-white-lakattu","status":"publish","type":"product","link":"https:\/\/factory.sale\/fi\/tuote\/bambulattia-moso-bamboo-elite-premium-side-pressed-natural-white-lakattu\/","title":{"rendered":"Bambulattia MOSO bamboo Elite Premium Side Pressed Natural White (lakattu)"},"content":{"rendered":"<p>Tuotekoodi: BF-EL321-02<\/p>\n<p>67.50 \u20ac\/m2.<\/p>\n<p>V\u00e4himm\u00e4ism\u00e4\u00e4r\u00e4 t\u00e4m\u00e4n tuotteen ostamiselle on 30 m2.<\/p>\n<p>MOSO Elite Premium: pisin ja levein lauta.<\/p>\n<p>MOSO\u00ae Bamboo Elite Premium on lattialauta, joka on viel\u00e4 pidempi ja leve\u00e4mpi kuin Bamboo Elite.\u00a0Asennuksen helpottamiseksi levyt on varustettu napsautusj\u00e4rjestelm\u00e4ll\u00e4. T\u00e4m\u00e4 on luonnollinen parketti,\u00a0jota ei tarvitse liimata kotioloissa vesikiertoista lattial\u00e4mmityst\u00e4 k\u00e4ytett\u00e4ess\u00e4 aluslattiaan! MOSO\u00ae\u00a0Bamboo Elite -lattiamallisto on nyt laajentunut nelj\u00e4ll\u00e4 uudella premium-luokan parketilla.\u00a0Uuden luonnollisen valkoisen v\u00e4rin ja uuden pintak\u00e4sittelyn lis\u00e4ksi MOSO\u00ae on parantanut my\u00f6s\u00a0lattiap\u00e4\u00e4llysteen teknisi\u00e4 ominaisuuksia: merkitt\u00e4v\u00e4sti lis\u00e4nnyt vakautta leve\u00e4mmill\u00e4 laudoilla ja\u00a0moiteettomalla napsautusj\u00e4rjestelm\u00e4ll\u00e4 parketin k\u00e4tev\u00e4\u00e4 kelluvaa asennusta varten. Koska kyseess\u00e4 on\u00a0yksi markkinoiden kest\u00e4vimmist\u00e4 ja rakkaimman n\u00e4k\u00f6isist\u00e4 luonnollisista parketeista, se on ehdottomasti\u00a0moderni ja esteettinen valinta. Parketin leve\u00e4 muoto ei ainoastaan tee huoneista tilavampia, vaan lis\u00e4\u00e4\u00a0my\u00f6s ylellisyytt\u00e4. Premium lauta muistuttaa mitoiltaan arvokkaiden kartanoiden tammiparketteja.\u00a0T\u00e4m\u00e4n ilmeen saavuttamiseksi MOSO\u00ae Bamboo Elite Premium -parkettilaudat ovat 190 mm leveit\u00e4.\u00a0Premium -lattialauta on 31 mm leve\u00e4mpi kuin alkuper\u00e4inen Bamboo Elite -lattialauta, joka on jo 159 mm\u00a0leve\u00e4, eli leve\u00e4mpi kuin useimmat bambulattiat. T\u00e4m\u00e4 uusi lautakoko on mahdollista ristiin laminoitujen\u00a0bambu keskikerrosten paremman vakauden ansiosta. MOSO\u00ae puristaa bambuliuskoja optimoidussa\u00a0tuotantoprosessissa, jossa k\u00e4ytet\u00e4\u00e4n innovatiivisimpia tekniikoita.<\/p>\n<p>&nbsp;<\/p>\n<p>100 % bambua<br \/>\n3-kerroksinen<br \/>\nLakattu (Bona)<br \/>\nMitat: 1850 x 190 x 15 mm<br \/>\nHiottavan kerroksen (4 mm) Brinell-kovuus: 9,5 kg\/mm2<br \/>\nParketti voidaan asentaa liimaten ja kelluvasti<br \/>\nLattial\u00e4mmityst\u00e4 k\u00e4ytett\u00e4ess\u00e4 parkettia ei tarvitse liimata alustaan<br \/>\nTakuu: 30 vuotta<br \/>\nCO2 neutraali<br \/>\nTuotteella on ISO 9001 -sertifikaatti<br \/>\nTuote on ennakkotilattavissa<br \/>\nToimitusaika 2-3 viikkoa<\/p>\n<p>&nbsp;<\/p>\n<p><a href=\"https:\/\/factory.sale\/wp-content\/uploads\/2022\/12\/Floorselector-4.pdf\" target=\"_blank\" rel=\"noopener\">MOSO lattian valinta<\/a><\/p>\n","protected":false},"excerpt":{"rendered":"<p>MOSO\u00ae Bamboo Elite Premium on lattialauta, joka on viel\u00e4 pidempi ja leve\u00e4mpi kuin Bamboo Elite.\u00a0Asennuksen helpottamiseksi levyt on varustettu napsautusj\u00e4rjestelm\u00e4ll\u00e4. T\u00e4m\u00e4 on luonnollinen parketti,\u00a0jota ei tarvitse liimata kotioloissa vesikiertoista lattial\u00e4mmityst\u00e4 k\u00e4ytett\u00e4ess\u00e4 aluslattiaan!<\/p>\n<p>&nbsp;<\/p>\n","protected":false},"featured_media":18010,"comment_status":"open","ping_status":"closed","template":"","meta":{"_acf_changed":false},"factory":[],"free-shipment":[],"product_brand":[],"product_cat":[1686,1710],"product_tag":[],"class_list":{"0":"post-23506","1":"product","2":"type-product","3":"status-publish","4":"has-post-thumbnail","6":"product_cat-bambulattia","7":"product_cat-moso-bamboo-elite-premium-kokoelma","9":"first","10":"instock","11":"sale","12":"taxable","13":"shipping-taxable","14":"purchasable","15":"product-type-simple"},"acf":[],"_links":{"self":[{"href":"https:\/\/factory.sale\/fi\/wp-json\/wp\/v2\/product\/23506","targetHints":{"allow":["GET"]}}],"collection":[{"href":"https:\/\/factory.sale\/fi\/wp-json\/wp\/v2\/product"}],"about":[{"href":"https:\/\/factory.sale\/fi\/wp-json\/wp\/v2\/types\/product"}],"replies":[{"embeddable":true,"href":"https:\/\/factory.sale\/fi\/wp-json\/wp\/v2\/comments?post=23506"}],"wp:featuredmedia":[{"embeddable":true,"href":"https:\/\/factory.sale\/fi\/wp-json\/wp\/v2\/media\/18010"}],"wp:attachment":[{"href":"https:\/\/factory.sale\/fi\/wp-json\/wp\/v2\/media?parent=23506"}],"wp:term":[{"taxonomy":"factory","embeddable":true,"href":"https:\/\/factory.sale\/fi\/wp-json\/wp\/v2\/factory?post=23506"},{"taxonomy":"free-shipment","embeddable":true,"href":"https:\/\/factory.sale\/fi\/wp-json\/wp\/v2\/free-shipment?post=23506"},{"taxonomy":"product_brand","embeddable":true,"href":"https:\/\/factory.sale\/fi\/wp-json\/wp\/v2\/product_brand?post=23506"},{"taxonomy":"product_cat","embeddable":true,"href":"https:\/\/factory.sale\/fi\/wp-json\/wp\/v2\/product_cat?post=23506"},{"taxonomy":"product_tag","embeddable":true,"href":"https:\/\/factory.sale\/fi\/wp-json\/wp\/v2\/product_tag?post=23506"}],"curies":[{"name":"wp","href":"https:\/\/api.w.org\/{rel}","templated":true}]}}