{"id":23498,"date":"2022-12-29T07:38:57","date_gmt":"2023-02-22T11:16:11","guid":{"rendered":"https:\/\/factory.sale\/?post_type=product&#038;p=23498"},"modified":"2024-06-28T00:55:25","modified_gmt":"2024-06-28T00:55:25","slug":"bambulattia-industriale-high-density-natural","status":"publish","type":"product","link":"https:\/\/factory.sale\/fi\/tuote\/bambulattia-industriale-high-density-natural\/","title":{"rendered":"BAMBULATTIA INDUSTRIALE HIGH DENSITY NATURAL"},"content":{"rendered":"<p>Tuotekoodi: BF-PR1000<\/p>\n<p>48.40\/m2.<\/p>\n<p>V\u00e4himm\u00e4ism\u00e4\u00e4r\u00e4 t\u00e4m\u00e4n tuotteen ostamiselle on 30 m2.<\/p>\n<p>MOSO\u00ae Bamboo Industriale -sauvaparketti on erinomainen valinta niille, joilla on korkeat vaatimukset materiaalin hinnan, kest\u00e4vyyden, ymp\u00e4rist\u00f6vaikutusten ja yleisen vakauden suhteen. T\u00e4m\u00e4 lattia antaa rakennuksellesi ainutlaatuisen ja koordinoidun lattiakuvion. Paksun hiottavan kerroksen (jopa 15 mm) ansiosta t\u00e4m\u00e4 lattia kest\u00e4\u00e4 useita sukupolvia ja on my\u00f6s t\u00e4ysin CO2-neutraali. MOSO Bamboo Industrialen asennus kannattaa tilata ammattilaisilta. MOSO\u00ae Bamboo Industriale -paneeli koostuu lyhyist\u00e4 vahvoista bambunauhoista, jotka varmistavat ainutlaatuisen ja kauniin lopputuloksen tikapuukuviolla. Yhteen kiinnitetyt bambu nauhat liimataan aluslattiaan, hiotaan, t\u00e4ytet\u00e4\u00e4n ja viimeistell\u00e4\u00e4n lattian asentajan toimesta.<br \/>\nT\u00e4m\u00e4 kest\u00e4v\u00e4 lattia vaatii hiontaa eripaksuisilla hiomapapereilla ja \u00f6ljy\u00e4mist\u00e4 asennuksen j\u00e4lkeen.<\/p>\n<p>&nbsp;<\/p>\n<p>mitat: 300x200x10 mm<br \/>\nk\u00e4sittelem\u00e4t\u00f6n<br \/>\nhiottava kerros: 10 mm<br \/>\neritt\u00e4in vakaa lattia<br \/>\nihanteellinen valinta lattial\u00e4mmityksen yhteydess\u00e4<br \/>\nhyv\u00e4 valinta julkisiin tiloihin<br \/>\nvalmistettu tiivistetyist\u00e4 bambunauhoista<\/p>\n<p>&nbsp;<\/p>\n<p>&nbsp;<\/p>\n<p><a href=\"https:\/\/factory.sale\/wp-content\/uploads\/2022\/12\/Floorselector-4.pdf\" target=\"_blank\" rel=\"noopener\">MOSO lattian valinta<\/a><\/p>\n","protected":false},"excerpt":{"rendered":"<p>MOSO\u00ae Bamboo Industriale -sauvaparketti on erinomainen valinta niille, joilla on korkeat vaatimukset\u00a0materiaalin hinnan, kest\u00e4vyyden, ymp\u00e4rist\u00f6vaikutusten ja yleisen vakauden suhteen. T\u00e4m\u00e4 lattia antaa\u00a0rakennuksellesi ainutlaatuisen ja koordinoidun lattiakuvion. Paksun hiottavan kerroksen (jopa 15 mm)\u00a0ansiosta t\u00e4m\u00e4 lattia kest\u00e4\u00e4 useita sukupolvia ja on my\u00f6s t\u00e4ysin CO2-neutraali.<\/p>\n","protected":false},"featured_media":18297,"comment_status":"open","ping_status":"closed","template":"","meta":{"_acf_changed":false},"factory":[],"free-shipment":[],"product_brand":[],"product_cat":[1686,1779],"product_tag":[],"class_list":{"0":"post-23498","1":"product","2":"type-product","3":"status-publish","4":"has-post-thumbnail","6":"product_cat-bambulattia","7":"product_cat-moso-bamboo-industriale-fi","9":"first","10":"instock","11":"sale","12":"taxable","13":"shipping-taxable","14":"purchasable","15":"product-type-simple"},"acf":[],"_links":{"self":[{"href":"https:\/\/factory.sale\/fi\/wp-json\/wp\/v2\/product\/23498","targetHints":{"allow":["GET"]}}],"collection":[{"href":"https:\/\/factory.sale\/fi\/wp-json\/wp\/v2\/product"}],"about":[{"href":"https:\/\/factory.sale\/fi\/wp-json\/wp\/v2\/types\/product"}],"replies":[{"embeddable":true,"href":"https:\/\/factory.sale\/fi\/wp-json\/wp\/v2\/comments?post=23498"}],"wp:featuredmedia":[{"embeddable":true,"href":"https:\/\/factory.sale\/fi\/wp-json\/wp\/v2\/media\/18297"}],"wp:attachment":[{"href":"https:\/\/factory.sale\/fi\/wp-json\/wp\/v2\/media?parent=23498"}],"wp:term":[{"taxonomy":"factory","embeddable":true,"href":"https:\/\/factory.sale\/fi\/wp-json\/wp\/v2\/factory?post=23498"},{"taxonomy":"free-shipment","embeddable":true,"href":"https:\/\/factory.sale\/fi\/wp-json\/wp\/v2\/free-shipment?post=23498"},{"taxonomy":"product_brand","embeddable":true,"href":"https:\/\/factory.sale\/fi\/wp-json\/wp\/v2\/product_brand?post=23498"},{"taxonomy":"product_cat","embeddable":true,"href":"https:\/\/factory.sale\/fi\/wp-json\/wp\/v2\/product_cat?post=23498"},{"taxonomy":"product_tag","embeddable":true,"href":"https:\/\/factory.sale\/fi\/wp-json\/wp\/v2\/product_tag?post=23498"}],"curies":[{"name":"wp","href":"https:\/\/api.w.org\/{rel}","templated":true}]}}