{"id":23492,"date":"2022-12-27T15:47:35","date_gmt":"2023-02-22T10:58:32","guid":{"rendered":"https:\/\/factory.sale\/?post_type=product&#038;p=23492"},"modified":"2024-06-25T22:57:23","modified_gmt":"2024-06-25T22:57:23","slug":"bambulattia-bamboo-supreme-plain-pressed-natural-lakattu-tai-oljytty","status":"publish","type":"product","link":"https:\/\/factory.sale\/fi\/tuote\/bambulattia-bamboo-supreme-plain-pressed-natural-lakattu-tai-oljytty\/","title":{"rendered":"BAMBULATTIA BAMBOO SUPREME PLAIN PRESSED NATURAL (LAKATTU TAI \u00d6LJYTTY)"},"content":{"rendered":"<p>Tuotekoodi: BF-LA403<\/p>\n<p>56.40\/m2.<\/p>\n<p>V\u00e4himm\u00e4ism\u00e4\u00e4r\u00e4 t\u00e4m\u00e4n tuotteen ostamiselle on 30 m2.<\/p>\n<p>MOSO\u00ae Bamboo Supreme -parkettikokoelmassa on laaja valikoima erilaisia bambulamellityylej\u00e4 ja &#8211; v\u00e4rej\u00e4. Keveytens\u00e4 ansiosta MOSO Supreme -lauta on eritt\u00e4in helppo ja k\u00e4tev\u00e4 asentaa. Lattialauta itsess\u00e4\u00e4n koostuu kahdesta kerroksesta bambua: 4 mm:n p\u00e4\u00e4llimm\u00e4isest\u00e4 kerroksesta ja pohjakerroksesta, joka on tehty ristiin puristetuista bambunauhoista.<br \/>\nPintakerros on hiottava, joten lattia on helppo entis\u00f6id\u00e4. Huomattavasti paksumpi pintakerros takaa parketin pitk\u00e4n k\u00e4ytt\u00f6i\u00e4n. Laudan kokonaispaksuus on 10 mm ja se on ohuempi kuin muut puulattiat. T\u00e4m\u00e4 on etu kunnostusprojekteissa, joissa uusi lattia asennetaan suoraan olemassa olevan vanhan lattian p\u00e4\u00e4lle. Ohuempi lattialauta mahdollistaa my\u00f6s paremman l\u00e4mm\u00f6nsiirron ja siksi Bamboo Supreme sopii erityisen hyvin asennettavaksi rakennukseen, jossa on vesikiertoinen lattial\u00e4mmitys.<\/p>\n<p>&nbsp;<\/p>\n<p>100 % bambua<br \/>\n2-kerroksinen, vaakasuora<br \/>\n\u00d6ljytty tai lakattu<br \/>\nS\u00e4vy: Luonnolinen<br \/>\nMitat: 970 x 95 x 10 mm<\/p>\n<p>Parketti voidaan asentaa ilman liimaa<br \/>\nIhanteellinen lattioille, joissa on lattial\u00e4mmitys<br \/>\nTakuu: 30 vuotta<br \/>\nCO2 neutraali<br \/>\nTuotteella on ISO 9001 -sertifikaatti<br \/>\nTuote on ennakkotilattavissa<br \/>\nToimitusaika 2-3 viikkoa<\/p>\n<p>&nbsp;<\/p>\n<p><a href=\"https:\/\/factory.sale\/wp-content\/uploads\/2022\/12\/Floorselector-4.pdf\" target=\"_blank\" rel=\"noopener\">\u00a0MOSO lattian valinta<\/a><\/p>\n","protected":false},"excerpt":{"rendered":"<p>MOSO\u00ae Bamboo Supreme -parkettikokoelmassa on laaja valikoima erilaisia bambulamellityylej\u00e4 ja &#8211; v\u00e4rej\u00e4. Keveytens\u00e4 ansiosta MOSO Supreme -lauta on eritt\u00e4in helppo ja k\u00e4tev\u00e4 asentaa. Lattialauta itsess\u00e4\u00e4n koostuu kahdesta kerroksesta bambua: 4 mm:n p\u00e4\u00e4llimm\u00e4isest\u00e4 kerroksesta ja pohjakerroksesta, joka on tehty ristiin puristetuista bambunauhoista.<\/p>\n","protected":false},"featured_media":18401,"comment_status":"open","ping_status":"closed","template":"","meta":{"_acf_changed":false},"factory":[],"free-shipment":[],"product_brand":[],"product_cat":[1686,1721],"product_tag":[],"class_list":{"0":"post-23492","1":"product","2":"type-product","3":"status-publish","4":"has-post-thumbnail","6":"product_cat-bambulattia","7":"product_cat-moso-bamboo-supreme-kokoelma","9":"first","10":"instock","11":"sale","12":"taxable","13":"shipping-taxable","14":"purchasable","15":"product-type-simple"},"acf":[],"_links":{"self":[{"href":"https:\/\/factory.sale\/fi\/wp-json\/wp\/v2\/product\/23492","targetHints":{"allow":["GET"]}}],"collection":[{"href":"https:\/\/factory.sale\/fi\/wp-json\/wp\/v2\/product"}],"about":[{"href":"https:\/\/factory.sale\/fi\/wp-json\/wp\/v2\/types\/product"}],"replies":[{"embeddable":true,"href":"https:\/\/factory.sale\/fi\/wp-json\/wp\/v2\/comments?post=23492"}],"wp:featuredmedia":[{"embeddable":true,"href":"https:\/\/factory.sale\/fi\/wp-json\/wp\/v2\/media\/18401"}],"wp:attachment":[{"href":"https:\/\/factory.sale\/fi\/wp-json\/wp\/v2\/media?parent=23492"}],"wp:term":[{"taxonomy":"factory","embeddable":true,"href":"https:\/\/factory.sale\/fi\/wp-json\/wp\/v2\/factory?post=23492"},{"taxonomy":"free-shipment","embeddable":true,"href":"https:\/\/factory.sale\/fi\/wp-json\/wp\/v2\/free-shipment?post=23492"},{"taxonomy":"product_brand","embeddable":true,"href":"https:\/\/factory.sale\/fi\/wp-json\/wp\/v2\/product_brand?post=23492"},{"taxonomy":"product_cat","embeddable":true,"href":"https:\/\/factory.sale\/fi\/wp-json\/wp\/v2\/product_cat?post=23492"},{"taxonomy":"product_tag","embeddable":true,"href":"https:\/\/factory.sale\/fi\/wp-json\/wp\/v2\/product_tag?post=23492"}],"curies":[{"name":"wp","href":"https:\/\/api.w.org\/{rel}","templated":true}]}}