{"id":23488,"date":"2022-12-27T15:24:36","date_gmt":"2023-02-22T10:49:59","guid":{"rendered":"https:\/\/factory.sale\/?post_type=product&#038;p=23488"},"modified":"2024-06-27T12:49:13","modified_gmt":"2024-06-27T12:49:13","slug":"bambulattia-bamboo-supreme-high-density-caramel-lakattu","status":"publish","type":"product","link":"https:\/\/factory.sale\/fi\/tuote\/bambulattia-bamboo-supreme-high-density-caramel-lakattu\/","title":{"rendered":"BAMBULATTIA BAMBOO SUPREME HIGH DENSITY CARAMEL (LAKATTU)"},"content":{"rendered":"<p>Tuotekoodi: BF-DT409<\/p>\n<p>57.80\/m2.<\/p>\n<p>V\u00e4himm\u00e4ism\u00e4\u00e4r\u00e4 t\u00e4m\u00e4n tuotteen ostamiselle on 30 m2.<\/p>\n<p>MOSO\u00ae Bamboo Supreme -parkettikokoelmassa on laaja valikoima erilaisia bambulamellityylej\u00e4 ja &#8211; v\u00e4rej\u00e4. Keveytens\u00e4 ansiosta MOSO Supreme -lauta on eritt\u00e4in helppo ja k\u00e4tev\u00e4 asentaa. Lattialauta itsess\u00e4\u00e4n koostuu kahdesta kerroksesta bambua: 4 mm:n p\u00e4\u00e4llimm\u00e4isest\u00e4 kerroksesta ja pohjakerroksesta, joka on tehty ristiin puristetuista bambunauhoista. Pintakerros on hiottava, joten lattia on helppo entis\u00f6id\u00e4. Huomattavasti paksumpi pintakerros takaa parketin pitk\u00e4n k\u00e4ytt\u00f6i\u00e4n. Laudan kokonaispaksuus on 10 mm ja se on ohuempi kuin muut puulattiat. T\u00e4m\u00e4 on etu kunnostusprojekteissa, joissa uusi lattia asennetaan suoraan olemassa olevan vanhan lattian p\u00e4\u00e4lle. Ohuempi lattialauta mahdollistaa my\u00f6s paremman l\u00e4mm\u00f6nsiirron ja siksi Bamboo Supreme sopii erityisen hyvin asennettavaksi rakennukseen, jossa on vesikiertoinen lattial\u00e4mmitys.<\/p>\n<p>&nbsp;<\/p>\n<p>100 % bambua<br \/>\n2-kerroksinen<br \/>\nP\u00e4\u00e4llimm\u00e4inen kerros: Korkeapainepuristettu (HD)<br \/>\nHiottava kerros: 4 mm<br \/>\n\u00d6ljy: Woca (levit\u00e4 viimeinen \u00f6ljykerros lattian asennuksen j\u00e4lkeen)<br \/>\nS\u00e4vy: Luonnollinen<br \/>\nMitat: 920 x 96 x 10 mm<br \/>\nParketti voidaan asentaa ilman liimaa<br \/>\nIhanteellinen lattioille, joissa on lattial\u00e4mmitys<br \/>\nTakuu: 30 vuotta<\/p>\n<p>CO2 neutraali<br \/>\nTuotteella on ISO 9001 -sertifikaatti<br \/>\nTuote on ennakkotilattavissa<br \/>\nToimitusaika 2-3 viikkoa<\/p>\n<p>&nbsp;<\/p>\n<p>&nbsp;<\/p>\n<p>&nbsp;<\/p>\n<p><a href=\"https:\/\/factory.sale\/wp-content\/uploads\/2022\/12\/Floorselector-4.pdf\" target=\"_blank\" rel=\"noopener\">MOSO lattian valinta<\/a><\/p>\n","protected":false},"excerpt":{"rendered":"<p>MOSO\u00ae Bamboo Supreme -parkettikokoelmassa on laaja valikoima erilaisia bambulamellityylej\u00e4 ja &#8211; v\u00e4rej\u00e4. Keveytens\u00e4 ansiosta MOSO Supreme -lauta on eritt\u00e4in helppo ja k\u00e4tev\u00e4 asentaa. Lattialauta itsess\u00e4\u00e4n koostuu kahdesta kerroksesta bambua: 4 mm:n p\u00e4\u00e4llimm\u00e4isest\u00e4 kerroksesta ja pohjakerroksesta, joka on tehty ristiin puristetuista bambunauhoista.<\/p>\n<p>&nbsp;<\/p>\n","protected":false},"featured_media":18392,"comment_status":"open","ping_status":"closed","template":"","meta":{"_acf_changed":false},"factory":[],"free-shipment":[],"product_brand":[],"product_cat":[1686,1721],"product_tag":[],"class_list":{"0":"post-23488","1":"product","2":"type-product","3":"status-publish","4":"has-post-thumbnail","6":"product_cat-bambulattia","7":"product_cat-moso-bamboo-supreme-kokoelma","9":"first","10":"instock","11":"sale","12":"taxable","13":"shipping-taxable","14":"purchasable","15":"product-type-simple"},"acf":[],"_links":{"self":[{"href":"https:\/\/factory.sale\/fi\/wp-json\/wp\/v2\/product\/23488","targetHints":{"allow":["GET"]}}],"collection":[{"href":"https:\/\/factory.sale\/fi\/wp-json\/wp\/v2\/product"}],"about":[{"href":"https:\/\/factory.sale\/fi\/wp-json\/wp\/v2\/types\/product"}],"replies":[{"embeddable":true,"href":"https:\/\/factory.sale\/fi\/wp-json\/wp\/v2\/comments?post=23488"}],"wp:featuredmedia":[{"embeddable":true,"href":"https:\/\/factory.sale\/fi\/wp-json\/wp\/v2\/media\/18392"}],"wp:attachment":[{"href":"https:\/\/factory.sale\/fi\/wp-json\/wp\/v2\/media?parent=23488"}],"wp:term":[{"taxonomy":"factory","embeddable":true,"href":"https:\/\/factory.sale\/fi\/wp-json\/wp\/v2\/factory?post=23488"},{"taxonomy":"free-shipment","embeddable":true,"href":"https:\/\/factory.sale\/fi\/wp-json\/wp\/v2\/free-shipment?post=23488"},{"taxonomy":"product_brand","embeddable":true,"href":"https:\/\/factory.sale\/fi\/wp-json\/wp\/v2\/product_brand?post=23488"},{"taxonomy":"product_cat","embeddable":true,"href":"https:\/\/factory.sale\/fi\/wp-json\/wp\/v2\/product_cat?post=23488"},{"taxonomy":"product_tag","embeddable":true,"href":"https:\/\/factory.sale\/fi\/wp-json\/wp\/v2\/product_tag?post=23488"}],"curies":[{"name":"wp","href":"https:\/\/api.w.org\/{rel}","templated":true}]}}