{"id":23471,"date":"2022-12-27T09:47:49","date_gmt":"2023-02-22T00:55:19","guid":{"rendered":"https:\/\/factory.sale\/?post_type=product&#038;p=23471"},"modified":"2024-06-26T08:50:03","modified_gmt":"2024-06-26T08:50:03","slug":"bambulattia-bamboo-elite-plain-pressed-caramel","status":"publish","type":"product","link":"https:\/\/factory.sale\/fi\/tuote\/bambulattia-bamboo-elite-plain-pressed-caramel\/","title":{"rendered":"BAMBULATTIA BAMBOO ELITE PLAIN PRESSED CARAMEL"},"content":{"rendered":"<p>Tuotekoodi: BF-LA351<\/p>\n<p>64.90 \u20ac\/m2.<\/p>\n<p>V\u00e4himm\u00e4ism\u00e4\u00e4r\u00e4 t\u00e4m\u00e4n tuotteen ostamiselle on 30 m2.<\/p>\n<p>MOSO Elite parkettilattia on eritt\u00e4in vakaa, kest\u00e4v\u00e4 ja n\u00e4ytt\u00e4v\u00e4 bambulattia.<br \/>\nPitk\u00e4t ja leve\u00e4t lattialaudat on valmistettu 100% bambusta. MOSO\u00ae Bamboo Elite -lattia koostuu pitkist\u00e4<br \/>\nja leveist\u00e4 lattialaudoista, eri tekstuureissa, v\u00e4reiss\u00e4 ja erilaisilla viimeistelyill\u00e4. T\u00e4m\u00e4 yksisauvainen<br \/>\nparketti koostuu kolmesta luonnollisesta kerroksesta bambua.<\/p>\n<p>Keskikerroksen poikkisuora asettelu optimoi parkettilautojen vakauden. Elite-lattialaudat sopivat kaikille,<br \/>\njotka haluavat autenttisen vahvan bambulattiap\u00e4\u00e4llysteen ja kaikille, jotka haluavat tilavan ja tyylikk\u00e4\u00e4n<br \/>\nsisustuksen. Leve\u00e4t lattialaudat rikastuttavat sis\u00e4tilaa ja ovat CO2-neutraaleja.<\/p>\n<p>&nbsp;<\/p>\n<p>100 % bambua<br \/>\n3-kerroksinen<br \/>\nVaakasuoraan puristettu<br \/>\nViimeistelem\u00e4t\u00f6n\/lakattu\/Woca \u00f6ljytty<br \/>\nS\u00e4vy: Karamelli<br \/>\nMitat: 1960 x 159 x 15 mm<br \/>\nParketti voidaan asentaa liimaten ja kelluvasti<br \/>\nLattial\u00e4mmityst\u00e4 k\u00e4ytett\u00e4ess\u00e4 parketti on liimattava alustaan<br \/>\nTakuu: 30 vuotta<br \/>\nCO2 neutraali<br \/>\nTuotteella on ISO 9001 -sertifikaatti<br \/>\nTuote on ennakkotilattavissa<br \/>\nToimitusaika 2-3 viikkoa<\/p>\n<p>&nbsp;<\/p>\n<p>&nbsp;<\/p>\n<p><a href=\"https:\/\/factory.sale\/wp-content\/uploads\/2022\/12\/Floorselector-4.pdf\" target=\"_blank\" rel=\"noopener\">MOSO lattian valinta<\/a><\/p>\n","protected":false},"excerpt":{"rendered":"<p>Pitk\u00e4t ja leve\u00e4t lattialaudat on valmistettu 100% bambusta. MOSO\u00ae Bamboo Elite -lattia koostuu pitkist\u00e4 \u00a0ja leveist\u00e4 lattialaudoista, eri tekstuureissa, v\u00e4reiss\u00e4 ja erilaisilla viimeistelyill\u00e4. T\u00e4m\u00e4 yksisauvainen\u00a0parketti koostuu kolmesta luonnollisesta kerroksesta bambua.<\/p>\n","protected":false},"featured_media":18371,"comment_status":"open","ping_status":"closed","template":"","meta":{"_acf_changed":false},"factory":[],"free-shipment":[],"product_brand":[],"product_cat":[1686,1689],"product_tag":[],"class_list":{"0":"post-23471","1":"product","2":"type-product","3":"status-publish","4":"has-post-thumbnail","6":"product_cat-bambulattia","7":"product_cat-moso-bamboo-elite-kokoelma","9":"first","10":"instock","11":"sale","12":"taxable","13":"shipping-taxable","14":"purchasable","15":"product-type-simple"},"acf":[],"_links":{"self":[{"href":"https:\/\/factory.sale\/fi\/wp-json\/wp\/v2\/product\/23471","targetHints":{"allow":["GET"]}}],"collection":[{"href":"https:\/\/factory.sale\/fi\/wp-json\/wp\/v2\/product"}],"about":[{"href":"https:\/\/factory.sale\/fi\/wp-json\/wp\/v2\/types\/product"}],"replies":[{"embeddable":true,"href":"https:\/\/factory.sale\/fi\/wp-json\/wp\/v2\/comments?post=23471"}],"wp:featuredmedia":[{"embeddable":true,"href":"https:\/\/factory.sale\/fi\/wp-json\/wp\/v2\/media\/18371"}],"wp:attachment":[{"href":"https:\/\/factory.sale\/fi\/wp-json\/wp\/v2\/media?parent=23471"}],"wp:term":[{"taxonomy":"factory","embeddable":true,"href":"https:\/\/factory.sale\/fi\/wp-json\/wp\/v2\/factory?post=23471"},{"taxonomy":"free-shipment","embeddable":true,"href":"https:\/\/factory.sale\/fi\/wp-json\/wp\/v2\/free-shipment?post=23471"},{"taxonomy":"product_brand","embeddable":true,"href":"https:\/\/factory.sale\/fi\/wp-json\/wp\/v2\/product_brand?post=23471"},{"taxonomy":"product_cat","embeddable":true,"href":"https:\/\/factory.sale\/fi\/wp-json\/wp\/v2\/product_cat?post=23471"},{"taxonomy":"product_tag","embeddable":true,"href":"https:\/\/factory.sale\/fi\/wp-json\/wp\/v2\/product_tag?post=23471"}],"curies":[{"name":"wp","href":"https:\/\/api.w.org\/{rel}","templated":true}]}}