{"id":23468,"date":"2022-12-27T08:39:47","date_gmt":"2023-02-22T00:16:48","guid":{"rendered":"https:\/\/factory.sale\/?post_type=product&#038;p=23468"},"modified":"2024-06-28T00:17:17","modified_gmt":"2024-06-28T00:17:17","slug":"bambulattia-bamboo-elite-high-density-striped-oljytty","status":"publish","type":"product","link":"https:\/\/factory.sale\/fi\/tuote\/bambulattia-bamboo-elite-high-density-striped-oljytty\/","title":{"rendered":"BAMBULATTIA BAMBOO ELITE HIGH DENSITY STRIPED (\u00d6LJYTTY)"},"content":{"rendered":"<p>Tuotekoodi: BF-DT353S2<\/p>\n<p>68.20 \u20ac\/m2.<\/p>\n<p>V\u00e4himm\u00e4ism\u00e4\u00e4r\u00e4 t\u00e4m\u00e4n tuotteen ostamiselle on 30 m2.<\/p>\n<p>MOSO Elite parkettilattia on eritt\u00e4in vakaa, kest\u00e4v\u00e4 ja n\u00e4ytt\u00e4v\u00e4 bambulattia.<br \/>\nPitk\u00e4t ja leve\u00e4t lattialaudat on valmistettu 100% bambusta. MOSO\u00ae Bamboo Elite -lattia koostuu pitkist\u00e4<br \/>\nja leveist\u00e4 lattialaudoista, eri tekstuureissa, v\u00e4reiss\u00e4 ja erilaisilla viimeistelyill\u00e4. T\u00e4m\u00e4 yksisauvainen<br \/>\nparketti koostuu kolmesta luonnollisesta kerroksesta bambua.<br \/>\nKeskikerroksen poikkisuora asettelu optimoi parkettilautojen vakauden. Elite-lattialaudat sopivat kaikille,<br \/>\njotka haluavat autenttisen vahvan bambulattiap\u00e4\u00e4llysteen ja kaikille, jotka haluavat tilavan ja tyylikk\u00e4\u00e4n<br \/>\nsisustuksen. Leve\u00e4t lattialaudat rikastuttavat sis\u00e4tilaa ja ovat CO2-neutraaleja.<\/p>\n<p>&nbsp;<\/p>\n<p>100 % bambua<br \/>\n3-kerroksinen<br \/>\n\u00d6ljytty Woca luonnollisella puu\u00f6ljyll\u00e4 (Huom! Viimeinen \u00f6ljykerros levitet\u00e4\u00e4n parketille asennuksen j\u00e4lkeen)<br \/>\nMitat: 1850 x 128 x 13 mm<br \/>\nHiottavan kerroksen (3 mm) Brinell-kovuus: 9,5 kg\/mm2<br \/>\nParketti voidaan asentaa liimaten ja kelluvasti<br \/>\nLattial\u00e4mmityst\u00e4 k\u00e4ytett\u00e4ess\u00e4 parketti on liimattava alustaan<\/p>\n<p>Takuu: 30 vuotta<br \/>\nCO2 neutraali<br \/>\nTuotteella on ISO 9001 -sertifikaatti<br \/>\nTuote on ennakkotilattavissa<br \/>\nToimitusaika 2-3 viikkoa<\/p>\n<p>&nbsp;<\/p>\n<p><a href=\"https:\/\/factory.sale\/wp-content\/uploads\/2022\/12\/Floorselector-1.pdf\" target=\"_blank\" rel=\"noopener\">MOSO lattian valinta<\/a><\/p>\n","protected":false},"excerpt":{"rendered":"<p>Pitk\u00e4t ja leve\u00e4t lattialaudat on valmistettu 100% bambusta. MOSO\u00ae Bamboo Elite -lattia koostuu pitkist\u00e4\u00a0ja leveist\u00e4 lattialaudoista, eri tekstuureissa, v\u00e4reiss\u00e4 ja erilaisilla viimeistelyill\u00e4. T\u00e4m\u00e4 yksisauvainen\u00a0parketti koostuu kolmesta luonnollisesta kerroksesta bambua.<\/p>\n","protected":false},"featured_media":18365,"comment_status":"open","ping_status":"closed","template":"","meta":{"_acf_changed":false},"factory":[],"free-shipment":[],"product_brand":[],"product_cat":[1686,1689],"product_tag":[504],"class_list":{"0":"post-23468","1":"product","2":"type-product","3":"status-publish","4":"has-post-thumbnail","6":"product_cat-bambulattia","7":"product_cat-moso-bamboo-elite-kokoelma","8":"product_tag-floor-fi","10":"first","11":"instock","12":"sale","13":"taxable","14":"shipping-taxable","15":"purchasable","16":"product-type-simple"},"acf":[],"_links":{"self":[{"href":"https:\/\/factory.sale\/fi\/wp-json\/wp\/v2\/product\/23468","targetHints":{"allow":["GET"]}}],"collection":[{"href":"https:\/\/factory.sale\/fi\/wp-json\/wp\/v2\/product"}],"about":[{"href":"https:\/\/factory.sale\/fi\/wp-json\/wp\/v2\/types\/product"}],"replies":[{"embeddable":true,"href":"https:\/\/factory.sale\/fi\/wp-json\/wp\/v2\/comments?post=23468"}],"wp:featuredmedia":[{"embeddable":true,"href":"https:\/\/factory.sale\/fi\/wp-json\/wp\/v2\/media\/18365"}],"wp:attachment":[{"href":"https:\/\/factory.sale\/fi\/wp-json\/wp\/v2\/media?parent=23468"}],"wp:term":[{"taxonomy":"factory","embeddable":true,"href":"https:\/\/factory.sale\/fi\/wp-json\/wp\/v2\/factory?post=23468"},{"taxonomy":"free-shipment","embeddable":true,"href":"https:\/\/factory.sale\/fi\/wp-json\/wp\/v2\/free-shipment?post=23468"},{"taxonomy":"product_brand","embeddable":true,"href":"https:\/\/factory.sale\/fi\/wp-json\/wp\/v2\/product_brand?post=23468"},{"taxonomy":"product_cat","embeddable":true,"href":"https:\/\/factory.sale\/fi\/wp-json\/wp\/v2\/product_cat?post=23468"},{"taxonomy":"product_tag","embeddable":true,"href":"https:\/\/factory.sale\/fi\/wp-json\/wp\/v2\/product_tag?post=23468"}],"curies":[{"name":"wp","href":"https:\/\/api.w.org\/{rel}","templated":true}]}}