{"id":23461,"date":"2022-12-28T14:10:51","date_gmt":"2023-02-22T00:02:11","guid":{"rendered":"https:\/\/factory.sale\/?post_type=product&#038;p=23461"},"modified":"2024-07-02T14:46:28","modified_gmt":"2024-07-02T14:46:28","slug":"bambulattia-ultradensity-udf-32-mm","status":"publish","type":"product","link":"https:\/\/factory.sale\/fi\/tuote\/bambulattia-ultradensity-udf-32-mm\/","title":{"rendered":"BAMBULATTIA ULTRADENSITY UDF 32 MM"},"content":{"rendered":"<p>Tuotekoodi: BF-DS1060<\/p>\n<p>164.00 \u20ac\/m2.<\/p>\n<p>V\u00e4himm\u00e4ism\u00e4\u00e4r\u00e4 t\u00e4m\u00e4n tuotteen ostamiselle on 30 m2.<\/p>\n<p>Eritt\u00e4in vahva kiinte\u00e4st\u00e4 bambusta valmistettu lattia, joka kest\u00e4\u00e4 haastavimmatkin olosuhteet!<br \/>\nMOSO\u00ae Bamboo UltraDensity\u00ae on eritt\u00e4in vahva bambulattialauta, joka on valmistettu puristetuista ja<br \/>\nl\u00e4mp\u00f6k\u00e4sitellyist\u00e4 bambukuiduista patentoidulla MOSO Ultra-High Density\u00ae -erikoisk\u00e4sittelyll\u00e4.<br \/>\nT\u00e4ll\u00e4 ainutlaatuisella valmistusmenetelm\u00e4ll\u00e4 materiaali on saavuttanut \u00e4\u00e4rimm\u00e4isen vakauden, lujuuden ja<br \/>\nkest\u00e4vyyden ja sopii siksi haastaviinkin olosuhteisiin. Lattia soveltuu esimerkiksi rakennuksiin, joissa kulkee<br \/>\ntihe\u00e4sti ihmisi\u00e4, ja tietyiss\u00e4 olosuhteissa jopa osittain avoimille ulkoalueille. Lattialauta on saatavilla<br \/>\nviimeistelem\u00e4tt\u00f6m\u00e4n\u00e4, karkeaksi hiotuilla etuosilla ja se on viimeistelt\u00e4v\u00e4 paikan p\u00e4\u00e4ll\u00e4.<\/p>\n<p>UltraDensity\u00ae -lattialaudoissa on tappiliitos kaikilla nelj\u00e4ll\u00e4 sivulla ja mikroviiste lautojen v\u00e4liss\u00e4.<br \/>\nT\u00e4m\u00e4ntyyppinen lauta voidaan asentaa ruuveilla MOSO\u00ae Bamboo X-treme\u00ae -alustaan tai liimata suoraan<br \/>\naluslattiaan.<\/p>\n<p>&nbsp;<\/p>\n<ul>\n<li>Mitat: 1900 x 160 x 32 mm<\/li>\n<li>K\u00e4sittelem\u00e4t\u00f6n<\/li>\n<li>1-sauvainen<\/li>\n<li>100 % bambua<\/li>\n<li>Massa: 1150kg\/m3<\/li>\n<li>Brinell-kovuus: 9.5 kg\/mm2<\/li>\n<li>Sopii lattial\u00e4mmityksen kanssa vain alustaan liimattuna<\/li>\n<li>Tuotteella on ISO 9001 -sertifikaatti<\/li>\n<li>Tuote on ennakkotilattavissa<\/li>\n<li>Toimitusaika 2-3 viikkoa<\/li>\n<\/ul>\n<p>&nbsp;<\/p>\n<p>&nbsp;<\/p>\n<p><a href=\"https:\/\/factory.sale\/wp-content\/uploads\/2022\/12\/Floorselector-4.pdf\" target=\"_blank\" rel=\"noopener\">MOSO lattian valinta<\/a><\/p>\n","protected":false},"excerpt":{"rendered":"<p>MOSO\u00ae Bamboo UltraDensity\u00ae on eritt\u00e4in vahva bambulattialauta, joka on valmistettu puristetuista ja<br \/>\nl\u00e4mp\u00f6k\u00e4sitellyist\u00e4 bambukuiduista patentoidulla MOSO Ultra-High Density\u00ae -erikoisk\u00e4sittelyll\u00e4.<\/p>\n","protected":false},"featured_media":18255,"comment_status":"open","ping_status":"closed","template":"","meta":{"_acf_changed":false},"factory":[],"free-shipment":[],"product_brand":[],"product_cat":[1686,1772],"product_tag":[],"class_list":{"0":"post-23461","1":"product","2":"type-product","3":"status-publish","4":"has-post-thumbnail","6":"product_cat-bambulattia","7":"product_cat-moso-ultradensity-extra-vahva-lattia","9":"first","10":"instock","11":"sale","12":"taxable","13":"shipping-taxable","14":"purchasable","15":"product-type-simple"},"acf":[],"_links":{"self":[{"href":"https:\/\/factory.sale\/fi\/wp-json\/wp\/v2\/product\/23461","targetHints":{"allow":["GET"]}}],"collection":[{"href":"https:\/\/factory.sale\/fi\/wp-json\/wp\/v2\/product"}],"about":[{"href":"https:\/\/factory.sale\/fi\/wp-json\/wp\/v2\/types\/product"}],"replies":[{"embeddable":true,"href":"https:\/\/factory.sale\/fi\/wp-json\/wp\/v2\/comments?post=23461"}],"wp:featuredmedia":[{"embeddable":true,"href":"https:\/\/factory.sale\/fi\/wp-json\/wp\/v2\/media\/18255"}],"wp:attachment":[{"href":"https:\/\/factory.sale\/fi\/wp-json\/wp\/v2\/media?parent=23461"}],"wp:term":[{"taxonomy":"factory","embeddable":true,"href":"https:\/\/factory.sale\/fi\/wp-json\/wp\/v2\/factory?post=23461"},{"taxonomy":"free-shipment","embeddable":true,"href":"https:\/\/factory.sale\/fi\/wp-json\/wp\/v2\/free-shipment?post=23461"},{"taxonomy":"product_brand","embeddable":true,"href":"https:\/\/factory.sale\/fi\/wp-json\/wp\/v2\/product_brand?post=23461"},{"taxonomy":"product_cat","embeddable":true,"href":"https:\/\/factory.sale\/fi\/wp-json\/wp\/v2\/product_cat?post=23461"},{"taxonomy":"product_tag","embeddable":true,"href":"https:\/\/factory.sale\/fi\/wp-json\/wp\/v2\/product_tag?post=23461"}],"curies":[{"name":"wp","href":"https:\/\/api.w.org\/{rel}","templated":true}]}}