{"id":23459,"date":"2022-12-28T14:25:27","date_gmt":"2023-02-21T23:59:42","guid":{"rendered":"https:\/\/factory.sale\/?post_type=product&#038;p=23459"},"modified":"2024-06-25T21:45:52","modified_gmt":"2024-06-25T21:45:52","slug":"bambulattia-ultradensity-udf-20-mm","status":"publish","type":"product","link":"https:\/\/factory.sale\/fi\/tuote\/bambulattia-ultradensity-udf-20-mm\/","title":{"rendered":"BAMBULATTIA ULTRADENSITY UDF 20 MM"},"content":{"rendered":"<p>Tuotekoodi: BF-DS2060<br \/>\n99,50 \u20ac\/m2.<\/p>\n<p>V\u00e4himm\u00e4ism\u00e4\u00e4r\u00e4 t\u00e4m\u00e4n tuotteen ostamiselle on 30 m2.<br \/>\nEritt\u00e4in vahva kiinte\u00e4st\u00e4 bambusta valmistettu lattia, joka kest\u00e4\u00e4 haastavimmatkin olosuhteet! MOSO\u00ae Bamboo UltraDensity\u00ae on eritt\u00e4in vahva bambulattialauta, joka on valmistettu puristetuista ja l\u00e4mp\u00f6k\u00e4sitellyist\u00e4 bambukuiduista patentoidulla MOSO Ultra-High Density\u00ae -erikoisk\u00e4sittelyll\u00e4. T\u00e4ll\u00e4 ainutlaatuisella valmistusmenetelm\u00e4ll\u00e4 materiaali on saavuttanut \u00e4\u00e4rimm\u00e4isen vakauden, lujuuden ja kest\u00e4vyyden ja sopii siksi haastaviinkin olosuhteisiin. Lattia soveltuu esimerkiksi rakennuksiin, joissa kulkee tihe\u00e4sti ihmisi\u00e4, ja tietyiss\u00e4 olosuhteissa jopa osittain avoimille ulkoalueille. Lattialauta on saatavilla viimeistelem\u00e4tt\u00f6m\u00e4n\u00e4, karkeaksi hiotuilla etuosilla ja se on viimeistelt\u00e4v\u00e4 paikan p\u00e4\u00e4ll\u00e4. UltraDensity\u00ae -lattialaudoissa on tappiliitos kaikilla nelj\u00e4ll\u00e4 sivulla ja mikroviiste lautojen v\u00e4liss\u00e4. T\u00e4m\u00e4ntyyppinen lauta voidaan asentaa ruuveilla MOSO\u00ae Bamboo X-treme\u00ae -alustaan tai liimata suoraan aluslattiaan.<\/p>\n<p>&nbsp;<\/p>\n<ul>\n<li>Mitat: 1900 x 160 x 20 mm<\/li>\n<li>Pinta on karkeaksi hiottu<\/li>\n<li>Asennettu suoraan s\u00e4leille<\/li>\n<li>Materiaali 1-sauvainen<\/li>\n<li>100 % bambua<\/li>\n<li>Massa: 1150kg\/m3<\/li>\n<li>Brinell-kovuus: 9,5 kg\/mm2<\/li>\n<li>Tuotteella on ISO 9001 -sertifikaatti<\/li>\n<li>Tuote on ennakkotilattavissa<\/li>\n<li>Toimitusaika 2-3 viikkoa<\/li>\n<li>MOSO lattian valinta<\/li>\n<\/ul>\n","protected":false},"excerpt":{"rendered":"<p>MOSO\u00ae Bamboo UltraDensity\u00ae on eritt\u00e4in vahva bambulattialauta, joka on valmistettu puristetuista ja<br \/>\nl\u00e4mp\u00f6k\u00e4sitellyist\u00e4 bambukuiduista patentoidulla MOSO Ultra-High Density\u00ae -erikoisk\u00e4sittelyll\u00e4.<\/p>\n<p>&nbsp;<\/p>\n","protected":false},"featured_media":18255,"comment_status":"open","ping_status":"closed","template":"","meta":{"_acf_changed":false},"factory":[],"free-shipment":[],"product_brand":[],"product_cat":[1684,1770],"product_tag":[],"class_list":{"0":"post-23459","1":"product","2":"type-product","3":"status-publish","4":"has-post-thumbnail","6":"product_cat-bamboo-parquet","7":"product_cat-moso-ultradensity-ultrastrong-floor","9":"first","10":"instock","11":"sale","12":"taxable","13":"shipping-taxable","14":"purchasable","15":"product-type-simple"},"acf":[],"_links":{"self":[{"href":"https:\/\/factory.sale\/fi\/wp-json\/wp\/v2\/product\/23459","targetHints":{"allow":["GET"]}}],"collection":[{"href":"https:\/\/factory.sale\/fi\/wp-json\/wp\/v2\/product"}],"about":[{"href":"https:\/\/factory.sale\/fi\/wp-json\/wp\/v2\/types\/product"}],"replies":[{"embeddable":true,"href":"https:\/\/factory.sale\/fi\/wp-json\/wp\/v2\/comments?post=23459"}],"wp:featuredmedia":[{"embeddable":true,"href":"https:\/\/factory.sale\/fi\/wp-json\/wp\/v2\/media\/18255"}],"wp:attachment":[{"href":"https:\/\/factory.sale\/fi\/wp-json\/wp\/v2\/media?parent=23459"}],"wp:term":[{"taxonomy":"factory","embeddable":true,"href":"https:\/\/factory.sale\/fi\/wp-json\/wp\/v2\/factory?post=23459"},{"taxonomy":"free-shipment","embeddable":true,"href":"https:\/\/factory.sale\/fi\/wp-json\/wp\/v2\/free-shipment?post=23459"},{"taxonomy":"product_brand","embeddable":true,"href":"https:\/\/factory.sale\/fi\/wp-json\/wp\/v2\/product_brand?post=23459"},{"taxonomy":"product_cat","embeddable":true,"href":"https:\/\/factory.sale\/fi\/wp-json\/wp\/v2\/product_cat?post=23459"},{"taxonomy":"product_tag","embeddable":true,"href":"https:\/\/factory.sale\/fi\/wp-json\/wp\/v2\/product_tag?post=23459"}],"curies":[{"name":"wp","href":"https:\/\/api.w.org\/{rel}","templated":true}]}}