{"id":23259,"date":"2022-08-18T11:06:40","date_gmt":"2023-02-16T08:36:20","guid":{"rendered":"https:\/\/factory.sale\/?post_type=product&#038;p=23259"},"modified":"2026-03-05T16:46:40","modified_gmt":"2026-03-05T13:46:40","slug":"sahkokiuas-huum-hive-15-kw","status":"publish","type":"product","link":"https:\/\/factory.sale\/fi\/tuote\/sahkokiuas-huum-hive-15-kw\/","title":{"rendered":"S\u00e4hk\u00f6kiuas HUUM HIVE 15 kw"},"content":{"rendered":"<p data-start=\"0\" data-end=\"546\">HUUM HIVE-s\u00e4hk\u00f6kiukaan mehil\u00e4ispes\u00e4st\u00e4 inspiroitunut muotoilu korostaa kivien luonnollista kauneutta. Tehokkaaseen ja eleganttiin HIVEEN mahtuu jopa 250 kg kivi\u00e4, mik\u00e4 takaa pehme\u00e4n ja runsaan l\u00f6ylyn my\u00f6s suuremmissa saunoissa. Kiukaan osat on valmistettu kest\u00e4v\u00e4st\u00e4 ruostumattomasta ter\u00e4ksest\u00e4. Py\u00f6re\u00e4n muotonsa ansiosta HIVE voidaan sijoittaa saunan keskelle, jolloin koko perhe tai suurempikin seurue voi nauttia l\u00f6ylyist\u00e4 yhdess\u00e4. HIVE-kiukaan pohjoisen pelkistetty ja luonnonl\u00e4heinen muotoilu luo rauhallisen tunnelman ja auttaa irtautumaan arjen kiireist\u00e4.<\/p>\n<p data-start=\"548\" data-end=\"636\">Vuodesta 2025 alkaen HIVE-ilmakanava sis\u00e4ltyy kaikkiin HIVE-malleihin vakiovarusteena.<\/p>\n<p>Suosittelemme asentamaan kiukaaseen suojakaiteen, jotta saunassa olisi turvallisempaa ja mukavampaa. T\u00e4h\u00e4n soveltuu joko HUUMin suojakaide tai mittatilausty\u00f6n\u00e4 valmistettu suojakaide.<\/p>\n<p>Oikean kokoinen kiuas = t\u00e4ydellinen sauna! K\u00e4yt\u00e4 <a href=\"https:\/\/huum.eu\/calculator\/\" target=\"_blank\" rel=\"noopener\">saunalaskuriamme<\/a> l\u00f6yt\u00e4\u00e4ksesi ihanteellisen tehon.<\/p>\n<p><strong>Setti sis\u00e4lt\u00e4\u00e4:<\/strong><\/p>\n<ul>\n<li>s\u00e4hk\u00f6kiuas<\/li>\n<li>s\u00e4\u00e4dett\u00e4v\u00e4t jalat (nostavat l\u00e4mmitint\u00e4 jopa 7 cm).<\/li>\n<\/ul>\n<p><strong>Kiuas tarvitsee lis\u00e4ksi:<\/strong><\/p>\n<ul>\n<li>250 kg <a href=\"https:\/\/factory.sale\/fi\/tuote\/lammittimen-kivet\/\" target=\"_blank\" rel=\"noopener\">kiuaskivi\u00e4<\/a> (5-10 cm)<\/li>\n<li><a href=\"https:\/\/factory.sale\/fi\/tuote-osasto\/saniteetti\/ohjauspaneeli\/huum-fi-2\/\" target=\"_blank\" rel=\"noopener\">ohjauspaneelin<\/a><\/li>\n<li>l\u00e4mm\u00f6nkest\u00e4v\u00e4n virtajohdon<\/li>\n<\/ul>\n<p><strong>Tekniset tiedot:<\/strong><\/p>\n<ul>\n<li>teho: 15 kW<\/li>\n<li>l\u00e4mmitetty huone min.: 15 m\u00b3<\/li>\n<li>l\u00e4mmitetty huone max.: 30 m\u00b3<\/li>\n<li>kivien kapasiteetti: 250 kg<\/li>\n<li>paino: 21 kg<\/li>\n<li>korkeus: 750 mm<\/li>\n<li>halkaisija: 560 mm<\/li>\n<\/ul>\n<p><strong>Turvaet\u00e4isyydet:<\/strong><\/p>\n<ul>\n<li>A: 150 mm<\/li>\n<li>B: 860 mm<\/li>\n<li>C: 400 mm<\/li>\n<li>H: 750 mm<\/li>\n<\/ul>\n<p><strong data-start=\"78\" data-end=\"88\">Takuu:<\/strong><\/p>\n<ul>\n<li>kotik\u00e4ytt\u00f6 \u2013 3 vuotta<\/li>\n<li>ammattik\u00e4ytt\u00f6 \u2013 1 vuosi<\/li>\n<\/ul>\n<p>Tarvitsetko varaosia t\u00e4lle kiukaalle? \u2013 L\u00e4het\u00e4 meille s\u00e4hk\u00f6postia. Kaikki muut lis\u00e4varusteet l\u00f6ytyv\u00e4t <a href=\"https:\/\/factory.sale\/fi\/tuote-osasto\/saniteetti\/saunatarvikkeet\/huum-fi-3\/\" target=\"_blank\" rel=\"noopener\">t\u00e4\u00e4lt\u00e4<\/a>.<\/p>\n<p><strong>EAN: 4744103011155<\/strong><\/p>\n<p>&nbsp;<\/p>\n<h2>HUUM HIVE KIVIEN SIJOITUS<\/h2>\n<div class=\"video-wrapper \"><iframe loading=\"lazy\" title=\"HUUM HIVE stone placement with air tunnel\" width=\"500\" height=\"281\" src=\"https:\/\/www.youtube.com\/embed\/KGpDOv_lg4M?feature=oembed\" frameborder=\"0\" allow=\"accelerometer; autoplay; clipboard-write; encrypted-media; gyroscope; picture-in-picture; web-share\" referrerpolicy=\"strict-origin-when-cross-origin\" allowfullscreen><\/iframe><\/div>\n<h2>HUUM HIVE ASENNUS<\/h2>\n<div class=\"video-wrapper \"><iframe loading=\"lazy\" title=\"HUUM HIVE installation for EU\" width=\"500\" height=\"281\" src=\"https:\/\/www.youtube.com\/embed\/tjp6hVxxyGs?feature=oembed\" frameborder=\"0\" allow=\"accelerometer; autoplay; clipboard-write; encrypted-media; gyroscope; picture-in-picture; web-share\" referrerpolicy=\"strict-origin-when-cross-origin\" allowfullscreen><\/iframe><\/div>\n<h2>HUUM SAUNA<\/h2>\n<div class=\"video-wrapper \"><iframe loading=\"lazy\" title=\"Sauna inspiration \u2502 HUUM HIVE Wood \u2502 wood-burning stove\" width=\"500\" height=\"281\" src=\"https:\/\/www.youtube.com\/embed\/s5SwqfqFP9Y?feature=oembed\" frameborder=\"0\" allow=\"accelerometer; autoplay; clipboard-write; encrypted-media; gyroscope; picture-in-picture; web-share\" referrerpolicy=\"strict-origin-when-cross-origin\" allowfullscreen><\/iframe><\/div>\n<h2>MIKSI HUUM?<\/h2>\n<div class=\"video-wrapper \"><iframe loading=\"lazy\" title=\"Why HUUM heaters?\" width=\"500\" height=\"281\" src=\"https:\/\/www.youtube.com\/embed\/mstEnCX5Ehs?feature=oembed\" frameborder=\"0\" allow=\"accelerometer; autoplay; clipboard-write; encrypted-media; gyroscope; picture-in-picture; web-share\" referrerpolicy=\"strict-origin-when-cross-origin\" allowfullscreen><\/iframe><\/div>\n","protected":false},"excerpt":{"rendered":"<p><span style=\"font-weight: 400;\">HUUM HIVE 15 kW s\u00e4hk\u00f6kiuas on tyylik\u00e4s ratkaisu keskikokoisiin ja suurempiin (15-30 m\u00b3) saunoihin. T\u00e4ydellinen koteihin, kylpyl\u00f6ihin ja liikuntatiloihin. HUUM HIVE s\u00e4hk\u00f6kiukaassa on kehittynyt l\u00e4mmitysteknologia, jonka avulla l\u00e4mp\u00f6tilaa ja kosteustasoja voi s\u00e4\u00e4t\u00e4\u00e4 nopeasti ja helposti, luoden t\u00e4ydellisen saunaymp\u00e4rist\u00f6n.<\/span><\/p>\n","protected":false},"featured_media":133230,"comment_status":"open","ping_status":"closed","template":"","meta":{"_acf_changed":false},"factory":[],"free-shipment":[5019],"product_brand":[4433],"product_cat":[858,1121,484],"product_tag":[3162,866,860,859,4974,868,2106],"class_list":{"0":"post-23259","1":"product","2":"type-product","3":"status-publish","4":"has-post-thumbnail","6":"free-shipment-ilmainen-toimitus","7":"product_brand-huum-fi","8":"product_cat-huum-fi","9":"product_cat-saniteetti","10":"product_cat-saunan-kiukaat","11":"product_tag-electric-heater-fi","12":"product_tag-electric-sauna-heater-fi","13":"product_tag-hive-fi","14":"product_tag-huum-fi","15":"product_tag-huum-hive-fi","16":"product_tag-sanitary-ware-fi","17":"product_tag-sauna-fi","19":"first","20":"instock","21":"sale","22":"taxable","23":"shipping-taxable","24":"purchasable","25":"product-type-simple"},"acf":[],"_links":{"self":[{"href":"https:\/\/factory.sale\/fi\/wp-json\/wp\/v2\/product\/23259","targetHints":{"allow":["GET"]}}],"collection":[{"href":"https:\/\/factory.sale\/fi\/wp-json\/wp\/v2\/product"}],"about":[{"href":"https:\/\/factory.sale\/fi\/wp-json\/wp\/v2\/types\/product"}],"replies":[{"embeddable":true,"href":"https:\/\/factory.sale\/fi\/wp-json\/wp\/v2\/comments?post=23259"}],"wp:featuredmedia":[{"embeddable":true,"href":"https:\/\/factory.sale\/fi\/wp-json\/wp\/v2\/media\/133230"}],"wp:attachment":[{"href":"https:\/\/factory.sale\/fi\/wp-json\/wp\/v2\/media?parent=23259"}],"wp:term":[{"taxonomy":"factory","embeddable":true,"href":"https:\/\/factory.sale\/fi\/wp-json\/wp\/v2\/factory?post=23259"},{"taxonomy":"free-shipment","embeddable":true,"href":"https:\/\/factory.sale\/fi\/wp-json\/wp\/v2\/free-shipment?post=23259"},{"taxonomy":"product_brand","embeddable":true,"href":"https:\/\/factory.sale\/fi\/wp-json\/wp\/v2\/product_brand?post=23259"},{"taxonomy":"product_cat","embeddable":true,"href":"https:\/\/factory.sale\/fi\/wp-json\/wp\/v2\/product_cat?post=23259"},{"taxonomy":"product_tag","embeddable":true,"href":"https:\/\/factory.sale\/fi\/wp-json\/wp\/v2\/product_tag?post=23259"}],"curies":[{"name":"wp","href":"https:\/\/api.w.org\/{rel}","templated":true}]}}