{"id":23161,"date":"2023-02-15T11:02:41","date_gmt":"2023-02-15T11:19:55","guid":{"rendered":"https:\/\/factory.sale\/?post_type=product&#038;p=23161"},"modified":"2024-06-26T19:35:19","modified_gmt":"2024-06-26T19:35:19","slug":"vaneri-havu-c-c-ce2-2440-x-1200-x-12-mm-m2","status":"publish","type":"product","link":"https:\/\/factory.sale\/fi\/tuote\/vaneri-havu-c-c-ce2-2440-x-1200-x-12-mm-m2\/","title":{"rendered":"Vaneri Havu C+\/C CE2+ 2440 x 1200 x 12 mm (m2)"},"content":{"rendered":"<p>Havuvaneri on rakentamisen yleislevy. Vaneria k\u00e4ytet\u00e4\u00e4n erilaisissa kohteissa, sis\u00e4ll\u00e4 ja ulkona. Tuotteen C+ \/ C merkint\u00e4 tarkoittaa, ett\u00e4 levyss\u00e4 on paikkaamattomia ep\u00e4tasaisia pintoja. Tuote soveltuu n\u00e4in ollen esimerkiksi pakkauksissa ja suojalevyin\u00e4. Mik\u00e4li tuotteen pinnan haluaa tasaiseksi, on ep\u00e4tasaisuudet kitattava.<\/p>\n<p><strong>Tuotetiedot:<\/strong><\/p>\n<ul>\n<li>Paksuus: 12 mm<\/li>\n<li>Leveys: 1200 mm<\/li>\n<li>Pituus: 2440 mm<\/li>\n<li>Neli\u00f6m\u00e4\u00e4r\u00e4: 2,93 m2<\/li>\n<li>Materiaali: M\u00e4ntyviilutettu<\/li>\n<li>Tuotekoodi: vanhav12<\/li>\n<li>Hinta: 10,59 eur \/ m2<\/li>\n<\/ul>\n<p><strong>K\u00e4ytt\u00f6kohteet:<\/strong><\/p>\n<ul>\n<li>Kaikkeen yleisk\u00e4ytt\u00f6\u00f6n rakentamisessa<\/li>\n<li>Sis\u00e4- ja ulkotiloihin<\/li>\n<li>Pakkauksissa<\/li>\n<li>Suojalevyin\u00e4<\/li>\n<\/ul>\n<p><em>*Tuote myyd\u00e4\u00e4n levyitt\u00e4in.<\/em><\/p>\n","protected":false},"excerpt":{"rendered":"<p>Havuvaneri on rakentamisen yleislevy. Vaneria k\u00e4ytet\u00e4\u00e4n erilaisissa kohteissa, sis\u00e4ll\u00e4 ja ulkona. Tuotteen C+ \/ C merkint\u00e4 tarkoittaa, ett\u00e4 levyss\u00e4 on paikkaamattomia ep\u00e4tasaisia pintoja. Tuote soveltuu n\u00e4in ollen esimerkiksi pakkauksissa ja suojalevyin\u00e4. Mik\u00e4li tuotteen pinnan haluaa tasaiseksi, on ep\u00e4tasaisuudet kitattava.<\/p>\n","protected":false},"featured_media":23155,"comment_status":"open","ping_status":"closed","template":"","meta":{"_acf_changed":false},"factory":[],"free-shipment":[],"product_brand":[],"product_cat":[1605,2285,1321],"product_tag":[],"class_list":{"0":"post-23161","1":"product","2":"type-product","3":"status-publish","4":"has-post-thumbnail","6":"product_cat-puutuotteet","7":"product_cat-vanerit","8":"product_cat-yleinen-rakentaminen","10":"first","11":"instock","12":"sale","13":"taxable","14":"shipping-taxable","15":"purchasable","16":"product-type-simple"},"acf":[],"_links":{"self":[{"href":"https:\/\/factory.sale\/fi\/wp-json\/wp\/v2\/product\/23161","targetHints":{"allow":["GET"]}}],"collection":[{"href":"https:\/\/factory.sale\/fi\/wp-json\/wp\/v2\/product"}],"about":[{"href":"https:\/\/factory.sale\/fi\/wp-json\/wp\/v2\/types\/product"}],"replies":[{"embeddable":true,"href":"https:\/\/factory.sale\/fi\/wp-json\/wp\/v2\/comments?post=23161"}],"wp:featuredmedia":[{"embeddable":true,"href":"https:\/\/factory.sale\/fi\/wp-json\/wp\/v2\/media\/23155"}],"wp:attachment":[{"href":"https:\/\/factory.sale\/fi\/wp-json\/wp\/v2\/media?parent=23161"}],"wp:term":[{"taxonomy":"factory","embeddable":true,"href":"https:\/\/factory.sale\/fi\/wp-json\/wp\/v2\/factory?post=23161"},{"taxonomy":"free-shipment","embeddable":true,"href":"https:\/\/factory.sale\/fi\/wp-json\/wp\/v2\/free-shipment?post=23161"},{"taxonomy":"product_brand","embeddable":true,"href":"https:\/\/factory.sale\/fi\/wp-json\/wp\/v2\/product_brand?post=23161"},{"taxonomy":"product_cat","embeddable":true,"href":"https:\/\/factory.sale\/fi\/wp-json\/wp\/v2\/product_cat?post=23161"},{"taxonomy":"product_tag","embeddable":true,"href":"https:\/\/factory.sale\/fi\/wp-json\/wp\/v2\/product_tag?post=23161"}],"curies":[{"name":"wp","href":"https:\/\/api.w.org\/{rel}","templated":true}]}}