{"id":23143,"date":"2023-02-15T10:39:54","date_gmt":"2023-02-15T10:54:32","guid":{"rendered":"https:\/\/factory.sale\/?post_type=product&#038;p=23143"},"modified":"2025-03-23T10:53:39","modified_gmt":"2025-03-23T07:53:39","slug":"muottivaneri-oljytty-havu-br-1200-x-1200-x-12-mm-m2","status":"publish","type":"product","link":"https:\/\/factory.sale\/fi\/tuote\/muottivaneri-oljytty-havu-br-1200-x-1200-x-12-mm-m2\/","title":{"rendered":"Muottivaneri \u00f6ljytty havu BR 1200 x 1200 x 12 mm (m2)"},"content":{"rendered":"<p><span data-contrast=\"auto\">Rakennusk\u00e4yt\u00f6ss\u00e4 \u00f6ljytty muottivaneri sopii kantaviin rakenneosiin sis\u00e4- ja ulkok\u00e4ytt\u00f6kohteissa. Muottivaluihin sopiva hiomaton vaneri on uudelleenk\u00e4ytett\u00e4viss\u00e4 ja sen voi halutessa \u00f6ljyt\u00e4 uudelleen. <\/span><span data-contrast=\"auto\">Levyll\u00e4 on n\u00e4in ollen useita k\u00e4ytt\u00f6kertoja.\u00a0<\/span><\/p>\n<p><span data-ccp-props=\"{&quot;201341983&quot;:0,&quot;335559739&quot;:160,&quot;335559740&quot;:259}\">\u00a0<\/span><strong><span data-contrast=\"auto\">Tuotetiedot:<\/span><\/strong><span data-ccp-props=\"{&quot;201341983&quot;:0,&quot;335559739&quot;:160,&quot;335559740&quot;:259}\">\u00a0<\/span><\/p>\n<ul>\n<li data-leveltext=\"\uf0b7\" data-font=\"Symbol\" data-listid=\"1\" aria-setsize=\"-1\" data-aria-posinset=\"1\" data-aria-level=\"1\"><span data-contrast=\"auto\">Paksuus: 12 mm<\/span><span data-ccp-props=\"{&quot;134233279&quot;:true,&quot;201341983&quot;:0,&quot;335559739&quot;:160,&quot;335559740&quot;:259}\">\u00a0<\/span><\/li>\n<li data-leveltext=\"\uf0b7\" data-font=\"Symbol\" data-listid=\"1\" aria-setsize=\"-1\" data-aria-posinset=\"2\" data-aria-level=\"1\"><span data-contrast=\"auto\">Leveys: 1200 mm<\/span><span data-ccp-props=\"{&quot;134233279&quot;:true,&quot;201341983&quot;:0,&quot;335559739&quot;:160,&quot;335559740&quot;:259}\">\u00a0<\/span><\/li>\n<li data-leveltext=\"\uf0b7\" data-font=\"Symbol\" data-listid=\"1\" aria-setsize=\"-1\" data-aria-posinset=\"2\" data-aria-level=\"1\"><span data-contrast=\"auto\">Pituus: 1200 mm<\/span><span data-ccp-props=\"{&quot;134233279&quot;:true,&quot;201341983&quot;:0,&quot;335559739&quot;:160,&quot;335559740&quot;:259}\">\u00a0<\/span><\/li>\n<li data-leveltext=\"\uf0b7\" data-font=\"Symbol\" data-listid=\"1\" aria-setsize=\"-1\" data-aria-posinset=\"2\" data-aria-level=\"1\"><span data-contrast=\"auto\">Neli\u00f6m\u00e4\u00e4r\u00e4: <\/span><span data-contrast=\"auto\">1,44m\u00b2<\/span><span data-contrast=\"auto\">\/levy<\/span><span data-ccp-props=\"{&quot;134233279&quot;:true,&quot;201341983&quot;:0,&quot;335559739&quot;:160,&quot;335559740&quot;:259}\">\u00a0<\/span><\/li>\n<li data-leveltext=\"\uf0b7\" data-font=\"Symbol\" data-listid=\"1\" aria-setsize=\"-1\" data-aria-posinset=\"2\" data-aria-level=\"1\"><span data-contrast=\"auto\">Materiaali: Havu<\/span><span data-ccp-props=\"{&quot;134233279&quot;:true,&quot;201341983&quot;:0,&quot;335559739&quot;:160,&quot;335559740&quot;:259}\">\u00a0<\/span><\/li>\n<li data-leveltext=\"\uf0b7\" data-font=\"Symbol\" data-listid=\"1\" aria-setsize=\"-1\" data-aria-posinset=\"2\" data-aria-level=\"1\"><span data-contrast=\"auto\">K\u00e4ytt\u00f6kohteet: Muottivaluissa<\/span><\/li>\n<li data-leveltext=\"\uf0b7\" data-font=\"Symbol\" data-listid=\"1\" aria-setsize=\"-1\" data-aria-posinset=\"2\" data-aria-level=\"1\">Tuotekoodi: muotti12<\/li>\n<li data-leveltext=\"\uf0b7\" data-font=\"Symbol\" data-listid=\"1\" aria-setsize=\"-1\" data-aria-posinset=\"2\" data-aria-level=\"1\">Hinta: 16,62 eur \/ m2<\/li>\n<\/ul>\n","protected":false},"excerpt":{"rendered":"<p><span data-contrast=\"auto\">Rakennusk\u00e4yt\u00f6ss\u00e4 \u00f6ljytty muottivaneri sopii kantaviin rakenneosiin sis\u00e4- ja ulkok\u00e4ytt\u00f6kohteissa. Muottivaluihin sopiva hiomaton vaneri on uudelleenk\u00e4ytett\u00e4viss\u00e4 ja sen voi halutessa \u00f6ljyt\u00e4 uudelleen. <\/span><span data-contrast=\"auto\">Levyll\u00e4 on n\u00e4in ollen useita k\u00e4ytt\u00f6kertoja.\u00a0<\/span><\/p>\n","protected":false},"featured_media":23137,"comment_status":"open","ping_status":"closed","template":"","meta":{"_acf_changed":false},"factory":[],"free-shipment":[],"product_brand":[],"product_cat":[1603,2283,768],"product_tag":[1399,276],"class_list":{"0":"post-23143","1":"product","2":"type-product","3":"status-publish","4":"has-post-thumbnail","6":"product_cat-wood-products","7":"product_cat-plywood","8":"product_cat-general-construction","9":"product_tag-oiled","10":"product_tag-wood","12":"first","13":"instock","14":"sale","15":"taxable","16":"shipping-taxable","17":"purchasable","18":"product-type-simple"},"acf":[],"_links":{"self":[{"href":"https:\/\/factory.sale\/fi\/wp-json\/wp\/v2\/product\/23143","targetHints":{"allow":["GET"]}}],"collection":[{"href":"https:\/\/factory.sale\/fi\/wp-json\/wp\/v2\/product"}],"about":[{"href":"https:\/\/factory.sale\/fi\/wp-json\/wp\/v2\/types\/product"}],"replies":[{"embeddable":true,"href":"https:\/\/factory.sale\/fi\/wp-json\/wp\/v2\/comments?post=23143"}],"wp:featuredmedia":[{"embeddable":true,"href":"https:\/\/factory.sale\/fi\/wp-json\/wp\/v2\/media\/23137"}],"wp:attachment":[{"href":"https:\/\/factory.sale\/fi\/wp-json\/wp\/v2\/media?parent=23143"}],"wp:term":[{"taxonomy":"factory","embeddable":true,"href":"https:\/\/factory.sale\/fi\/wp-json\/wp\/v2\/factory?post=23143"},{"taxonomy":"free-shipment","embeddable":true,"href":"https:\/\/factory.sale\/fi\/wp-json\/wp\/v2\/free-shipment?post=23143"},{"taxonomy":"product_brand","embeddable":true,"href":"https:\/\/factory.sale\/fi\/wp-json\/wp\/v2\/product_brand?post=23143"},{"taxonomy":"product_cat","embeddable":true,"href":"https:\/\/factory.sale\/fi\/wp-json\/wp\/v2\/product_cat?post=23143"},{"taxonomy":"product_tag","embeddable":true,"href":"https:\/\/factory.sale\/fi\/wp-json\/wp\/v2\/product_tag?post=23143"}],"curies":[{"name":"wp","href":"https:\/\/api.w.org\/{rel}","templated":true}]}}