{"id":22953,"date":"2023-02-02T12:48:08","date_gmt":"2023-02-02T12:48:08","guid":{"rendered":"https:\/\/factory.sale\/product\/o-1-9m-hot-tub-from-spruce-6-8-person\/"},"modified":"2024-06-25T12:29:25","modified_gmt":"2024-06-25T12:29:25","slug":"o-19m-kylpytynnyri-kuusesta-6-8-hengelle","status":"publish","type":"product","link":"https:\/\/factory.sale\/fi\/tuote\/o-19m-kylpytynnyri-kuusesta-6-8-hengelle\/","title":{"rendered":"\u00d8 1,9M KYLPYTYNNYRI KUUSESTA (6-8 HENGELLE)"},"content":{"rendered":"<p>Tuotekoodi: HS19001<\/p>\n<p>Rentoudu \u00d8 1,9 metrisess\u00e4, kuusesta valmistetussa kylpytynnyriss\u00e4! T\u00e4m\u00e4 kompakti ja tyylik\u00e4s kylpytynnyri tarjoaa t\u00e4ydellisen yhdistelm\u00e4n mukavuutta ja k\u00e4tevyytt\u00e4 kohtuuhintaisesti. Tilavan \u00d8 1,9m koon ansiosta voit nauttia kuplista ja l\u00e4mpim\u00e4st\u00e4 kylpytynnyrist\u00e4 l\u00e4heistesi kanssa mukavasti omalla takapihallasi.<br \/>\nJos rakastat luonnonpuuta, t\u00e4m\u00e4 tuote sopii sinulle parhaiten. Tavoitteenamme on tarjota luonnontuotteita ja niiden tarjoamaa kokemusta vihre\u00e4ss\u00e4 ymp\u00e4rist\u00f6ss\u00e4.<\/p>\n<p>Puisessa kylpytynnyriss\u00e4 uiminen tuntuu miellytt\u00e4v\u00e4lt\u00e4 ja luontoyst\u00e4v\u00e4lliselt\u00e4. Puiset kylpytynnyrimme voidaan valmistaa kuusesta tai l\u00e4mp\u00f6puusta. Kylpytynnyrin vakiosyvyys on 95 cm, lattian ja sivuseinien paksuus 38 mm. Kaikki kylpytynnyriss\u00e4 k\u00e4ytetyt ruuvit on valmistettu ruostumattomasta ter\u00e4ksest\u00e4. Kylpytynnyrin sis\u00e4ll\u00e4 oleva l\u00e4mmitin ja penkit on kiinnitetty seiniin, joten kylpytynnyri on helppo puhdistaa k\u00e4yt\u00f6n j\u00e4lkeen. Saatavilla on my\u00f6s ulkoisella puul\u00e4mmitteisell\u00e4 kamiinalla varustettuja malleja, joihin mahtuu enemm\u00e4n ihmisi\u00e4. Ulkopuolisissa l\u00e4mmittimiss\u00e4 voi olla pieni lasi-ikkuna ovissa, jotta se n\u00e4ytt\u00e4\u00e4 miellytt\u00e4v\u00e4mm\u00e4lt\u00e4. Kylpytynnyriss\u00e4 on vedenpoistoventtiili jossa on letkuliitin, joten kylpytynnyrin voidaan tyhjent\u00e4\u00e4 milloin haluaa.<\/p>\n<p>1,9 m kylpytynnyri \u2013 6 hengelle tai 8 hengelle, jos kylpytynnyriss\u00e4 on ulkoinen l\u00e4mmitin.<\/p>\n<p><strong>TEKNISET TIEDOT<\/strong><\/p>\n<ul>\n<li>6-8 hengelle<\/li>\n<li>Kuusi<\/li>\n<li>Py\u00f6re\u00e4 muoto<\/li>\n<li>Halkaisija 1900 mm<\/li>\n<li>Kokonaiskorkeus 1045 mm<\/li>\n<li>Lattian paksuus 38 mm<\/li>\n<li>Sein\u00e4n paksuus 38 mm<\/li>\n<\/ul>\n<p><strong>VAKIOSETTI<\/strong><\/p>\n<ul>\n<li>Kuusesta valmistettu kylpytynnyri.<\/li>\n<li>Kiristimet ruostumaton ter\u00e4s.<\/li>\n<li>Ruostumattomasta ter\u00e4ksest\u00e4 valmistettu l\u00e4mmitin savuputkella (kylpytynnyrin sis\u00e4- tai ulkopuolella).<\/li>\n<li>Puiset penkit<\/li>\n<li>Turva-aita kylpytynnyreille, joiden l\u00e4mmitin on sis\u00e4puolella.<\/li>\n<li>Vedenpoistoventtiili<\/li>\n<li>Portaat<\/li>\n<\/ul>\n<p><strong>L\u00e4mmitin ja savuputki:<\/strong><\/p>\n<ul>\n<li>Kylpytynnyrin sis\u00e4puolella oleva l\u00e4mmitin 304 ruostumattomasta ter\u00e4ksest\u00e4 (vakio)<\/li>\n<li>Kylpytynnyrin sis\u00e4puolella oleva l\u00e4mmitin 316 ruostumattomasta ter\u00e4ksest\u00e4 +125 EUR<\/li>\n<li>Kylpytynnyrin ulkopuolella oleva py\u00f6re\u00e4 l\u00e4mmitin 304 ruostumattomasta ter\u00e4ksest\u00e4 + 225 EUR.<\/li>\n<li>Kylpytynnyrin ulkopuolella oleva py\u00f6re\u00e4 l\u00e4mmitin 316 ruostumattomasta ter\u00e4ksest\u00e4 + 325 EUR.<\/li>\n<li>Kylpytynnyrin ulkopuolella oleva kahdeksankulmion muotoinen l\u00e4mmitin, 304 ruostumattomasta ter\u00e4ksest\u00e4 + 310 EUR<\/li>\n<li>Kylpytynnyrin ulkopuolella oleva kahdeksankulmion muotoinen l\u00e4mmitin, 316 ruostumattomasta ter\u00e4ksest\u00e4 + 425 EUR<\/li>\n<\/ul>\n<p><strong>Tuotteen pakkaus:<\/strong><br \/>\nKIT-versio (alhaisemmat toimituskulut).<br \/>\nVoit tilata tuotteen koottuna 100 euron lis\u00e4hintaan.<\/p>\n<p><strong>Portaat:<\/strong><br \/>\n3 askelmaa kuusesta (vakio)<br \/>\n2 askelmaa kuusesta + 10 euroa<\/p>\n<p><strong>Sivulautojen paksuus<\/strong>: 38 mm<\/p>\n<p><strong>Savuputken turva-aita:<\/strong><br \/>\nPuinen turva-aita +90 EUR<\/p>\n<p><strong>Peite:<\/strong><br \/>\nTeltan suojapeite + 105<br \/>\nPuukansi kuusesta + 105 EUR<br \/>\nPuukansi kuusesta kyll\u00e4stetty \u201cRemmers\u201d v\u00e4rill\u00e4 + 125 EUR<\/p>\n<p><strong>Lis\u00e4vaihtoehtoja:<\/strong><br \/>\nPulloteline kuusesta +45 EUR<br \/>\nVesil\u00e4mp\u00f6mittari +40 euroa<\/p>\n<p><strong>TOIMITUS<\/strong><br \/>\nKokoamisaika 6 tuntia<br \/>\nLavojen koko (PxLxK) 2 x 1,2 x 0,6 m<br \/>\nPaino 315 kg<br \/>\nVoimme toimittaa valmiiksi kootut kylpytynnyrit tai kokoamatta lavalle pakatut (KIT) kylpytynnyrit yksityiskohtaisten asennusohjeiden ja piirustusten kanssa. Yksi henkil\u00f6 voi helposti koota kylpytynnyrin 6 tunnissa.<br \/>\nHalkaisijaltaan 1,9 kootun rahdin koko (P x L x K): 2,1 x 1,2 x 2,2 m.<br \/>\nVoimme lastata 50 kpl KIT kylpytynnyreit\u00e4 tavalliseen 13,6 m kuorma-autoon.<br \/>\nKootun rahdin koko (P x L x K): 2,1 x 1,2 x 2,2 m, KIT rahdin koko (P x L x K): 2 x 1,2 x 0,6 m. Paino: 230 kg<\/p>\n<p><strong>KYLL\u00c4ST\u00c4MINEN V\u00c4RILL\u00c4<\/strong> (+120 Eur) V\u00e4rikartta l\u00f6ytyy kuvien alta.<br \/>\n<strong>PETSI | MAALI<\/strong><br \/>\n<strong>Millaista maalia minun pit\u00e4isi k\u00e4ytt\u00e4\u00e4?<\/strong><br \/>\nAsianmukainen v\u00e4rj\u00e4ys ja kyll\u00e4stys on yksi t\u00e4rkeimmist\u00e4 asioista mik\u00e4 on otettava huomioon, kun mietit\u00e4\u00e4n, kuinka pident\u00e4\u00e4 tuotteen k\u00e4ytt\u00f6ik\u00e4\u00e4. Maali ja luonnollinen puun viimeistely korostavat v\u00e4litt\u00f6m\u00e4sti tuotteesi ulkon\u00e4k\u00f6\u00e4. Sinun on p\u00e4\u00e4tett\u00e4v\u00e4, haluatko k\u00e4ytt\u00e4\u00e4 vesiohenteista puupetsi\u00e4 vai maalia. Molemmat tarjoavat tuotteelle UV-suojan. Puupetsit antavat puun rakenteen n\u00e4ky\u00e4 l\u00e4pi ja monet niist\u00e4 on nyt saatavilla laajassa v\u00e4rivalikoima. Maalit antavat voimakkaan v\u00e4rin, mutta peitt\u00e4v\u00e4t puun syyt ja rakenteen.<br \/>\n*Kun kyseess\u00e4 on puisen kylpytynnyrin kyll\u00e4st\u00e4minen, suosittelemme valitsemaan puupetsi -v\u00e4rin!<br \/>\nSivustolla n\u00e4kyv\u00e4t v\u00e4rit eiv\u00e4t aina vastaa 100 % v\u00e4ri\u00e4. Puumateriaalin v\u00e4ri vaikuttaa lopulliseen v\u00e4riin.<\/p>\n<p><strong>Kaikki esitetyt kuvat ovat havainnollistavia. Todellinen tuote voi vaihdella valituista lis\u00e4varusteista tai tuotteen parannuksista riippuen.<\/strong><\/p>\n","protected":false},"excerpt":{"rendered":"<p>Rentoudu \u00d8 1,9 metrisess\u00e4, kuusesta valmistetussa kylpytynnyriss\u00e4! T\u00e4m\u00e4 kompakti ja tyylik\u00e4s kylpytynnyri tarjoaa t\u00e4ydellisen yhdistelm\u00e4n mukavuutta ja k\u00e4tevyytt\u00e4 kohtuuhintaisesti. Tilavan \u00d8 1,9m koon ansiosta voit nauttia kuplista ja l\u00e4mpim\u00e4st\u00e4 kylpytynnyrist\u00e4 l\u00e4heistesi kanssa mukavasti omalla takapihallasi.<br \/>\nJos rakastat luonnonpuuta, t\u00e4m\u00e4 tuote sopii sinulle parhaiten. Tavoitteenamme on tarjota luonnontuotteita ja niiden tarjoamaa kokemusta vihre\u00e4ss\u00e4 ymp\u00e4rist\u00f6ss\u00e4.<\/p>\n","protected":false},"featured_media":22333,"comment_status":"open","ping_status":"closed","template":"","meta":{"_acf_changed":false},"factory":[],"free-shipment":[],"product_brand":[],"product_cat":[2210,2594],"product_tag":[],"class_list":{"0":"post-22953","1":"product","2":"type-product","3":"status-publish","4":"has-post-thumbnail","6":"product_cat-kylpytynnyrit","7":"product_cat-puiset-kylpytynnyrit","9":"first","10":"instock","11":"sale","12":"taxable","13":"shipping-taxable","14":"purchasable","15":"product-type-simple"},"acf":[],"_links":{"self":[{"href":"https:\/\/factory.sale\/fi\/wp-json\/wp\/v2\/product\/22953","targetHints":{"allow":["GET"]}}],"collection":[{"href":"https:\/\/factory.sale\/fi\/wp-json\/wp\/v2\/product"}],"about":[{"href":"https:\/\/factory.sale\/fi\/wp-json\/wp\/v2\/types\/product"}],"replies":[{"embeddable":true,"href":"https:\/\/factory.sale\/fi\/wp-json\/wp\/v2\/comments?post=22953"}],"wp:featuredmedia":[{"embeddable":true,"href":"https:\/\/factory.sale\/fi\/wp-json\/wp\/v2\/media\/22333"}],"wp:attachment":[{"href":"https:\/\/factory.sale\/fi\/wp-json\/wp\/v2\/media?parent=22953"}],"wp:term":[{"taxonomy":"factory","embeddable":true,"href":"https:\/\/factory.sale\/fi\/wp-json\/wp\/v2\/factory?post=22953"},{"taxonomy":"free-shipment","embeddable":true,"href":"https:\/\/factory.sale\/fi\/wp-json\/wp\/v2\/free-shipment?post=22953"},{"taxonomy":"product_brand","embeddable":true,"href":"https:\/\/factory.sale\/fi\/wp-json\/wp\/v2\/product_brand?post=22953"},{"taxonomy":"product_cat","embeddable":true,"href":"https:\/\/factory.sale\/fi\/wp-json\/wp\/v2\/product_cat?post=22953"},{"taxonomy":"product_tag","embeddable":true,"href":"https:\/\/factory.sale\/fi\/wp-json\/wp\/v2\/product_tag?post=22953"}],"curies":[{"name":"wp","href":"https:\/\/api.w.org\/{rel}","templated":true}]}}