{"id":21659,"date":"2023-01-02T10:53:00","date_gmt":"2023-01-02T10:53:00","guid":{"rendered":"https:\/\/factory.sale\/product\/efes-n-d4m1-basaltic-black-washed\/"},"modified":"2024-06-25T21:22:09","modified_gmt":"2024-06-25T21:22:09","slug":"efes-n-d4m1-basalttinen-mustaksi-varjatty","status":"publish","type":"product","link":"https:\/\/factory.sale\/fi\/tuote\/efes-n-d4m1-basalttinen-mustaksi-varjatty\/","title":{"rendered":"EFES N-D4M1 BASALTTINEN, MUSTAKSI V\u00c4RJ\u00c4TTY"},"content":{"rendered":"<p>EFES -penkki on valmistettu luonnollisesta basalttibetonista. Sivilisaatioiden hautausmaa Anatolia on suurin inspiraation l\u00e4hteemme. Mik\u00e4\u00e4n t\u00e4ss\u00e4 kokoelmassa ei ole sattumanvaraisesti suunniteltu. Aivan kuten muinaisessa Efesoksen teatterissa.<\/p>\n<p>M\u00e4\u00e4r\u00e4 1 lavalla \u2013 4 kpl<br \/>\nTuotem\u00e4\u00e4r\u00e4 kuorma-autossa \u2013 96 kpl.<\/p>\n<h4>V\u00e4rit:<\/h4>\n<table width=\"572\">\n<tbody>\n<tr>\n<td width=\"141\">EFES N-D4M1<\/td>\n<td width=\"226\">Basalttinen, Mustaksi v\u00e4rj\u00e4tty<\/td>\n<td width=\"123\">\n<table>\n<tbody>\n<tr>\n<td width=\"123\"><\/td>\n<\/tr>\n<\/tbody>\n<\/table>\n<\/td>\n<td width=\"82\">\u00a0\u20ac 462,00<\/td>\n<\/tr>\n<tr>\n<td>EFES N-D4M2<\/td>\n<td>Basalttinen, Valkoiseksi v\u00e4rj\u00e4tty<\/td>\n<td width=\"123\">\n<table>\n<tbody>\n<tr>\n<td width=\"7\"><\/td>\n<\/tr>\n<tr>\n<td><\/td>\n<td><\/td>\n<td width=\"11\"><\/td>\n<\/tr>\n<tr>\n<td><\/td>\n<\/tr>\n<\/tbody>\n<\/table>\n<\/td>\n<td>\u00a0\u20ac 478,50<\/td>\n<\/tr>\n<tr>\n<td>EFES N-D4M3<\/td>\n<td>Basalttinen, P\u00f6lyinen vaaleanpunainen<\/td>\n<td width=\"123\">\n<table>\n<tbody>\n<tr>\n<td width=\"5\"><\/td>\n<\/tr>\n<tr>\n<td><\/td>\n<td><\/td>\n<td width=\"11\"><\/td>\n<\/tr>\n<tr>\n<td><\/td>\n<\/tr>\n<\/tbody>\n<\/table>\n<\/td>\n<td>\u00a0\u20ac 495,00<\/td>\n<\/tr>\n<tr>\n<td>EFES N-D4M10<\/td>\n<td>Basalttinen, Musta-keltaiseksi v\u00e4rj\u00e4tty<\/td>\n<td width=\"123\">\n<table>\n<tbody>\n<tr>\n<td width=\"5\"><\/td>\n<\/tr>\n<tr>\n<td><\/td>\n<td><\/td>\n<td width=\"6\"><\/td>\n<\/tr>\n<tr>\n<td><\/td>\n<\/tr>\n<\/tbody>\n<\/table>\n<\/td>\n<td>\u00a0\u20ac 528,00<\/td>\n<\/tr>\n<tr>\n<td>EFES N-D4M9<\/td>\n<td>Basalttinen, P\u00f6lyisen vaaleanpunaisen-mustaksi v\u00e4rj\u00e4tty<\/td>\n<td width=\"123\">\n<table>\n<tbody>\n<tr>\n<td width=\"6\"><\/td>\n<\/tr>\n<tr>\n<td><\/td>\n<td><\/td>\n<td width=\"6\"><\/td>\n<\/tr>\n<tr>\n<td><\/td>\n<\/tr>\n<\/tbody>\n<\/table>\n<\/td>\n<td>\u00a0\u20ac 528,00<\/td>\n<\/tr>\n<tr>\n<td>EFES N-D4M11<\/td>\n<td>Basalttinen, Tummanpunaiseksi v\u00e4rj\u00e4tty<\/td>\n<td width=\"123\">\n<table>\n<tbody>\n<tr>\n<td width=\"3\"><\/td>\n<\/tr>\n<tr>\n<td><\/td>\n<td><\/td>\n<td width=\"5\"><\/td>\n<\/tr>\n<tr>\n<td><\/td>\n<\/tr>\n<\/tbody>\n<\/table>\n<\/td>\n<td>\u00a0\u20ac 528,00<\/td>\n<\/tr>\n<\/tbody>\n<\/table>\n<p>&nbsp;<\/p>\n<p>Kaikki tuotteemme on valmistettu laatustandardien mukaisesti:<\/p>\n<p>ISO 9001:2015<\/p>\n<p>ISO 14001:2015<\/p>\n<p>ISO 45001:2018<\/p>\n","protected":false},"excerpt":{"rendered":"<p>EFES -penkki on valmistettu luonnollisesta basalttibetonista. Sivilisaatioiden hautausmaa Anatolia on suurin inspiraation l\u00e4hteemme. Mik\u00e4\u00e4n t\u00e4ss\u00e4 kokoelmassa ei ole sattumanvaraisesti suunniteltu. Aivan kuten muinaisessa Efesoksen teatterissa.<\/p>\n","protected":false},"featured_media":18729,"comment_status":"open","ping_status":"closed","template":"","meta":{"_acf_changed":false},"factory":[],"free-shipment":[],"product_brand":[],"product_cat":[1336,1337],"product_tag":[2116],"class_list":{"0":"post-21659","1":"product","2":"type-product","3":"status-publish","4":"has-post-thumbnail","6":"product_cat-kaupunkihuonekalut","7":"product_cat-penkit","8":"product_tag-efes-n-d4m1-basaltic-black-washed-fi","10":"first","11":"instock","12":"sale","13":"taxable","14":"shipping-taxable","15":"purchasable","16":"product-type-simple"},"acf":[],"_links":{"self":[{"href":"https:\/\/factory.sale\/fi\/wp-json\/wp\/v2\/product\/21659","targetHints":{"allow":["GET"]}}],"collection":[{"href":"https:\/\/factory.sale\/fi\/wp-json\/wp\/v2\/product"}],"about":[{"href":"https:\/\/factory.sale\/fi\/wp-json\/wp\/v2\/types\/product"}],"replies":[{"embeddable":true,"href":"https:\/\/factory.sale\/fi\/wp-json\/wp\/v2\/comments?post=21659"}],"wp:featuredmedia":[{"embeddable":true,"href":"https:\/\/factory.sale\/fi\/wp-json\/wp\/v2\/media\/18729"}],"wp:attachment":[{"href":"https:\/\/factory.sale\/fi\/wp-json\/wp\/v2\/media?parent=21659"}],"wp:term":[{"taxonomy":"factory","embeddable":true,"href":"https:\/\/factory.sale\/fi\/wp-json\/wp\/v2\/factory?post=21659"},{"taxonomy":"free-shipment","embeddable":true,"href":"https:\/\/factory.sale\/fi\/wp-json\/wp\/v2\/free-shipment?post=21659"},{"taxonomy":"product_brand","embeddable":true,"href":"https:\/\/factory.sale\/fi\/wp-json\/wp\/v2\/product_brand?post=21659"},{"taxonomy":"product_cat","embeddable":true,"href":"https:\/\/factory.sale\/fi\/wp-json\/wp\/v2\/product_cat?post=21659"},{"taxonomy":"product_tag","embeddable":true,"href":"https:\/\/factory.sale\/fi\/wp-json\/wp\/v2\/product_tag?post=21659"}],"curies":[{"name":"wp","href":"https:\/\/api.w.org\/{rel}","templated":true}]}}