{"id":21504,"date":"2019-08-28T17:20:09","date_gmt":"2019-08-28T17:20:09","guid":{"rendered":"https:\/\/factory.sale\/product\/arpanel-ch-pur-pir-refrigerating-sandwich-panel\/"},"modified":"2024-06-25T11:49:03","modified_gmt":"2024-06-25T11:49:03","slug":"arpanel-ch-pur-pir-kylmio-sandwich-elementti","status":"publish","type":"product","link":"https:\/\/factory.sale\/fi\/tuote\/arpanel-ch-pur-pir-kylmio-sandwich-elementti\/","title":{"rendered":"ARPANEL CH PUR\/PIR KYLMI\u00d6 SANDWICH-ELEMENTTI"},"content":{"rendered":"<div class=\"prod-section current-target\" data-menulevel=\"1\" data-menutitle=\"Characteristics.\" data-menuindex=\"1\">\n<p>ARPANEL CH PUR\/PIR sandwich-elementti on paras ratkaisu kylm\u00e4varastojen, j\u00e4\u00e4huoneiden, varastotilojen ja muiden kylmien tilojen seiniin, koska se kest\u00e4\u00e4 hometta, sieni\u00e4 ja tuholaisia. Erityinen labyrinttilukko ja t\u00e4ydelliset eristys-l\u00e4mp\u00f6parametrit j\u00e4yk\u00e4st\u00e4 polyuretaanista (PUR) tai polyisosyanuraattista (PIR) pit\u00e4v\u00e4t huoneen tiiviin\u00e4 ja eristettyn\u00e4. Ter\u00e4slevyt on p\u00e4\u00e4llystetty polyesterill\u00e4 tai muulla orgaanisella kerroksella, joka valitaan aina yksil\u00f6llisesti rakennuksen ulko- ja sis\u00e4seinille asetettujen vaatimusten mukaan. ARPANEL CH PUR\/PIR kylmi\u00f6 sandwich-elementille on ominaista t\u00e4ydelliset mekaaniset piirteet polyuretaanisen PUR\/PIR-ytimen ominaisuuksien ansiosta sek\u00e4 kest\u00e4v\u00e4st\u00e4 ja luotettavasta liitoksesta ytimen ja ter\u00e4sverhouksen v\u00e4lill\u00e4.<\/p>\n<\/div>\n<p><em>Minimi tilaus 300m2.<\/em><\/p>\n<p>&nbsp;<\/p>\n<div class=\"prod-section current-target\" data-menulevel=\"1\" data-menutitle=\"Characteristics.\" data-menuindex=\"1\">\n<p><strong>ARPANEL CH PUR\/PIR -j\u00e4\u00e4hdytyssandwich-elementtien parametrit:<\/strong><\/p>\n<p>Paksuus [mm] : 120 140 160 200<br \/>\nModuulin leveys [mm] : 1000 1100 1150<br \/>\nPituus [mm] : 2000 \u2013 18500<br \/>\nVakiov\u00e4ris\u00e4vyt [RAL] : 5010 7016 7035 9002 9010 9006 9007<br \/>\nElementtien kiinnitysj\u00e4rjestelm\u00e4 rakenteeseen (lukko) : labyrintti<br \/>\nElementti tyyppi : sein\u00e4<\/p>\n<\/div>\n","protected":false},"excerpt":{"rendered":"<p>ARPANEL CH PUR\/PIR sandwich-elementti on paras ratkaisu kylm\u00e4varastojen, kylmi\u00f6iden, varastotilojen ja muiden kylmien tilojen seiniin, koska se kest\u00e4\u00e4 hometta, sieni\u00e4 ja tuholaisia. Erityinen labyrinttilukko ja t\u00e4ydelliset eristys-l\u00e4mp\u00f6parametrit j\u00e4yk\u00e4st\u00e4 polyuretaanista (PUR) tai polyisosyanuraattista (PIR) pit\u00e4v\u00e4t huoneen tiiviin\u00e4 ja eristettyn\u00e4.<\/p>\n<p>Hintaesimerkki 40 mm paneelille.<\/p>\n<p>Meilt\u00e4 saat tarvittaessa my\u00f6s asennuksen \u2013 toimitetaan ja asennetaan valtakunnallisesti!<\/p>\n<p>L\u00e4het\u00e4 oma tarjouspyynt\u00f6: myynti@factory.sale<\/p>\n<p>Minimi tilaus 300m2.<\/p>\n","protected":false},"featured_media":4639,"comment_status":"open","ping_status":"closed","template":"","meta":{"_acf_changed":false},"factory":[],"free-shipment":[],"product_brand":[],"product_cat":[479,476],"product_tag":[530],"class_list":{"0":"post-21504","1":"product","2":"type-product","3":"status-publish","4":"has-post-thumbnail","6":"product_cat-pir-pur","7":"product_cat-sandwich-panel-fi","8":"product_tag-sandwich-panel-fi-2","10":"first","11":"instock","12":"sale","13":"taxable","14":"shipping-taxable","15":"purchasable","16":"product-type-simple"},"acf":[],"_links":{"self":[{"href":"https:\/\/factory.sale\/fi\/wp-json\/wp\/v2\/product\/21504","targetHints":{"allow":["GET"]}}],"collection":[{"href":"https:\/\/factory.sale\/fi\/wp-json\/wp\/v2\/product"}],"about":[{"href":"https:\/\/factory.sale\/fi\/wp-json\/wp\/v2\/types\/product"}],"replies":[{"embeddable":true,"href":"https:\/\/factory.sale\/fi\/wp-json\/wp\/v2\/comments?post=21504"}],"wp:featuredmedia":[{"embeddable":true,"href":"https:\/\/factory.sale\/fi\/wp-json\/wp\/v2\/media\/4639"}],"wp:attachment":[{"href":"https:\/\/factory.sale\/fi\/wp-json\/wp\/v2\/media?parent=21504"}],"wp:term":[{"taxonomy":"factory","embeddable":true,"href":"https:\/\/factory.sale\/fi\/wp-json\/wp\/v2\/factory?post=21504"},{"taxonomy":"free-shipment","embeddable":true,"href":"https:\/\/factory.sale\/fi\/wp-json\/wp\/v2\/free-shipment?post=21504"},{"taxonomy":"product_brand","embeddable":true,"href":"https:\/\/factory.sale\/fi\/wp-json\/wp\/v2\/product_brand?post=21504"},{"taxonomy":"product_cat","embeddable":true,"href":"https:\/\/factory.sale\/fi\/wp-json\/wp\/v2\/product_cat?post=21504"},{"taxonomy":"product_tag","embeddable":true,"href":"https:\/\/factory.sale\/fi\/wp-json\/wp\/v2\/product_tag?post=21504"}],"curies":[{"name":"wp","href":"https:\/\/api.w.org\/{rel}","templated":true}]}}