{"id":21479,"date":"2023-01-02T13:29:19","date_gmt":"2023-01-02T13:29:19","guid":{"rendered":"https:\/\/factory.sale\/product\/mini-eko-n-c2m1-basaltic-black-washed\/"},"modified":"2024-07-04T05:01:27","modified_gmt":"2024-07-04T05:01:27","slug":"mini-eko-n-c2m1-basalttinen-mustaksi-varjatty","status":"publish","type":"product","link":"https:\/\/factory.sale\/fi\/tuote\/mini-eko-n-c2m1-basalttinen-mustaksi-varjatty\/","title":{"rendered":"MINI EKO N-C2M1 BASALTTINEN, MUSTAKSI V\u00c4RJ\u00c4TTY"},"content":{"rendered":"<p>\u201cEKO\u201d on valmistettu luonnollisesta basalttibetonista. Roskakorimme ovat t\u00e4rkeit\u00e4 pit\u00e4\u00e4ksemme maailman puhtaana. Moneen paikkaan ei ole kuitenkaan mahdollista mahduttaa suurta roskakoria. Nstone suunnitteli Mini Ekon vihre\u00e4mp\u00e4\u00e4 maailmaa varten.<\/p>\n<p>Paino: 125,5 kg<br \/>\nM\u00e4\u00e4r\u00e4 1 lavalla \u2013 5 kpl<br \/>\nTuotem\u00e4\u00e4r\u00e4 kuorma-autossa \u2013 120 kpl.<\/p>\n<h4>V\u00e4rit:<\/h4>\n<table width=\"572\">\n<tbody>\n<tr>\n<td width=\"141\">MINI EKO N-C2M1<\/td>\n<td width=\"226\">Basalttinen, Mustaksi v\u00e4rj\u00e4tty<\/td>\n<td width=\"123\">\n<table>\n<tbody>\n<tr>\n<td width=\"123\"><\/td>\n<\/tr>\n<\/tbody>\n<\/table>\n<\/td>\n<td width=\"82\">\u00a0\u20ac 330,00<\/td>\n<\/tr>\n<tr>\n<td>MINI EKO N-C2M2<\/td>\n<td>Basalttinen, Valkoiseksi v\u00e4rj\u00e4tty<\/td>\n<td width=\"123\">\n<table>\n<tbody>\n<tr>\n<td width=\"7\"><\/td>\n<\/tr>\n<tr>\n<td><\/td>\n<td><\/td>\n<td width=\"11\"><\/td>\n<\/tr>\n<tr>\n<td><\/td>\n<\/tr>\n<\/tbody>\n<\/table>\n<\/td>\n<td>\u00a0\u20ac 346,50<\/td>\n<\/tr>\n<tr>\n<td>MINI EKO N-C2M3<\/td>\n<td>Basalttinen, P\u00f6lyinen vaaleanpunainen<\/td>\n<td width=\"123\">\n<table>\n<tbody>\n<tr>\n<td width=\"5\"><\/td>\n<\/tr>\n<tr>\n<td><\/td>\n<td><\/td>\n<td width=\"11\"><\/td>\n<\/tr>\n<tr>\n<td><\/td>\n<\/tr>\n<\/tbody>\n<\/table>\n<\/td>\n<td>\u00a0\u20ac 363,00<\/td>\n<\/tr>\n<tr>\n<td>MINI EKO N-C2M10<\/td>\n<td>Basalttinen, Musta-keltaiseksi v\u00e4rj\u00e4tty<\/td>\n<td width=\"123\">\n<table>\n<tbody>\n<tr>\n<td width=\"5\"><\/td>\n<\/tr>\n<tr>\n<td><\/td>\n<td><\/td>\n<td width=\"6\"><\/td>\n<\/tr>\n<tr>\n<td><\/td>\n<\/tr>\n<\/tbody>\n<\/table>\n<\/td>\n<td>\u00a0\u20ac 396,00<\/td>\n<\/tr>\n<tr>\n<td>MINI EKO N-C2M9<\/td>\n<td>Basalttinen, P\u00f6lyisen vaaleanpunaisen-mustaksi v\u00e4rj\u00e4tty<\/td>\n<td width=\"123\">\n<table>\n<tbody>\n<tr>\n<td width=\"6\"><\/td>\n<\/tr>\n<tr>\n<td><\/td>\n<td><\/td>\n<td width=\"6\"><\/td>\n<\/tr>\n<tr>\n<td><\/td>\n<\/tr>\n<\/tbody>\n<\/table>\n<\/td>\n<td>\u00a0\u20ac 396,00<\/td>\n<\/tr>\n<tr>\n<td>MINI EKO N-C2M11<\/td>\n<td>Basalttinen, Tummanpunaiseksi v\u00e4rj\u00e4tty<\/td>\n<td width=\"123\">\n<table>\n<tbody>\n<tr>\n<td width=\"3\"><\/td>\n<\/tr>\n<tr>\n<td><\/td>\n<td><\/td>\n<td width=\"5\"><\/td>\n<\/tr>\n<tr>\n<td><\/td>\n<\/tr>\n<\/tbody>\n<\/table>\n<\/td>\n<td>\u00a0\u20ac 396,00<\/td>\n<\/tr>\n<\/tbody>\n<\/table>\n<p>&nbsp;<\/p>\n<p>Kaikki tuotteemme on valmistettu laatustandardien mukaisesti:<\/p>\n<p>ISO 9001:2015<br \/>\nISO 14001:2015<br \/>\nISO 45001:2018<\/p>\n","protected":false},"excerpt":{"rendered":"<p>\u201cEKO\u201d on valmistettu luonnollisesta basalttibetonista. Roskakorimme ovat t\u00e4rkeit\u00e4 pit\u00e4\u00e4ksemme maailman puhtaana. Moneen paikkaan ei ole kuitenkaan mahdollista mahduttaa suurta roskakoria. Nstone suunnitteli Mini Ekon vihre\u00e4mp\u00e4\u00e4 maailmaa varten.<\/p>\n","protected":false},"featured_media":18797,"comment_status":"open","ping_status":"closed","template":"","meta":{"_acf_changed":false},"factory":[],"free-shipment":[],"product_brand":[],"product_cat":[1338,1336],"product_tag":[2096],"class_list":{"0":"post-21479","1":"product","2":"type-product","3":"status-publish","4":"has-post-thumbnail","6":"product_cat-jateastiat","7":"product_cat-kaupunkihuonekalut","8":"product_tag-mini-eko-n-c2m1-basaltic-black-washed-fi","10":"first","11":"instock","12":"sale","13":"taxable","14":"shipping-taxable","15":"purchasable","16":"product-type-simple"},"acf":[],"_links":{"self":[{"href":"https:\/\/factory.sale\/fi\/wp-json\/wp\/v2\/product\/21479","targetHints":{"allow":["GET"]}}],"collection":[{"href":"https:\/\/factory.sale\/fi\/wp-json\/wp\/v2\/product"}],"about":[{"href":"https:\/\/factory.sale\/fi\/wp-json\/wp\/v2\/types\/product"}],"replies":[{"embeddable":true,"href":"https:\/\/factory.sale\/fi\/wp-json\/wp\/v2\/comments?post=21479"}],"wp:featuredmedia":[{"embeddable":true,"href":"https:\/\/factory.sale\/fi\/wp-json\/wp\/v2\/media\/18797"}],"wp:attachment":[{"href":"https:\/\/factory.sale\/fi\/wp-json\/wp\/v2\/media?parent=21479"}],"wp:term":[{"taxonomy":"factory","embeddable":true,"href":"https:\/\/factory.sale\/fi\/wp-json\/wp\/v2\/factory?post=21479"},{"taxonomy":"free-shipment","embeddable":true,"href":"https:\/\/factory.sale\/fi\/wp-json\/wp\/v2\/free-shipment?post=21479"},{"taxonomy":"product_brand","embeddable":true,"href":"https:\/\/factory.sale\/fi\/wp-json\/wp\/v2\/product_brand?post=21479"},{"taxonomy":"product_cat","embeddable":true,"href":"https:\/\/factory.sale\/fi\/wp-json\/wp\/v2\/product_cat?post=21479"},{"taxonomy":"product_tag","embeddable":true,"href":"https:\/\/factory.sale\/fi\/wp-json\/wp\/v2\/product_tag?post=21479"}],"curies":[{"name":"wp","href":"https:\/\/api.w.org\/{rel}","templated":true}]}}