{"id":21475,"date":"2023-01-02T13:10:38","date_gmt":"2023-01-02T13:10:38","guid":{"rendered":"https:\/\/factory.sale\/product\/eko-n-c1m1-basaltic-black-washed\/"},"modified":"2024-07-02T03:01:45","modified_gmt":"2024-07-02T03:01:45","slug":"eko-n-c1m1-basalttinen-mustaksi-varjatty","status":"publish","type":"product","link":"https:\/\/factory.sale\/fi\/tuote\/eko-n-c1m1-basalttinen-mustaksi-varjatty\/","title":{"rendered":"EKO N-C1M1 &#8211; BASALTTINEN, MUSTAKSI V\u00c4RJ\u00c4TTY"},"content":{"rendered":"<p>\u201cEKO\u201d on valmistettu luonnollisesta basalttibetonista. Pit\u00e4\u00e4ksemme maailmamme puhtaana, olemme tehneet roskakorista hy\u00f6dyllisemm\u00e4n j\u00e4tteiden ja roskien ker\u00e4\u00e4miseen. Nstone tukee yhteiskuntia ekologisen ymp\u00e4rist\u00f6n luomisessa. Siksi sen nimi ei ole en\u00e4\u00e4 roskakori, vaan EKO, muistuttamaan meit\u00e4 ekologiasta.<\/p>\n<p>Paino: 230 kg<br \/>\nM\u00e4\u00e4r\u00e4 1 lavalla \u2013 2 kpl<br \/>\nTuotem\u00e4\u00e4r\u00e4 kuorma-autossa \u2013 48 kpl.<\/p>\n<h4>V\u00e4rit:<\/h4>\n<table width=\"572\">\n<tbody>\n<tr>\n<td width=\"141\">EKO N-C1M1<\/td>\n<td width=\"226\">Basalttinen, Mustaksi v\u00e4rj\u00e4tty<\/td>\n<td width=\"123\">\n<table>\n<tbody>\n<tr>\n<td width=\"123\"><\/td>\n<\/tr>\n<\/tbody>\n<\/table>\n<\/td>\n<td width=\"82\">\u00a0\u20ac 519,75<\/td>\n<\/tr>\n<tr>\n<td>EKO N-C1M2<\/td>\n<td>Basalttinen, Valkoiseksi v\u00e4rj\u00e4tty<\/td>\n<td width=\"123\">\n<table>\n<tbody>\n<tr>\n<td width=\"7\"><\/td>\n<\/tr>\n<tr>\n<td><\/td>\n<td><\/td>\n<td width=\"11\"><\/td>\n<\/tr>\n<tr>\n<td><\/td>\n<\/tr>\n<\/tbody>\n<\/table>\n<\/td>\n<td>\u00a0\u20ac 536,25<\/td>\n<\/tr>\n<tr>\n<td>EKO N-C1M3<\/td>\n<td>Basalttinen, P\u00f6lyinen vaaleanpunainen<\/td>\n<td width=\"123\">\n<table>\n<tbody>\n<tr>\n<td width=\"5\"><\/td>\n<\/tr>\n<tr>\n<td><\/td>\n<td><\/td>\n<td width=\"11\"><\/td>\n<\/tr>\n<tr>\n<td><\/td>\n<\/tr>\n<\/tbody>\n<\/table>\n<\/td>\n<td>\u00a0\u20ac 552,75<\/td>\n<\/tr>\n<tr>\n<td>EKO N-C1M10<\/td>\n<td>Basalttinen, Musta-keltaiseksi v\u00e4rj\u00e4tty<\/td>\n<td width=\"123\">\n<table>\n<tbody>\n<tr>\n<td width=\"5\"><\/td>\n<\/tr>\n<tr>\n<td><\/td>\n<td><\/td>\n<td width=\"6\"><\/td>\n<\/tr>\n<tr>\n<td><\/td>\n<\/tr>\n<\/tbody>\n<\/table>\n<\/td>\n<td>\u00a0\u20ac 585,75<\/td>\n<\/tr>\n<tr>\n<td>EKO N-C1M9<\/td>\n<td>Basalttinen, P\u00f6lyisen vaaleanpunaisen-mustaksi v\u00e4rj\u00e4tty<\/td>\n<td width=\"123\">\n<table>\n<tbody>\n<tr>\n<td width=\"6\"><\/td>\n<\/tr>\n<tr>\n<td><\/td>\n<td><\/td>\n<td width=\"6\"><\/td>\n<\/tr>\n<tr>\n<td><\/td>\n<\/tr>\n<\/tbody>\n<\/table>\n<\/td>\n<td>\u00a0\u20ac 585,75<\/td>\n<\/tr>\n<tr>\n<td>EKO N-C1M11<\/td>\n<td>Basalttinen, Tummanpunaiseksi v\u00e4rj\u00e4tty<\/td>\n<td width=\"123\">\n<table>\n<tbody>\n<tr>\n<td width=\"3\"><\/td>\n<\/tr>\n<tr>\n<td><\/td>\n<td><\/td>\n<td width=\"5\"><\/td>\n<\/tr>\n<tr>\n<td><\/td>\n<\/tr>\n<\/tbody>\n<\/table>\n<\/td>\n<td>\u00a0\u20ac 585,75<\/td>\n<\/tr>\n<\/tbody>\n<\/table>\n<p>&nbsp;<\/p>\n<p>Kaikki tuotteemme on valmistettu laatustandardien mukaisesti:<br \/>\nISO 9001:2015<br \/>\nISO 14001:2015<br \/>\nISO 45001:2018<\/p>\n","protected":false},"excerpt":{"rendered":"<p>\u201cEKO\u201d on valmistettu luonnollisesta basalttibetonista. Pit\u00e4\u00e4ksemme maailmamme puhtaana, olemme tehneet roskakorista hy\u00f6dyllisemm\u00e4n j\u00e4tteiden ja roskien ker\u00e4\u00e4miseen. Nstone tukee yhteiskuntia ekologisen ymp\u00e4rist\u00f6n luomisessa. Siksi sen nimi ei ole en\u00e4\u00e4 roskakori, vaan EKO, muistuttamaan meit\u00e4 ekologiasta.<\/p>\n","protected":false},"featured_media":18778,"comment_status":"open","ping_status":"closed","template":"","meta":{"_acf_changed":false},"factory":[],"free-shipment":[],"product_brand":[],"product_cat":[1338,1336],"product_tag":[2095],"class_list":{"0":"post-21475","1":"product","2":"type-product","3":"status-publish","4":"has-post-thumbnail","6":"product_cat-jateastiat","7":"product_cat-kaupunkihuonekalut","8":"product_tag-eko-n-c1m1-basaltic-black-washed-fi","10":"first","11":"instock","12":"sale","13":"taxable","14":"shipping-taxable","15":"purchasable","16":"product-type-simple"},"acf":[],"_links":{"self":[{"href":"https:\/\/factory.sale\/fi\/wp-json\/wp\/v2\/product\/21475","targetHints":{"allow":["GET"]}}],"collection":[{"href":"https:\/\/factory.sale\/fi\/wp-json\/wp\/v2\/product"}],"about":[{"href":"https:\/\/factory.sale\/fi\/wp-json\/wp\/v2\/types\/product"}],"replies":[{"embeddable":true,"href":"https:\/\/factory.sale\/fi\/wp-json\/wp\/v2\/comments?post=21475"}],"wp:featuredmedia":[{"embeddable":true,"href":"https:\/\/factory.sale\/fi\/wp-json\/wp\/v2\/media\/18778"}],"wp:attachment":[{"href":"https:\/\/factory.sale\/fi\/wp-json\/wp\/v2\/media?parent=21475"}],"wp:term":[{"taxonomy":"factory","embeddable":true,"href":"https:\/\/factory.sale\/fi\/wp-json\/wp\/v2\/factory?post=21475"},{"taxonomy":"free-shipment","embeddable":true,"href":"https:\/\/factory.sale\/fi\/wp-json\/wp\/v2\/free-shipment?post=21475"},{"taxonomy":"product_brand","embeddable":true,"href":"https:\/\/factory.sale\/fi\/wp-json\/wp\/v2\/product_brand?post=21475"},{"taxonomy":"product_cat","embeddable":true,"href":"https:\/\/factory.sale\/fi\/wp-json\/wp\/v2\/product_cat?post=21475"},{"taxonomy":"product_tag","embeddable":true,"href":"https:\/\/factory.sale\/fi\/wp-json\/wp\/v2\/product_tag?post=21475"}],"curies":[{"name":"wp","href":"https:\/\/api.w.org\/{rel}","templated":true}]}}