{"id":21353,"date":"2023-01-23T08:57:06","date_gmt":"2023-01-23T08:57:28","guid":{"rendered":"https:\/\/factory.sale\/?post_type=product&#038;p=21353"},"modified":"2024-06-27T17:38:31","modified_gmt":"2024-06-27T17:38:31","slug":"aluskermi-tarrapolar-tarrareunainen-1-x-10-m","status":"publish","type":"product","link":"https:\/\/factory.sale\/fi\/tuote\/aluskermi-tarrapolar-tarrareunainen-1-x-10-m\/","title":{"rendered":"Aluskermi TarraPolar tarrareunainen 1 x 10 m"},"content":{"rendered":"<p><span style=\"font-weight: 400;\">Kumibitumista valmistetut umpialustalle asennettavat aluskermit ovat kaikkein varmin aluskateratkaisu. Se on pitk\u00e4ik\u00e4inen, joustava ja vesitiivis ratkaisu, johon l\u00e4piviennit saa varmimmin toteutettua.<\/span><\/p>\n<p><span style=\"font-weight: 400;\">Monikerroskatteiden liimareunainen aluskermi sek\u00e4 h\u00f6yrynsulkukermi.<\/span><\/p>\n<p><span style=\"font-weight: 400;\">Kumibituminen tarrareunainen molemmilta puolilta hiekkapintainen polyesterirunkoinen aluskermi. Pituus 10 m. Leveys 1 m. Tuoteluokat TL2 \/ BH1 \/ AKK1. 3000 g\/m\u00b2.<\/span><\/p>\n<p><span style=\"font-weight: 400;\">Loivien kattojen bitumikermien tuotetakuu on voimassa, kun tuotetta k\u00e4ytet\u00e4\u00e4n hitsattavien tai liimattavien bitumikermien alla VE-luokitusten mukaisesti. Takuu ei kata tuotteita, joita on k\u00e4ytetty\u00a0aluskermin\u00e4\u00a0mm. kattolaattojen alla.<\/span><\/p>\n<p>&nbsp;<\/p>\n","protected":false},"excerpt":{"rendered":"<p><span style=\"font-weight: 400;\">Kumibitumista valmistetut umpialustalle asennettavat aluskermit ovat kaikkein varmin aluskateratkaisu. <\/span><\/p>\n","protected":false},"featured_media":21350,"comment_status":"open","ping_status":"closed","template":"","meta":{"_acf_changed":false},"factory":[],"free-shipment":[],"product_brand":[],"product_cat":[1321,470,474],"product_tag":[],"class_list":{"0":"post-21353","1":"product","2":"type-product","3":"status-publish","4":"has-post-thumbnail","6":"product_cat-yleinen-rakentaminen","7":"product_cat-roof-fi","8":"product_cat-sbs-fi","10":"first","11":"instock","12":"sale","13":"taxable","14":"shipping-taxable","15":"purchasable","16":"product-type-simple"},"acf":[],"_links":{"self":[{"href":"https:\/\/factory.sale\/fi\/wp-json\/wp\/v2\/product\/21353","targetHints":{"allow":["GET"]}}],"collection":[{"href":"https:\/\/factory.sale\/fi\/wp-json\/wp\/v2\/product"}],"about":[{"href":"https:\/\/factory.sale\/fi\/wp-json\/wp\/v2\/types\/product"}],"replies":[{"embeddable":true,"href":"https:\/\/factory.sale\/fi\/wp-json\/wp\/v2\/comments?post=21353"}],"wp:featuredmedia":[{"embeddable":true,"href":"https:\/\/factory.sale\/fi\/wp-json\/wp\/v2\/media\/21350"}],"wp:attachment":[{"href":"https:\/\/factory.sale\/fi\/wp-json\/wp\/v2\/media?parent=21353"}],"wp:term":[{"taxonomy":"factory","embeddable":true,"href":"https:\/\/factory.sale\/fi\/wp-json\/wp\/v2\/factory?post=21353"},{"taxonomy":"free-shipment","embeddable":true,"href":"https:\/\/factory.sale\/fi\/wp-json\/wp\/v2\/free-shipment?post=21353"},{"taxonomy":"product_brand","embeddable":true,"href":"https:\/\/factory.sale\/fi\/wp-json\/wp\/v2\/product_brand?post=21353"},{"taxonomy":"product_cat","embeddable":true,"href":"https:\/\/factory.sale\/fi\/wp-json\/wp\/v2\/product_cat?post=21353"},{"taxonomy":"product_tag","embeddable":true,"href":"https:\/\/factory.sale\/fi\/wp-json\/wp\/v2\/product_tag?post=21353"}],"curies":[{"name":"wp","href":"https:\/\/api.w.org\/{rel}","templated":true}]}}