{"id":20682,"date":"2023-01-13T10:32:47","date_gmt":"2023-01-13T10:49:34","guid":{"rendered":"https:\/\/factory.sale\/?post_type=product&#038;p=20682"},"modified":"2024-06-27T18:27:31","modified_gmt":"2024-06-27T18:27:31","slug":"locusmod-modulaaritalo-42m2","status":"publish","type":"product","link":"https:\/\/factory.sale\/fi\/tuote\/locusmod-modulaaritalo-42m2\/","title":{"rendered":"LOCUSMOD MODUULITALO 42m2"},"content":{"rendered":"<p>&nbsp;<\/p>\n<p><span style=\"font-weight: 400;\">Yleinen ratkaisu asumiseen, nikkarointiin, ty\u00f6skentelyyn ja paljon muihin tarkoituksiin.<\/span><\/p>\n<table>\n<tbody>\n<tr>\n<td><span style=\"font-weight: 400;\">LOCUSmod voidaan sijoittaa syrj\u00e4isiin paikkoihin tai kaupunkiseuduille, eri ilmastovy\u00f6hykkeille ja se on heti k\u00e4ytt\u00f6valmis.<\/span><\/p>\n<p><span style=\"font-weight: 400;\">Tarvitaan vain perustukset ja liit\u00e4nt\u00e4pisteit\u00e4 teknisille j\u00e4rjestelmille.<\/span><\/p>\n<p><span style=\"font-weight: 400;\">Kolme erikokoista LOCUSmod-moduulia voidaan hankkia erikseen tai yhdist\u00e4\u00e4 kaikki yhteen (82 739 eur hinta kaikista kolmesta moduulista)<\/span><\/p>\n<p><span style=\"font-weight: 400;\">LOCUSmodin on luonut alan ammattilaisten tiimi, jonka etusijalla ovat mukavuus, hyvinvointi ja kest\u00e4vyys. Ymp\u00e4rivuotinen asuminen on varmistettu vahvalla eristyksell\u00e4.<\/span><\/p>\n<p><span style=\"font-weight: 400;\">Runsas luonnonvalo, kodikas ja hyvin harkittu muotoilu tekev\u00e4t LOCUSmodista nautinnollisen paikan.<\/span><\/td>\n<\/tr>\n<\/tbody>\n<\/table>\n<p>&nbsp;<\/p>\n<p><b>Kuvaus<\/b><\/p>\n<p><span style=\"font-weight: 400;\">Locusmod on valmistettu 3 moduulista, joita voidaan k\u00e4ytt\u00e4\u00e4 erikseen tai yhdess\u00e4 muodostaen erilaisia yhdistelmi\u00e4. Jokainen moduuli on vapaasti seisova ja valmis k\u00e4ytett\u00e4v\u00e4ksi.<\/span><\/p>\n<p><span style=\"font-weight: 400;\">T\u00e4ysi LOCUSmod setti sis\u00e4lt\u00e4\u00e4 olohuoneen, kylpyhuoneen, keitti\u00f6n ja kaksi erillist\u00e4 huonetta.<\/span><\/p>\n<p><img loading=\"lazy\" decoding=\"async\" class=\"alignnone wp-image-20641\" src=\"https:\/\/factory.sale\/wp-content\/uploads\/2023\/01\/locusmod-300x78.png\" alt=\"\" width=\"565\" height=\"147\" srcset=\"https:\/\/factory.sale\/wp-content\/uploads\/2023\/01\/locusmod-300x78.png 300w, https:\/\/factory.sale\/wp-content\/uploads\/2023\/01\/locusmod-1024x265.png 1024w, https:\/\/factory.sale\/wp-content\/uploads\/2023\/01\/locusmod-150x39.png 150w, https:\/\/factory.sale\/wp-content\/uploads\/2023\/01\/locusmod-600x155.png 600w, https:\/\/factory.sale\/wp-content\/uploads\/2023\/01\/locusmod.png 1338w\" sizes=\"auto, (max-width: 565px) 100vw, 565px\" \/><\/p>\n<p><span style=\"font-weight: 400;\">Jokainen LOCUSmod tulee VALMIINA K\u00c4YTT\u00d6\u00d6N n\u00e4ill\u00e4 olennaisilla ominaisuuksilla.<\/span><\/p>\n<p><span style=\"font-weight: 400;\">*P\u00e4\u00e4moduuli sis\u00e4lt\u00e4\u00e4 aina t\u00e4ysin varusteltu kylpyhuone ja keitti\u00f6, jotka voidaan irrottaa pyynn\u00f6st\u00e4.<\/span><\/p>\n<p><span style=\"font-weight: 400;\">Kaikki k\u00e4ytetyt materiaalit ovat CE-sertifioituja.<\/span><\/p>\n<p>&nbsp;<\/p>\n<table>\n<tbody>\n<tr>\n<td><b>RAKENNE<\/b><\/td>\n<td><span style=\"font-weight: 400;\">Ter\u00e4srunkoinen puurakenne vakautta ja kest\u00e4vyytt\u00e4 varten<\/span><\/p>\n<p><span style=\"font-weight: 400;\">Kaikkien moduulien sein\u00e4t, katto ja lattiat hyvin eristettyj\u00e4<\/span><\/p>\n<p><span style=\"font-weight: 400;\">N\u00e4kym\u00e4t\u00f6n sadevesij\u00e4rjestelm\u00e4 jokaisessa kulmatolppassa<\/span><\/td>\n<\/tr>\n<tr>\n<td><b>JULKISIVU<\/b><\/p>\n<p><b>*vaihtoehtoja saatavilla<\/b><\/td>\n<td><span style=\"font-weight: 400;\">Klassinen maalattu metalliverhous erikokoisina kasetteina haluamasi v\u00e4rin mukaan\u00a0<\/span><\/p>\n<p><span style=\"font-weight: 400;\">Korkea UV-s\u00e4teilyn kest\u00e4vyys<\/span><\/p>\n<p><span style=\"font-weight: 400;\">Sinkkipinnoitettu paksuus 275 g\/m\u00b2.<\/span><\/td>\n<\/tr>\n<tr>\n<td><b>IKKUNAT<\/b><\/p>\n<p><b>*vaihtoehtoja saatavilla<\/b><\/td>\n<td><span style=\"font-weight: 400;\">Vitriinit ovella mustassa PVC-kehyksess\u00e4 2-asentoisella aukolla Spektrisesti valikoiva lasitus<\/span><\/p>\n<p><span style=\"font-weight: 400;\">Karkaistu lasi sis\u00e4lt\u00e4\/ulkoa<\/span><\/td>\n<\/tr>\n<tr>\n<td><b>OVET<\/b><\/td>\n<td><span style=\"font-weight: 400;\">Ulko-ovet maalattu metalliovi, t\u00e4ysin eristetty Abloy-lukolla<\/span><\/p>\n<p><span style=\"font-weight: 400;\">Sis\u00e4ovet vaneriviimeistelyll\u00e4 ja piilosaranoilla<\/span><\/td>\n<\/tr>\n<tr>\n<td><b>SIS\u00c4TILOJEN VIIMISTELY<\/b><\/td>\n<td><span style=\"font-weight: 400;\">Sein\u00e4t ekologisia vedenkest\u00e4vi\u00e4 koivu-CLT-paneeleja<\/span><\/p>\n<p><span style=\"font-weight: 400;\">Kylpyhuone vedenpit\u00e4v\u00e4t ja huoltovapaat Fibo-sein\u00e4paneelit\u00a0<\/span><\/p>\n<p><span style=\"font-weight: 400;\">Valkoinen venytetty katto, jossa integroidut verhourat<\/span><\/p>\n<p><span style=\"font-weight: 400;\">Lattiat eritt\u00e4in luistamattomista ylellisist\u00e4 Tarkett-vinyylilevyist\u00e4<\/span><\/td>\n<\/tr>\n<tr>\n<td><b>L\u00c4MMITYS<\/b><\/td>\n<td><span style=\"font-weight: 400;\">Lattial\u00e4mmitys s\u00e4hk\u00f6k\u00e4ytt\u00f6isell\u00e4 CALEO premium CNT -kalvolla.<\/span><\/p>\n<p><span style=\"font-weight: 400;\">Edistyksellinen hiilinanoputkiteknologia v\u00e4hent\u00e4\u00e4 l\u00e4mmityskustannukset minimiin<\/span><\/p>\n<p><span style=\"font-weight: 400;\">Wi-Fi-ohjaimet joka huoneessa<\/span><\/p>\n<p><span style=\"font-weight: 400;\">Vesi l\u00e4mmitet\u00e4\u00e4n 80 litran l\u00e4mminvesivaraajalla Wi-Fi-ohjaimella<\/span><\/td>\n<\/tr>\n<tr>\n<td><b>S\u00c4HK\u00d6<\/b><\/td>\n<td><span style=\"font-weight: 400;\">Piilotettu s\u00e4hk\u00f6asennus kytkimill\u00e4 ja pistorasioilla LED-valot ja ymp\u00e4rist\u00f6valot led-nauhat<\/span><\/p>\n<p><span style=\"font-weight: 400;\">T\u00e4ysin varusteltu s\u00e4hk\u00f6njakelulaatikko<\/span><\/p>\n<p><span style=\"font-weight: 400;\">Julkisivu led-valot antureilla ja kytkimill\u00e4, IP-pistorasiat Tyhj\u00e4 putki liitt\u00e4mist\u00e4 varten ulkotuloon<\/span><\/td>\n<\/tr>\n<tr>\n<td><b>KYLPYHUONE<\/b><\/p>\n<p><b>*vain p\u00e4\u00e4moodulilla<\/b><\/td>\n<td><span style=\"font-weight: 400;\">Suihkukaappi liukulasiovella ja suihkusarja\u00a0<\/span><\/p>\n<p><span style=\"font-weight: 400;\">Sein\u00e4-wc<\/span><\/p>\n<p><span style=\"font-weight: 400;\">Pesuallas hanalla\u00a0<\/span><\/p>\n<p><span style=\"font-weight: 400;\">Pesukone\u00a0<\/span><\/p>\n<p><span style=\"font-weight: 400;\">S\u00e4hk\u00f6inen pyyhekuivain<\/span><\/p>\n<p><span style=\"font-weight: 400;\">Vesi- ja viem\u00e4rij\u00e4rjestelm\u00e4 valmiina liitett\u00e4v\u00e4ksi<\/span><\/td>\n<\/tr>\n<tr>\n<td><b>KEITTI\u00d6<\/b><\/p>\n<p><b>*saatavilla lis\u00e4varusteita<\/b><\/td>\n<td><span style=\"font-weight: 400;\">Tilausty\u00f6n\u00e4 valmistettu keitti\u00f6 ekologisesta vedenkest\u00e4v\u00e4st\u00e4 koivu-CLT-paneeleista ja kest\u00e4v\u00e4st\u00e4 laminaattitasosta kivist\u00e4<\/span><\/p>\n<p><span style=\"font-weight: 400;\">Pesuallas hanalla<\/span><\/p>\n<p><span style=\"font-weight: 400;\">Keitti\u00f6koneet lis\u00e4varusteena<\/span><\/td>\n<\/tr>\n<tr>\n<td><b>HUONEKALUT<\/b><\/p>\n<p><b>*vain p\u00e4\u00e4moodulilla<\/b><\/td>\n<td><span style=\"font-weight: 400;\">Mittatilausty\u00f6n\u00e4 kokonainen peilihylly kylpyhuoneessa<\/span><\/p>\n<p><span style=\"font-weight: 400;\">Mittatilausty\u00f6n\u00e4 valmistettu k\u00e4yt\u00e4v\u00e4n vaatekaapin sein\u00e4 painatuksenkest\u00e4v\u00e4\u00e4 laminaattia<\/span><\/td>\n<\/tr>\n<tr>\n<td><b>P\u00c4IVITYKSET JA LIS\u00c4T<\/b><\/td>\n<td><span style=\"font-weight: 400;\">Julkisivu termopuuta (m\u00e4nty\u00e4) eri v\u00e4rej\u00e4 Alumiinirunkoiset vitriinit<\/span><\/p>\n<p><span style=\"font-weight: 400;\">Sis\u00e4\u00e4nrakennettu keitti\u00f6kalusto<\/span><\/p>\n<p><span style=\"font-weight: 400;\">Makuuhuoneen kalusteet (vaatekaappi ja s\u00e4nky roikkuvilla sivup\u00f6yd\u00e4ll\u00e4) Terassi komposiittilaudoista<\/span><\/td>\n<\/tr>\n<\/tbody>\n<\/table>\n<p>&nbsp;<\/p>\n<p>&nbsp;<\/p>\n<p><em>Tuotanto kest\u00e4\u00e4 3 kuukautta tilauksesta (sis\u00e4lt\u00e4\u00e4 kuljetusajan)<\/em><br \/>\n<em>Tarjoamme kuljetuksen ja asennuksen, kirjoita meille ja kysy lis\u00e4\u00e4!<\/em><\/p>\n","protected":false},"excerpt":{"rendered":"<p><span style=\"font-weight: 400;\">MODERNI. JOUSTAVA. NOPEA. TILAAVA. SINULLE<\/span><\/p>\n<p><span style=\"font-weight: 400;\">Yleinen ratkaisu asumiseen, nikkarointiin, ty\u00f6skentelyyn ja paljon muihin tarkoituksiin.<\/span><\/p>\n","protected":false},"featured_media":20654,"comment_status":"open","ping_status":"closed","template":"","meta":{"_acf_changed":false},"factory":[],"free-shipment":[],"product_brand":[],"product_cat":[1112],"product_tag":[],"class_list":{"0":"post-20682","1":"product","2":"type-product","3":"status-publish","4":"has-post-thumbnail","6":"product_cat-elementtitalot","8":"first","9":"instock","10":"sale","11":"taxable","12":"shipping-taxable","13":"purchasable","14":"product-type-simple"},"acf":[],"_links":{"self":[{"href":"https:\/\/factory.sale\/fi\/wp-json\/wp\/v2\/product\/20682","targetHints":{"allow":["GET"]}}],"collection":[{"href":"https:\/\/factory.sale\/fi\/wp-json\/wp\/v2\/product"}],"about":[{"href":"https:\/\/factory.sale\/fi\/wp-json\/wp\/v2\/types\/product"}],"replies":[{"embeddable":true,"href":"https:\/\/factory.sale\/fi\/wp-json\/wp\/v2\/comments?post=20682"}],"wp:featuredmedia":[{"embeddable":true,"href":"https:\/\/factory.sale\/fi\/wp-json\/wp\/v2\/media\/20654"}],"wp:attachment":[{"href":"https:\/\/factory.sale\/fi\/wp-json\/wp\/v2\/media?parent=20682"}],"wp:term":[{"taxonomy":"factory","embeddable":true,"href":"https:\/\/factory.sale\/fi\/wp-json\/wp\/v2\/factory?post=20682"},{"taxonomy":"free-shipment","embeddable":true,"href":"https:\/\/factory.sale\/fi\/wp-json\/wp\/v2\/free-shipment?post=20682"},{"taxonomy":"product_brand","embeddable":true,"href":"https:\/\/factory.sale\/fi\/wp-json\/wp\/v2\/product_brand?post=20682"},{"taxonomy":"product_cat","embeddable":true,"href":"https:\/\/factory.sale\/fi\/wp-json\/wp\/v2\/product_cat?post=20682"},{"taxonomy":"product_tag","embeddable":true,"href":"https:\/\/factory.sale\/fi\/wp-json\/wp\/v2\/product_tag?post=20682"}],"curies":[{"name":"wp","href":"https:\/\/api.w.org\/{rel}","templated":true}]}}