{"id":20568,"date":"2023-01-06T12:59:41","date_gmt":"2023-01-12T12:52:09","guid":{"rendered":"https:\/\/factory.sale\/?post_type=product&#038;p=20568"},"modified":"2024-06-26T06:57:22","modified_gmt":"2024-06-26T06:57:22","slug":"bulder-takka-polar-02-9-putkea","status":"publish","type":"product","link":"https:\/\/factory.sale\/fi\/tuote\/bulder-takka-polar-02-9-putkea\/","title":{"rendered":"Kiertoilmakamiina Polar 02 (9 putkea)"},"content":{"rendered":"<p>Kiertoilmakamiina Polar 02 (9 putkea) on kiinte\u00e4ll\u00e4 polttoaineella toimiva ilmanl\u00e4mmitin, jota voidaan k\u00e4ytt\u00e4\u00e4<br \/>\nsek\u00e4 asuin- ett\u00e4 teollisuustilojen l\u00e4mmitykseen. L\u00e4mp\u00f6 jakautuu tasaisesti koko l\u00e4mmitett\u00e4v\u00e4\u00e4n tilaan<br \/>\nilman puhaltimen apua. Kylm\u00e4 ilma tunkeutuu putkiin, jossa se l\u00e4mpenee 60-80 asteeseen ja virtaa sitten<br \/>\nulos l\u00e4mmitett\u00e4v\u00e4\u00e4n huoneeseen. K\u00e4ytt\u00f6kohteet ovat erilaisia: kes\u00e4m\u00f6kit, varastot, ty\u00f6pajat, kaupat,<br \/>\nasuinrakennukset jne. ilmatilavuudella 1300 M3 asti. Esimerkiksi pienin takkatyyppi tuottaa 4,5 m3<br \/>\nl\u00e4mmint\u00e4 ilmaa minuutissa. Bulder takkaa voidaan k\u00e4ytt\u00e4\u00e4 varal\u00e4mmityksen\u00e4 rinnakkain muiden<br \/>\nl\u00e4mmittimien kanssa.<\/p>\n<p>&nbsp;<\/p>\n<p><strong>Tuotetiedot:<\/strong><\/p>\n<ul>\n<li>Max laskennallinen teho: 18 kW<\/li>\n<li>9 putkea<\/li>\n<li>L\u00e4mmityskyky: jopa 400 m\u00b3<\/li>\n<li>Mitat: L\/W\/H 968 x 603 x 847 mm<\/li>\n<li>Paino: 118 kg<\/li>\n<li>Hormil\u00e4ht\u00f6: 150 mm<\/li>\n<li>Max halon pituus: 600 mm<\/li>\n<li>Paloaika pes\u00e4llisell\u00e4: n. 6-8 tuntia<\/li>\n<li>Tuotteen sertifikaatit\/luokitukset: CE<\/li>\n<\/ul>\n<p>&nbsp;<\/p>\n<p>Ilmanl\u00e4mmittimen toiminta perustuu kiinte\u00e4n polttoaineen hehkuen palamiseen 2-kammioisessa tulisijassa.<br \/>\nHehkuen palamisen tuloksena alemmassa kammiossa kehittyy savukaasuja, ylemm\u00e4ss\u00e4 vain niiden loppuun<br \/>\npalaminen. Polar ilmanl\u00e4mmitin koostuu kaksikammioisesta tulisijasta, jonka ymp\u00e4rille on asennettu<br \/>\nilmaputket, savupelti, ilmans\u00e4\u00e4din ja takkaluukku. L\u00e4mmitett\u00e4v\u00e4 tunkeutuu sis\u00e4\u00e4n putken alaosasta,<br \/>\nkuumenee ja virtaa tasaisesti l\u00e4mmitett\u00e4v\u00e4\u00e4n tilaan. Ilman l\u00e4mp\u00f6tila ei vaihtele tilassa suuresti, sill\u00e4<br \/>\nilmanl\u00e4mmitin varmistaa ilman liikkumisen. Polttoaineen palaminen tapahtuu tulisijan molemmissa<br \/>\nkammioissa.<br \/>\nKaasut, jotka eiv\u00e4t pala kokonaan alemmassa kammiossa, nousevat yl\u00e4osaan, miss\u00e4 ne palavat loppuun<br \/>\nilma-aukon kautta sinne tulevan lis\u00e4ilman ansiosta. T\u00e4llainen takka rakenne takaa polttoaineen tehokkaan<br \/>\nk\u00e4yt\u00f6n ja korkean hy\u00f6tysuhteen (75 %). Ilmanl\u00e4mmitin Polar (Bulder) on valmistettu korkealaatuisesta<br \/>\nkattilater\u00e4ksest\u00e4, mik\u00e4 oikein k\u00e4ytettyn\u00e4 varmistaa sen pitk\u00e4n k\u00e4ytt\u00f6i\u00e4n (v\u00e4hint\u00e4\u00e4n 15 vuotta). Bulderin<br \/>\ntehoa muutetaan tulisijan ovessa sijaitsevalla s\u00e4\u00e4timell\u00e4. Puulla l\u00e4mmitett\u00e4ess\u00e4 ilmanl\u00e4mmitin toimii yli 8<br \/>\ntuntia t\u00e4yteen ladotulla tulisijalla. Tulisijan suuri ovi ja tilava polttokammio helpottavat l\u00e4mmitt\u00e4mist\u00e4 ja<br \/>\nmahdollistavat my\u00f6s hyvin tukevien halkojen k\u00e4yt\u00f6n l\u00e4mmitykseen. Polar (Bulder) ilmanl\u00e4mmittimen<br \/>\nl\u00e4mmityskulut ovat huomattavasti pienempi\u00e4 kuin perinteisen takan.<\/p>\n<p>&nbsp;<\/p>\n<p><a href=\"https:\/\/factory.sale\/wp-content\/uploads\/2023\/12\/ohje_Polar_FIN-1.pdf\" target=\"_blank\" rel=\"noopener\">Lataa asennusopas<\/a><\/p>\n<p><a href=\"https:\/\/factory.sale\/wp-content\/uploads\/2022\/08\/Certificate-of-conformity.pdf\" target=\"_blank\" rel=\"noopener\">Certificate-of-conformity.pdf<\/a><\/p>\n","protected":false},"excerpt":{"rendered":"<p>Kiertoilmakamiina Polar 02 (9 putkea) on kiinte\u00e4ll\u00e4 polttoaineella toimiva ilmanl\u00e4mmitin, jota voidaan k\u00e4ytt\u00e4\u00e4<br \/>\nsek\u00e4 asuin- ett\u00e4 teollisuustilojen l\u00e4mmitykseen.<\/p>\n","protected":false},"featured_media":24493,"comment_status":"open","ping_status":"closed","template":"","meta":{"_acf_changed":false},"factory":[],"free-shipment":[],"product_brand":[],"product_cat":[2312,1325,1329],"product_tag":[2014],"class_list":{"0":"post-20568","1":"product","2":"type-product","3":"status-publish","4":"has-post-thumbnail","6":"product_cat-bulder-uunit","7":"product_cat-lammitys-vesi-ja-ilmanvaihto","8":"product_cat-uunit","9":"product_tag-heating-stove-fi","11":"first","12":"instock","13":"sale","14":"taxable","15":"shipping-taxable","16":"purchasable","17":"product-type-simple"},"acf":[],"_links":{"self":[{"href":"https:\/\/factory.sale\/fi\/wp-json\/wp\/v2\/product\/20568","targetHints":{"allow":["GET"]}}],"collection":[{"href":"https:\/\/factory.sale\/fi\/wp-json\/wp\/v2\/product"}],"about":[{"href":"https:\/\/factory.sale\/fi\/wp-json\/wp\/v2\/types\/product"}],"replies":[{"embeddable":true,"href":"https:\/\/factory.sale\/fi\/wp-json\/wp\/v2\/comments?post=20568"}],"wp:featuredmedia":[{"embeddable":true,"href":"https:\/\/factory.sale\/fi\/wp-json\/wp\/v2\/media\/24493"}],"wp:attachment":[{"href":"https:\/\/factory.sale\/fi\/wp-json\/wp\/v2\/media?parent=20568"}],"wp:term":[{"taxonomy":"factory","embeddable":true,"href":"https:\/\/factory.sale\/fi\/wp-json\/wp\/v2\/factory?post=20568"},{"taxonomy":"free-shipment","embeddable":true,"href":"https:\/\/factory.sale\/fi\/wp-json\/wp\/v2\/free-shipment?post=20568"},{"taxonomy":"product_brand","embeddable":true,"href":"https:\/\/factory.sale\/fi\/wp-json\/wp\/v2\/product_brand?post=20568"},{"taxonomy":"product_cat","embeddable":true,"href":"https:\/\/factory.sale\/fi\/wp-json\/wp\/v2\/product_cat?post=20568"},{"taxonomy":"product_tag","embeddable":true,"href":"https:\/\/factory.sale\/fi\/wp-json\/wp\/v2\/product_tag?post=20568"}],"curies":[{"name":"wp","href":"https:\/\/api.w.org\/{rel}","templated":true}]}}