{"id":19642,"date":"2022-07-26T10:36:16","date_gmt":"2023-01-06T13:58:23","guid":{"rendered":"https:\/\/factory.sale\/?post_type=product&#038;p=19642"},"modified":"2024-06-27T13:40:41","modified_gmt":"2024-06-27T13:40:41","slug":"mukavuuslaatikko","status":"publish","type":"product","link":"https:\/\/factory.sale\/fi\/tuote\/mukavuuslaatikko\/","title":{"rendered":"MUKAVUUSLAATIKKO"},"content":{"rendered":"<p><strong>TEKNISET TIEDOT:<\/strong><\/p>\n<ul>\n<li>Saatavilla olevat lajit: Saarni, Koivu<\/li>\n<li>Kosteus: alle 18 %<\/li>\n<li>Saatavana hirsien pituus: 23-25 cm, 28-30 cm<\/li>\n<li>FSC-sertifioitu (pyynn\u00f6st\u00e4)<\/li>\n<li>Paino: 395-415 kg (riippuu lajista)<\/li>\n<li>Mitat (ulkoiset) 118 cm x 82 cm x 105 cm<\/li>\n<li>4-suuntainen puinen lava<\/li>\n<li>64 lavaa \/ kuorma-auto<\/li>\n<li>Toimitetaan kaksinkertaisena pinottuina<\/li>\n<\/ul>\n<p>&nbsp;<\/p>\n","protected":false},"excerpt":{"rendered":"<ul>\n<li>Hyv\u00e4\u00e4 vastinetta rahalle<\/li>\n<li>K\u00e4tev\u00e4 s\u00e4ilytt\u00e4\u00e4<\/li>\n<li>Ei vaadi uudelleenpinoamista<\/li>\n<\/ul>\n","protected":false},"featured_media":10888,"comment_status":"open","ping_status":"closed","template":"","meta":{"_acf_changed":false},"factory":[],"free-shipment":[],"product_brand":[],"product_cat":[1325,1328],"product_tag":[617],"class_list":{"0":"post-19642","1":"product","2":"type-product","3":"status-publish","4":"has-post-thumbnail","6":"product_cat-lammitys-vesi-ja-ilmanvaihto","7":"product_cat-lammitysmateriaalit","8":"product_tag-wood-fi","10":"first","11":"instock","12":"sale","13":"taxable","14":"shipping-taxable","15":"purchasable","16":"product-type-simple"},"acf":[],"_links":{"self":[{"href":"https:\/\/factory.sale\/fi\/wp-json\/wp\/v2\/product\/19642","targetHints":{"allow":["GET"]}}],"collection":[{"href":"https:\/\/factory.sale\/fi\/wp-json\/wp\/v2\/product"}],"about":[{"href":"https:\/\/factory.sale\/fi\/wp-json\/wp\/v2\/types\/product"}],"replies":[{"embeddable":true,"href":"https:\/\/factory.sale\/fi\/wp-json\/wp\/v2\/comments?post=19642"}],"wp:featuredmedia":[{"embeddable":true,"href":"https:\/\/factory.sale\/fi\/wp-json\/wp\/v2\/media\/10888"}],"wp:attachment":[{"href":"https:\/\/factory.sale\/fi\/wp-json\/wp\/v2\/media?parent=19642"}],"wp:term":[{"taxonomy":"factory","embeddable":true,"href":"https:\/\/factory.sale\/fi\/wp-json\/wp\/v2\/factory?post=19642"},{"taxonomy":"free-shipment","embeddable":true,"href":"https:\/\/factory.sale\/fi\/wp-json\/wp\/v2\/free-shipment?post=19642"},{"taxonomy":"product_brand","embeddable":true,"href":"https:\/\/factory.sale\/fi\/wp-json\/wp\/v2\/product_brand?post=19642"},{"taxonomy":"product_cat","embeddable":true,"href":"https:\/\/factory.sale\/fi\/wp-json\/wp\/v2\/product_cat?post=19642"},{"taxonomy":"product_tag","embeddable":true,"href":"https:\/\/factory.sale\/fi\/wp-json\/wp\/v2\/product_tag?post=19642"}],"curies":[{"name":"wp","href":"https:\/\/api.w.org\/{rel}","templated":true}]}}