{"id":18488,"date":"2021-05-25T14:15:03","date_gmt":"2022-12-30T10:35:45","guid":{"rendered":"https:\/\/factory.sale\/?post_type=product&#038;p=18488"},"modified":"2024-06-30T13:35:33","modified_gmt":"2024-06-30T13:35:33","slug":"smart-wheel-1-sukupolven-polkupyoran-muunneltu-sahkoajoneuvon-pyora-musta","status":"publish","type":"product","link":"https:\/\/factory.sale\/fi\/tuote\/smart-wheel-1-sukupolven-polkupyoran-muunneltu-sahkoajoneuvon-pyora-musta\/","title":{"rendered":"SMART WHEEL 1 SUKUPOLVEN POLKUPY\u00d6R\u00c4N MUUNNELTU S\u00c4HK\u00d6AJONEUVON PY\u00d6R\u00c4 &#8211; MUSTA"},"content":{"rendered":"<h2>SMART WHEEL 1 SUKUPOLVEN POLKUPY\u00d6R\u00c4N MUUNNELTU S\u00c4HK\u00d6AJONEUVON PY\u00d6R\u00c4 &#8211; MUSTA<\/h2>\n<ul>\n<li>Tuotetiedot ja sovellusten hallinta<\/li>\n<li>Koko: 26 tuumaa<\/li>\n<li>Imortor sovellus, yhdistett\u00e4v\u00e4 puhelimeen Bluetooth 4.0:n kautta<\/li>\n<li>Moottori: DC-harjaton moottori<\/li>\n<li>Moottorin materiaali: alumiiniseos<\/li>\n<li>Kantopaino: 66 kg<\/li>\n<li>Py\u00f6r\u00e4ilytila: s\u00e4hk\u00f6tila<\/li>\n<li>Yhteensopivat mallit: maastopy\u00f6r\u00e4<\/li>\n<li>Kantama: 15-20 km<\/li>\n<li>Huippunopeus: 26 km\/h<\/li>\n<li>Jarrutyyppi: levyjarru, V-jarru<\/li>\n<li>Akun tyyppi: litiumakku<\/li>\n<li>Akku: LG (10)<\/li>\n<li>J\u00e4nnite: 36V<\/li>\n<li>Kapasiteetti: 3200mA<\/li>\n<li>Latausaika: 2 tuntia<\/li>\n<li>Latausl\u00e4mp\u00f6tila: 0-40 \u00b0C<\/li>\n<li>K\u00e4ytt\u00f6l\u00e4mp\u00f6tila: -15 \u00b0C -50 \u00b0C (s\u00e4ilytys 12 kuukautta)<\/li>\n<li>Alkukapasiteetti: 3-4 ampeerituntia<\/li>\n<li>Varastoinnin suhteellinen kosteus: 5-60 %<\/li>\n<li>Moottorin nimellisj\u00e4nnite: 36V<\/li>\n<li>Nimellisteho: 240W<\/li>\n<li>Voiman momentti: 25<\/li>\n<li>Py\u00f6rimisnopeus: 270 py\u00f6r\u00e4hdyst\u00e4\/min<\/li>\n<\/ul>\n<p>Pakkaus:<\/p>\n<ul>\n<li>Pakkauskoko: 665mm * 665mm * 210mm<\/li>\n<li>Pakkauksen paino: 11.25 kg 1 sarja \/ laatikko 1 x moottori<\/li>\n<li>1x py\u00f6r\u00e4<\/li>\n<li>1x tarvikelaukku<\/li>\n<li>1x valinta<\/li>\n<li>1x laturi<\/li>\n<li>1x matkapuhelinteline (ei lataa puhelinta)<\/li>\n<li>1x k\u00e4ytt\u00f6ohje<\/li>\n<\/ul>\n","protected":false},"excerpt":{"rendered":"<p>Tuotetiedot ja sovellusten hallinta<\/p>\n<p>Koko: 26 tuumaa<br \/>\nImortor -sovellus, yhdistett\u00e4v\u00e4 puhelimeen Bluetooth 4.0:n kautta<\/p>\n<p>Moottori: DC-harjaton moottori<br \/>\nMoottorin materiaali: alumiiniseos<\/p>\n","protected":false},"featured_media":5039,"comment_status":"open","ping_status":"closed","template":"","meta":{"_acf_changed":false},"factory":[],"free-shipment":[],"product_brand":[],"product_cat":[1313,1311],"product_tag":[],"class_list":{"0":"post-18488","1":"product","2":"type-product","3":"status-publish","4":"has-post-thumbnail","6":"product_cat-kulkuvalineet","7":"product_cat-viihde-elektroniikka","9":"first","10":"instock","11":"sale","12":"taxable","13":"shipping-taxable","14":"purchasable","15":"product-type-simple"},"acf":[],"_links":{"self":[{"href":"https:\/\/factory.sale\/fi\/wp-json\/wp\/v2\/product\/18488","targetHints":{"allow":["GET"]}}],"collection":[{"href":"https:\/\/factory.sale\/fi\/wp-json\/wp\/v2\/product"}],"about":[{"href":"https:\/\/factory.sale\/fi\/wp-json\/wp\/v2\/types\/product"}],"replies":[{"embeddable":true,"href":"https:\/\/factory.sale\/fi\/wp-json\/wp\/v2\/comments?post=18488"}],"wp:featuredmedia":[{"embeddable":true,"href":"https:\/\/factory.sale\/fi\/wp-json\/wp\/v2\/media\/5039"}],"wp:attachment":[{"href":"https:\/\/factory.sale\/fi\/wp-json\/wp\/v2\/media?parent=18488"}],"wp:term":[{"taxonomy":"factory","embeddable":true,"href":"https:\/\/factory.sale\/fi\/wp-json\/wp\/v2\/factory?post=18488"},{"taxonomy":"free-shipment","embeddable":true,"href":"https:\/\/factory.sale\/fi\/wp-json\/wp\/v2\/free-shipment?post=18488"},{"taxonomy":"product_brand","embeddable":true,"href":"https:\/\/factory.sale\/fi\/wp-json\/wp\/v2\/product_brand?post=18488"},{"taxonomy":"product_cat","embeddable":true,"href":"https:\/\/factory.sale\/fi\/wp-json\/wp\/v2\/product_cat?post=18488"},{"taxonomy":"product_tag","embeddable":true,"href":"https:\/\/factory.sale\/fi\/wp-json\/wp\/v2\/product_tag?post=18488"}],"curies":[{"name":"wp","href":"https:\/\/api.w.org\/{rel}","templated":true}]}}