{"id":18474,"date":"2022-06-09T04:27:22","date_gmt":"2022-12-30T09:10:07","guid":{"rendered":"https:\/\/factory.sale\/?post_type=product&#038;p=18474"},"modified":"2024-06-26T04:26:26","modified_gmt":"2024-06-26T04:26:26","slug":"ks-n12-sahkopotkulauta","status":"publish","type":"product","link":"https:\/\/factory.sale\/fi\/tuote\/ks-n12-sahkopotkulauta\/","title":{"rendered":"KS-N12 S\u00c4HK\u00d6POTKULAUTA"},"content":{"rendered":"<p><strong>Takuuehdot:<\/strong><\/p>\n<ul>\n<li>\u00a0Moottori, ohjauskortti 365 p\u00e4iv\u00e4\u00e4 tuotteen l\u00e4htemisest\u00e4 tehtaalta.<\/li>\n<li>\u00a0Akkupaketti 183 p\u00e4iv\u00e4\u00e4 tuotteen l\u00e4htemisest\u00e4 tehtaalta.<\/li>\n<\/ul>\n<p><strong>Toimitetaan normaalisti 45 ty\u00f6p\u00e4iv\u00e4n sis\u00e4ll\u00e4.<\/strong><\/p>\n<p><strong>Tuotetiedot<\/strong><\/p>\n<ul>\n<li>Akku: 60 v 14.5 Ah<\/li>\n<li>Teho: 1000 W<\/li>\n<li>Huippunopeus: 50 km\/h<\/li>\n<li>Ajomatka: 80 km<\/li>\n<li>Hunajakenno rengas: 10 Tuuman<\/li>\n<li>2 jousitusta: edess\u00e4 ja takana<\/li>\n<li>Tehokkaampi akku, jonka kantama on jopa 80 km, vain yhdell\u00e4 7-8 tunnin latauksella.<\/li>\n<li>Yksi avain potkulaudan lukitsemiseen sovelluksen kautta. Yhdistetty sis\u00e4\u00e4nrakennettuun \u00e4\u00e4nekk\u00e4\u00e4seen varash\u00e4lyttimeen, joka est\u00e4\u00e4 varkaita viem\u00e4st\u00e4 potkulautaa.<\/li>\n<li>Parannettu\u00a0ajovalo takaa paremman n\u00e4kyvyyden. Takavalo varoittaa muita tienk\u00e4ytt\u00e4ji\u00e4 pime\u00e4ss\u00e4.<\/li>\n<li>Rumpujarru,\u00a0levyjarru ja E- ABS varmistavat turvallisen ja nopean jarrutuksen.<\/li>\n<\/ul>\n<p><strong>Yksityiskohdat:<\/strong><\/p>\n<p>N12 Pro:n voimakkaalla 1000w:n moottorilla p\u00e4\u00e4set ajamaan pitk\u00e4n\u00a080 km matkan, max. 50 km\/h nopeudella ja nousemaan 47% asteen m\u00e4ki\u00e4.<br \/>\nYksivaiheinen taittoj\u00e4rjestelm\u00e4 helpottaa potkulaudan kantamista &#8211; TUV Rheinlandin* arvioima (EN17128\u00a0mukaan)<br \/>\nTasainen ja mukava ajokokemus my\u00f6s ep\u00e4tasaisilla tai kuoppaisilla teill\u00e4\u00a0kaksoisjousituksen ansiosta.<br \/>\nTila, nopeus, akun varaustaso ja\u00a0kantama n\u00e4kyv\u00e4t n\u00e4yt\u00f6ll\u00e4. K\u00e4tevin tapa n\u00e4hd\u00e4 tietoja s\u00e4hk\u00f6potkulaudastasi.<\/p>\n","protected":false},"excerpt":{"rendered":"<h3>K\u00e4ytt\u00e4j\u00e4yst\u00e4v\u00e4lliset s\u00e4hk\u00f6potkulaudat, hypp\u00e4\u00e4 potkulaudalle ja aja!<\/h3>\n<p>King Song N12 on uusin s\u00e4hk\u00f6potkulauta 1000W:n moottorilla ja kaksoisjousituksella. King Song kehitti\u00a0N12:n k\u00e4tev\u00e4\u00e4 ja tyylik\u00e4st\u00e4 ajoa varten.<\/p>\n","protected":false},"featured_media":6631,"comment_status":"open","ping_status":"closed","template":"","meta":{"_acf_changed":false},"factory":[],"free-shipment":[],"product_brand":[],"product_cat":[1312,1311],"product_tag":[],"class_list":{"0":"post-18474","1":"product","2":"type-product","3":"status-publish","4":"has-post-thumbnail","6":"product_cat-e-skootterit","7":"product_cat-viihde-elektroniikka","9":"first","10":"instock","11":"sale","12":"taxable","13":"shipping-taxable","14":"purchasable","15":"product-type-simple"},"acf":[],"_links":{"self":[{"href":"https:\/\/factory.sale\/fi\/wp-json\/wp\/v2\/product\/18474","targetHints":{"allow":["GET"]}}],"collection":[{"href":"https:\/\/factory.sale\/fi\/wp-json\/wp\/v2\/product"}],"about":[{"href":"https:\/\/factory.sale\/fi\/wp-json\/wp\/v2\/types\/product"}],"replies":[{"embeddable":true,"href":"https:\/\/factory.sale\/fi\/wp-json\/wp\/v2\/comments?post=18474"}],"wp:featuredmedia":[{"embeddable":true,"href":"https:\/\/factory.sale\/fi\/wp-json\/wp\/v2\/media\/6631"}],"wp:attachment":[{"href":"https:\/\/factory.sale\/fi\/wp-json\/wp\/v2\/media?parent=18474"}],"wp:term":[{"taxonomy":"factory","embeddable":true,"href":"https:\/\/factory.sale\/fi\/wp-json\/wp\/v2\/factory?post=18474"},{"taxonomy":"free-shipment","embeddable":true,"href":"https:\/\/factory.sale\/fi\/wp-json\/wp\/v2\/free-shipment?post=18474"},{"taxonomy":"product_brand","embeddable":true,"href":"https:\/\/factory.sale\/fi\/wp-json\/wp\/v2\/product_brand?post=18474"},{"taxonomy":"product_cat","embeddable":true,"href":"https:\/\/factory.sale\/fi\/wp-json\/wp\/v2\/product_cat?post=18474"},{"taxonomy":"product_tag","embeddable":true,"href":"https:\/\/factory.sale\/fi\/wp-json\/wp\/v2\/product_tag?post=18474"}],"curies":[{"name":"wp","href":"https:\/\/api.w.org\/{rel}","templated":true}]}}