{"id":18453,"date":"2022-06-09T04:13:26","date_gmt":"2022-12-30T08:54:46","guid":{"rendered":"https:\/\/factory.sale\/?post_type=product&#038;p=18453"},"modified":"2025-03-22T01:19:53","modified_gmt":"2025-03-21T22:19:53","slug":"ks-18xl-sahkoinen-yksipyorainen","status":"publish","type":"product","link":"https:\/\/factory.sale\/fi\/tuote\/ks-18xl-sahkoinen-yksipyorainen\/","title":{"rendered":"KS-18XL S\u00c4HK\u00d6INEN YKSIPY\u00d6R\u00c4INEN TASAPAINOSKOOTTERI"},"content":{"rendered":"<p><strong>Tuotetiedot:<\/strong><\/p>\n<ul>\n<li>Akku &#8211; 1554 Wh<\/li>\n<li>Teho &#8211; 2200 W<\/li>\n<li>Huippunopeus &#8211; 50 km\/h<\/li>\n<li>Ajomatka &#8211; 140 km<\/li>\n<li>Enimm\u00e4iskuorma &#8211; 120 kg<\/li>\n<li>Paino &#8211; 25.4 kg<\/li>\n<li>3W valaisevat LED + 2 *1w jarruvalot: riippumaton ja suurella halkaisijalla valaisinkupu.<\/li>\n<li>Sovelluksen tuki: muuta eri ajo-ominaisuuksia, katso nopeus\/akun varaustiedot.<\/li>\n<li>Kaksi USB- latausporttia: lataa muita laitteita liikkeell\u00e4 ollessasi samalla kun yksi USB-portti tukee musiikin yhdist\u00e4mist\u00e4 ja toistoa.<\/li>\n<li>Luo oma tunnelma LED-valoilla: monta vilkkumistaajuutta; Akkuindikaattori paikalla ollessa.<\/li>\n<\/ul>\n<p>&nbsp;<\/p>\n<p><strong>Yksityiskohdat:<\/strong><\/p>\n<ul>\n<li>Sis\u00e4isesti kehitetty \u00e4lyk\u00e4s akunhallintaj\u00e4rjestelm\u00e4 varmistaa korkean tehon ja akun turvallisuuden my\u00f6s suurilla nopeuksilla ajettaessa.<\/li>\n<li>Tehokas ja nopea harjaton tasavirtamoottori takaa tasaisen kiihtyvyyden.<\/li>\n<li>4 Bluetooth-kaiutinta 12V teholla, jotka tarjoavat kristallinkirkkaan tila\u00e4\u00e4nikokemuksen.<\/li>\n<li>Luo oma tunnelma LED-valoilla: monta vilkkumistaajuutta; lis\u00e4ksi my\u00f6s erilliset jarru- ja suuntavalot.<\/li>\n<\/ul>\n<p><strong><br \/>\nTakuu:<\/strong> 2 vuotta emolevylle ja moottorille, 1 vuosi akulle.<\/p>\n","protected":false},"excerpt":{"rendered":"<h3><strong>S\u00e4hk\u00f6inen yksipy\u00f6r\u00e4inen &#8211; Kompakti ja k\u00e4tev\u00e4 tasapainoskootteri.<\/strong><\/h3>\n<p>Stabiilisuus ja pitk\u00e4 kantama.<\/p>\n","protected":false},"featured_media":7162,"comment_status":"open","ping_status":"closed","template":"","meta":{"_acf_changed":false},"factory":[],"free-shipment":[],"product_brand":[],"product_cat":[1311,1314],"product_tag":[],"class_list":{"0":"post-18453","1":"product","2":"type-product","3":"status-publish","4":"has-post-thumbnail","6":"product_cat-viihde-elektroniikka","7":"product_cat-yksipyora","9":"first","10":"instock","11":"sale","12":"taxable","13":"shipping-taxable","14":"purchasable","15":"product-type-simple"},"acf":[],"_links":{"self":[{"href":"https:\/\/factory.sale\/fi\/wp-json\/wp\/v2\/product\/18453","targetHints":{"allow":["GET"]}}],"collection":[{"href":"https:\/\/factory.sale\/fi\/wp-json\/wp\/v2\/product"}],"about":[{"href":"https:\/\/factory.sale\/fi\/wp-json\/wp\/v2\/types\/product"}],"replies":[{"embeddable":true,"href":"https:\/\/factory.sale\/fi\/wp-json\/wp\/v2\/comments?post=18453"}],"wp:featuredmedia":[{"embeddable":true,"href":"https:\/\/factory.sale\/fi\/wp-json\/wp\/v2\/media\/7162"}],"wp:attachment":[{"href":"https:\/\/factory.sale\/fi\/wp-json\/wp\/v2\/media?parent=18453"}],"wp:term":[{"taxonomy":"factory","embeddable":true,"href":"https:\/\/factory.sale\/fi\/wp-json\/wp\/v2\/factory?post=18453"},{"taxonomy":"free-shipment","embeddable":true,"href":"https:\/\/factory.sale\/fi\/wp-json\/wp\/v2\/free-shipment?post=18453"},{"taxonomy":"product_brand","embeddable":true,"href":"https:\/\/factory.sale\/fi\/wp-json\/wp\/v2\/product_brand?post=18453"},{"taxonomy":"product_cat","embeddable":true,"href":"https:\/\/factory.sale\/fi\/wp-json\/wp\/v2\/product_cat?post=18453"},{"taxonomy":"product_tag","embeddable":true,"href":"https:\/\/factory.sale\/fi\/wp-json\/wp\/v2\/product_tag?post=18453"}],"curies":[{"name":"wp","href":"https:\/\/api.w.org\/{rel}","templated":true}]}}