{"id":18430,"date":"2022-04-29T11:47:05","date_gmt":"2022-12-30T08:27:03","guid":{"rendered":"https:\/\/factory.sale\/?post_type=product&#038;p=18430"},"modified":"2024-06-25T11:37:08","modified_gmt":"2024-06-25T11:37:08","slug":"ks-18l-sahkoinen-yksipyorainen","status":"publish","type":"product","link":"https:\/\/factory.sale\/fi\/tuote\/ks-18l-sahkoinen-yksipyorainen\/","title":{"rendered":"KS-18L S\u00c4HK\u00d6INEN YKSIPY\u00d6R\u00c4INEN TASAPAINOSKOOTTERI"},"content":{"rendered":"<p><strong>Tuotetiedot:<\/strong><\/p>\n<ul>\n<li>Akku- 1036 Wh<\/li>\n<li>Teho &#8211; 2200 W<\/li>\n<li>Huippunopeus &#8211; 50 km\/h<\/li>\n<li>Ajomatka &#8211; 105 km<\/li>\n<li>Enimm\u00e4iskuorma &#8211; 120 kg<\/li>\n<li>Paino &#8211; 21.6 kg<\/li>\n<li>3W valaisevat LED +\u00a02*1w jarruvalot; riippumaton ja suurella halkaisijalla valaisinkupu.<\/li>\n<li>Sovelluksen tuki: muuta eri ajo-ominaisuuksia, katso nopeus\/akun varaustiedot.<\/li>\n<li>Kaksi USB- latausporttia: lataa muita laitteita liikkeell\u00e4 ollessasi samalla kun yksi USB-portti tukee musiikin yhdist\u00e4mist\u00e4 ja toistoa.<\/li>\n<li>Luo oma tunnelma LED-valoilla: monta vilkkumistaajuutta; Akkuindikaattori paikalla ollessa.<\/li>\n<\/ul>\n<p>&nbsp;<\/p>\n<p><strong>Yksityiskohdat:<\/strong><\/p>\n<ul>\n<li>Sis\u00e4isesti kehitetty \u00e4lyk\u00e4s akunhallintaj\u00e4rjestelm\u00e4 varmistaa korkean tehon ja akun turvallisuuden my\u00f6s suurilla nopeuksilla ajettaessa.<\/li>\n<li>Tehokas ja nopea harjaton tasavirtamoottori takaa tasaisen kiihtyvyyden.<\/li>\n<li>4 Bluetooth-kaiutinta 12V teholla, jotka tarjoavat kristallinkirkkaan tila\u00e4\u00e4nikokemuksen.<\/li>\n<li>Luo oma tunnelma LED-valoilla: monta vilkkumistaajuutta; lis\u00e4ksi my\u00f6s erilliset jarru- ja suuntavalot.<\/li>\n<\/ul>\n<p>&nbsp;<\/p>\n<p><strong>Takuu:<\/strong> 2 vuotta emolevylle ja moottorille, 1 vuosi akulle.<\/p>\n","protected":false},"excerpt":{"rendered":"<p><strong>S\u00e4hk\u00f6inen yksipy\u00f6r\u00e4inen &#8211; Kompakti ja k\u00e4tev\u00e4 tasapainoskootteri.<\/strong><\/p>\n<p>Stabiilisuus ja mukavuus mieless\u00e4.<\/p>\n","protected":false},"featured_media":6836,"comment_status":"open","ping_status":"closed","template":"","meta":{"_acf_changed":false},"factory":[],"free-shipment":[],"product_brand":[],"product_cat":[1311,1314],"product_tag":[],"class_list":{"0":"post-18430","1":"product","2":"type-product","3":"status-publish","4":"has-post-thumbnail","6":"product_cat-viihde-elektroniikka","7":"product_cat-yksipyora","9":"first","10":"instock","11":"sale","12":"taxable","13":"shipping-taxable","14":"purchasable","15":"product-type-simple"},"acf":[],"_links":{"self":[{"href":"https:\/\/factory.sale\/fi\/wp-json\/wp\/v2\/product\/18430","targetHints":{"allow":["GET"]}}],"collection":[{"href":"https:\/\/factory.sale\/fi\/wp-json\/wp\/v2\/product"}],"about":[{"href":"https:\/\/factory.sale\/fi\/wp-json\/wp\/v2\/types\/product"}],"replies":[{"embeddable":true,"href":"https:\/\/factory.sale\/fi\/wp-json\/wp\/v2\/comments?post=18430"}],"wp:featuredmedia":[{"embeddable":true,"href":"https:\/\/factory.sale\/fi\/wp-json\/wp\/v2\/media\/6836"}],"wp:attachment":[{"href":"https:\/\/factory.sale\/fi\/wp-json\/wp\/v2\/media?parent=18430"}],"wp:term":[{"taxonomy":"factory","embeddable":true,"href":"https:\/\/factory.sale\/fi\/wp-json\/wp\/v2\/factory?post=18430"},{"taxonomy":"free-shipment","embeddable":true,"href":"https:\/\/factory.sale\/fi\/wp-json\/wp\/v2\/free-shipment?post=18430"},{"taxonomy":"product_brand","embeddable":true,"href":"https:\/\/factory.sale\/fi\/wp-json\/wp\/v2\/product_brand?post=18430"},{"taxonomy":"product_cat","embeddable":true,"href":"https:\/\/factory.sale\/fi\/wp-json\/wp\/v2\/product_cat?post=18430"},{"taxonomy":"product_tag","embeddable":true,"href":"https:\/\/factory.sale\/fi\/wp-json\/wp\/v2\/product_tag?post=18430"}],"curies":[{"name":"wp","href":"https:\/\/api.w.org\/{rel}","templated":true}]}}