{"id":18072,"date":"2021-05-25T13:19:52","date_gmt":"2022-12-27T17:58:44","guid":{"rendered":"https:\/\/factory.sale\/?post_type=product&#038;p=18072"},"modified":"2024-06-27T07:56:39","modified_gmt":"2024-06-27T07:56:39","slug":"inmotion-v8-yksipyorainen-alumiiniseos-runko-musta","status":"publish","type":"product","link":"https:\/\/factory.sale\/fi\/tuote\/inmotion-v8-yksipyorainen-alumiiniseos-runko-musta\/","title":{"rendered":"INMOTION V8 YKSIPY\u00d6R\u00c4INEN ALUMIINISEOS-RUNKO &#8211; MUSTA"},"content":{"rendered":"<p>1. Yksipy\u00f6r\u00e4inen py\u00f6r\u00e4 tasapainoskootterin tulevaisuus.<br \/>\n2. Valo varoittaa ihmisi\u00e4 ja autoja y\u00f6ll\u00e4.<br \/>\n3. 800 W moottori takaa 30 km\/h maksiminopeuden ja 25 asteen kaltevuuden.<br \/>\n4. 474WH 6,4Ah Li-ion akku (sis\u00e4ltyy pakkaukseen) 45-50km kantama ja 4,5 tunnin latausaika.<br \/>\n5. 16-tuumainen puhallettava rengas soveltuu erilaisiin maastoihin.<br \/>\n6. Alumiiniseos-runko mahdollistaa 120 kg:n enimm\u00e4iskuorman.<br \/>\n7. Sopii aikuisille ja nuorille tiell\u00e4, nurmikolla, rinteell\u00e4 jne. ajamiseen.<\/p>\n","protected":false},"excerpt":{"rendered":"<p>1. Yksipy\u00f6r\u00e4inen py\u00f6r\u00e4 tasapainoskootterin tulevaisuus.<br \/>\n2. Valo varoittaa ihmisi\u00e4 ja autoja y\u00f6ll\u00e4.<br \/>\n3. 800 W moottori takaa 30 km\/h maksiminopeuden ja 25 asteen kaltevuuden.<br \/>\n4. 474WH 6,4Ah Li-ion akku (sis\u00e4ltyy pakkaukseen) 45-50km kantama ja 4,5 tunnin latausaika.<br \/>\n5. 16-tuumainen puhallettava rengas soveltuu erilaisiin maastoihin.<br \/>\n6. Alumiiniseos-runko mahdollistaa 120 kg:n enimm\u00e4iskuorman.<br \/>\n7. Sopii aikuisille ja nuorille tiell\u00e4, nurmikolla, rinteell\u00e4 jne. ajamiseen.<\/p>\n","protected":false},"featured_media":4996,"comment_status":"open","ping_status":"closed","template":"","meta":{"_acf_changed":false},"factory":[],"free-shipment":[],"product_brand":[],"product_cat":[1311,1314],"product_tag":[],"class_list":{"0":"post-18072","1":"product","2":"type-product","3":"status-publish","4":"has-post-thumbnail","6":"product_cat-viihde-elektroniikka","7":"product_cat-yksipyora","9":"first","10":"instock","11":"sale","12":"taxable","13":"shipping-taxable","14":"purchasable","15":"product-type-simple"},"acf":[],"_links":{"self":[{"href":"https:\/\/factory.sale\/fi\/wp-json\/wp\/v2\/product\/18072","targetHints":{"allow":["GET"]}}],"collection":[{"href":"https:\/\/factory.sale\/fi\/wp-json\/wp\/v2\/product"}],"about":[{"href":"https:\/\/factory.sale\/fi\/wp-json\/wp\/v2\/types\/product"}],"replies":[{"embeddable":true,"href":"https:\/\/factory.sale\/fi\/wp-json\/wp\/v2\/comments?post=18072"}],"wp:featuredmedia":[{"embeddable":true,"href":"https:\/\/factory.sale\/fi\/wp-json\/wp\/v2\/media\/4996"}],"wp:attachment":[{"href":"https:\/\/factory.sale\/fi\/wp-json\/wp\/v2\/media?parent=18072"}],"wp:term":[{"taxonomy":"factory","embeddable":true,"href":"https:\/\/factory.sale\/fi\/wp-json\/wp\/v2\/factory?post=18072"},{"taxonomy":"free-shipment","embeddable":true,"href":"https:\/\/factory.sale\/fi\/wp-json\/wp\/v2\/free-shipment?post=18072"},{"taxonomy":"product_brand","embeddable":true,"href":"https:\/\/factory.sale\/fi\/wp-json\/wp\/v2\/product_brand?post=18072"},{"taxonomy":"product_cat","embeddable":true,"href":"https:\/\/factory.sale\/fi\/wp-json\/wp\/v2\/product_cat?post=18072"},{"taxonomy":"product_tag","embeddable":true,"href":"https:\/\/factory.sale\/fi\/wp-json\/wp\/v2\/product_tag?post=18072"}],"curies":[{"name":"wp","href":"https:\/\/api.w.org\/{rel}","templated":true}]}}