{"id":18070,"date":"2021-05-25T13:34:14","date_gmt":"2022-12-27T17:54:39","guid":{"rendered":"https:\/\/factory.sale\/?post_type=product&#038;p=18070"},"modified":"2024-06-26T10:15:53","modified_gmt":"2024-06-26T10:15:53","slug":"inmotion-p2-sahkopyora-aikuisille-ja-nuorille-musta","status":"publish","type":"product","link":"https:\/\/factory.sale\/fi\/tuote\/inmotion-p2-sahkopyora-aikuisille-ja-nuorille-musta\/","title":{"rendered":"INMOTION P2 S\u00c4HK\u00d6PY\u00d6R\u00c4 AIKUISILLE JA NUORILLE &#8211; MUSTA"},"content":{"rendered":"<p>INMOTION P2 S\u00c4HK\u00d6PY\u00d6R\u00c4 AIKUISILLE JA NUORILLE<\/p>\n<p>\u25cf350 W moottori tarjoaa max 30 km\/h nopeuden ja 12 asteen kaltevuuden<br \/>\n\u25cf 23,2Ah 36V Li-ion akku (sis\u00e4ltyy pakkaukseen) max 80-100km kantama s\u00e4hk\u00f6tilassa<br \/>\nja 160-180km kantama mopotilassa<br \/>\n\u25cf12-tuumainen puhallettava rengas soveltuu erilaisiin maastoihin<br \/>\n\u25cf Taitettava muotoilu k\u00e4tev\u00e4\u00e4n kantamiseen<br \/>\n\u25cf Satulan korkeus on s\u00e4\u00e4dett\u00e4v\u00e4 ja sopii eripituisille ihmisille<br \/>\n\u25cf Voit valita poljintilan, mopotilan ja puhtaan s\u00e4hk\u00f6tilan v\u00e4lill\u00e4<br \/>\n\u25cf LED-valot edess\u00e4 ja takana, jotta voit ajaa y\u00f6ll\u00e4 turvallisesti<br \/>\n\u25cf Alumiiniseos runko mahdollistamaan 120 kg:n enimm\u00e4iskuorman<br \/>\n\u25cf Sopii aikuisille ja nuorille<\/p>\n<p>&nbsp;<\/p>\n<p>\u00c4LYKK\u00c4\u00c4MPI KUMPPANI KAUPUNKILIIKENTEESEEN. SINUN EI TARVITSE HUOLEHTIA PITKIST\u00c4 MATKOISTA.<\/p>\n<p>Moottorivoima<br \/>\nMaksiminopeus<br \/>\nRenkaan mitat: 12 tuumaa<br \/>\nEnimm\u00e4iskuorma<\/p>\n<p><strong>Kokonaissuunnittelu<\/strong><br \/>\nAlkuper\u00e4inen P-sarjan muotoilu, inspiraatio\u00a0joutsenesta. 102 cm minikoko mahdollistaa helpon kuljettamisen metrossa tai hisseiss\u00e4. 17 kg:n nettopaino\u00a0mahdollistaa yhdell\u00e4 k\u00e4dell\u00e4 kantamisen.<br \/>\n<strong><br \/>\nErgonomia<\/strong><br \/>\nP2:n\u00a0vakaa rakenne on testattu moneen kertaan, mik\u00e4 varmistaa ajajan mukavuuden.<\/p>\n<p><strong>Suunniteltu siten, ettei sinun tarvitse huolehtia<\/strong><br \/>\nPid\u00e4 P2 turvassa sis\u00e4\u00e4nrakennetun lukon avulla.<br \/>\nHallitset P2:n nopeutta k\u00e4\u00e4nt\u00e4m\u00e4ll\u00e4 moottoripy\u00f6r\u00e4n kahvaa. K\u00e4tev\u00e4 ohjaus tekee ajokokemuksesta\u00a0sujuvamman.<br \/>\nTurvalukko<\/p>\n<p><strong>Levyjarrut edess\u00e4 ja takana<\/strong><br \/>\nTakaa sek\u00e4 jarrujen korkean suorituskyvyn ett\u00e4 mukavuuden.<br \/>\n20 km\/h jarrutusmatka<br \/>\nElektroninen lis\u00e4jarru<\/p>\n<p><strong>V\u00e4lit\u00e4 enemm\u00e4n y\u00f6ll\u00e4 ajamisen turvallisuudesta<\/strong><br \/>\nKaksi ajovaloa kaksinkertaistavat kirkkauden. \u00c4lyk\u00e4s takavalo takaa turvallisuuden.<\/p>\n<p>Ajovalojen kirkkaus 800 lux &#8211; 800 luksia<\/p>\n<p>Jarruvalo<\/p>\n<p>Auton vakio akkuj\u00e4rjestelm\u00e4<br \/>\nINMOTION k\u00e4ytt\u00e4\u00e4 alkuper\u00e4ist\u00e4 akkukennoa, jonka sis\u00e4ll\u00e4 on akuston valvontaj\u00e4rjestelm\u00e4. J\u00e4rjestelm\u00e4n korkea suorituskyky takaa pitk\u00e4n ajomatkan.<br \/>\n(P2F:n akku)<br \/>\n18650 Akku<br \/>\nAlhaisen akun suojaus<br \/>\nYlipurkaussuojaus<br \/>\nOikosulkusuojaus<br \/>\nYlij\u00e4nnitesuojaus<br \/>\nYlikuumenemissuoja<br \/>\nYlivirtasuoja<\/p>\n<p><strong>High PerfTehokas harjaton, kestomagneetti\u00a0napamoottori<\/strong><br \/>\nS\u00e4\u00e4detty korkeammalle suoritustasolle. Upouusi magneettinen\u00a0ter\u00e4s, optimoitu sis\u00e4rakenne. 350 W teho, voi saavuttaa enint\u00e4\u00e4n 450 W, 91 % EER.<\/p>\n<p><strong>Ajotilat<\/strong><\/p>\n<p>Power tila, Physical tila, Assistant tila<br \/>\nPitkist\u00e4 kilometreist\u00e4 ei en\u00e4\u00e4 tarvitse huolehtia, voit matkustella kaupungissa vapaasti.<\/p>\n<p>INMOTION SOVELLUS<\/p>\n<p>Uudessa\u00a0sovelluksessa on lis\u00e4\u00e4 toimintoja ja se m\u00e4\u00e4rittelee tehon ja tehokkuuden uudelleen.<br \/>\nMalli<br \/>\nMitat<br \/>\nMitat taitettuna<br \/>\nNettopaino<br \/>\nEnimm\u00e4iskuorma<br \/>\nKantama (ilman polkemista)<br \/>\nKantama (polkemalla)<br \/>\nTehdasasetusnopeus<br \/>\nMax. Nopeus<br \/>\nMax. Kaltevuus<br \/>\nRengas tyyppi: Pneumaattinen rengas<br \/>\nRenkaan mitat: 12 tuumaa<br \/>\nIP-luokitus<br \/>\nTeho<\/p>\n<p>USB-liit\u00e4nt\u00e4 (l\u00e4ht\u00f6)<br \/>\nAjotila : 3 tilaa<br \/>\nOppimistila: Tukee<br \/>\nAkun tekniset tiedot<br \/>\nPaineanturi : \u00a0Tukee<\/p>\n<p>Kantama mitattiin py\u00f6r\u00e4n ollessa t\u00e4yteen ladattu, l\u00e4mp\u00f6tila 25 C, kuorma 75 kg ja\u00a0ajonopeus 20 km\/h tasaisella tiell\u00e4. Kantama riippuu kuormasta, l\u00e4mp\u00f6tilasta, tuulen nopeudesta, tien\u00a0kunnosta ja ajajan k\u00e4ytt\u00f6tavoista.<br \/>\nNopeus mitattiin 75 kg:n kuormalla, maksiminopeuteus\u00a0riippuu kuormasta, l\u00e4mp\u00f6tilasta, tuulen nopeudesta, tien kunnosta ja ajajan k\u00e4ytt\u00f6tavoista.\u00a0Max kaltevuus testattiin 75 kg:n kuormalla.<\/p>\n","protected":false},"excerpt":{"rendered":"<ul>\n<li>350 W moottori tarjoaa max 30 km\/h nopeuden ja 12 asteen kaltevuuden<\/li>\n<li>23,2Ah 36V Li-ion akku (sis\u00e4ltyy pakkaukseen) max 80-100km kantama s\u00e4hk\u00f6tilassa\u00a0ja 160-180km kantama\u00a0mopotilassa<\/li>\n<li>12-tuumainen puhallettava rengas soveltuu erilaisiin maastoihin<\/li>\n<li>Taitettava muotoilu k\u00e4tev\u00e4\u00e4n kantamiseen<\/li>\n<li>Satulan korkeus on s\u00e4\u00e4dett\u00e4v\u00e4 ja sopii eripituisille ihmisille<\/li>\n<li>Voit valita poljintilan, mopotilan ja puhtaan s\u00e4hk\u00f6tilan v\u00e4lill\u00e4<\/li>\n<li>LED-valot edess\u00e4 ja takana, jotta voit ajaa y\u00f6ll\u00e4 turvallisesti<\/li>\n<li>Alumiiniseosrunko mahdollistamaan 120 kg:n enimm\u00e4iskuorman<\/li>\n<li>Sopii aikuisille ja nuorille<\/li>\n<\/ul>\n","protected":false},"featured_media":5013,"comment_status":"open","ping_status":"closed","template":"","meta":{"_acf_changed":false},"factory":[],"free-shipment":[],"product_brand":[],"product_cat":[1313,1311],"product_tag":[],"class_list":{"0":"post-18070","1":"product","2":"type-product","3":"status-publish","4":"has-post-thumbnail","6":"product_cat-kulkuvalineet","7":"product_cat-viihde-elektroniikka","9":"first","10":"instock","11":"sale","12":"taxable","13":"shipping-taxable","14":"purchasable","15":"product-type-simple"},"acf":[],"_links":{"self":[{"href":"https:\/\/factory.sale\/fi\/wp-json\/wp\/v2\/product\/18070","targetHints":{"allow":["GET"]}}],"collection":[{"href":"https:\/\/factory.sale\/fi\/wp-json\/wp\/v2\/product"}],"about":[{"href":"https:\/\/factory.sale\/fi\/wp-json\/wp\/v2\/types\/product"}],"replies":[{"embeddable":true,"href":"https:\/\/factory.sale\/fi\/wp-json\/wp\/v2\/comments?post=18070"}],"wp:featuredmedia":[{"embeddable":true,"href":"https:\/\/factory.sale\/fi\/wp-json\/wp\/v2\/media\/5013"}],"wp:attachment":[{"href":"https:\/\/factory.sale\/fi\/wp-json\/wp\/v2\/media?parent=18070"}],"wp:term":[{"taxonomy":"factory","embeddable":true,"href":"https:\/\/factory.sale\/fi\/wp-json\/wp\/v2\/factory?post=18070"},{"taxonomy":"free-shipment","embeddable":true,"href":"https:\/\/factory.sale\/fi\/wp-json\/wp\/v2\/free-shipment?post=18070"},{"taxonomy":"product_brand","embeddable":true,"href":"https:\/\/factory.sale\/fi\/wp-json\/wp\/v2\/product_brand?post=18070"},{"taxonomy":"product_cat","embeddable":true,"href":"https:\/\/factory.sale\/fi\/wp-json\/wp\/v2\/product_cat?post=18070"},{"taxonomy":"product_tag","embeddable":true,"href":"https:\/\/factory.sale\/fi\/wp-json\/wp\/v2\/product_tag?post=18070"}],"curies":[{"name":"wp","href":"https:\/\/api.w.org\/{rel}","templated":true}]}}