{"id":18068,"date":"2021-05-25T13:43:57","date_gmt":"2022-12-27T17:50:46","guid":{"rendered":"https:\/\/factory.sale\/?post_type=product&#038;p=18068"},"modified":"2024-06-27T18:14:22","modified_gmt":"2024-06-27T18:14:22","slug":"inmotion-s1-potkulauta-musta","status":"publish","type":"product","link":"https:\/\/factory.sale\/fi\/tuote\/inmotion-s1-potkulauta-musta\/","title":{"rendered":"INMOTION S1 POTKULAUTA &#8211; MUSTA"},"content":{"rendered":"<p>KAKSINKERTAINEN TOIMINTAS\u00c4DE, KAKSINKERTAINEN HUVI S1 on varustettu 675Wh litiumakulla, mik\u00e4 tarjoaa ly\u00f6m\u00e4tt\u00f6m\u00e4n toimintas\u00e4teen jopa 59 mailiin ja vaikuttavan tehonsy\u00f6t\u00f6n. Toimintas\u00e4de on 40% pidempi kuin kilpailukykyisill\u00e4 s\u00e4hk\u00f6potkulaudoilla t\u00e4ss\u00e4 hintaluokassa.<\/p>\n<p>Jopa 59 mailin toimintas\u00e4de.<\/p>\n<p>Jopa 675 Wh:n akkukapasiteetti.<\/p>\n<p>KAKSOISKAASTOJ\u00c4RJESTELM\u00c4 S1:ss\u00e4 on sek\u00e4 etu- ett\u00e4 takapy\u00f6r\u00e4n jousitus, mik\u00e4 tekee pienist\u00e4kin kivist\u00e4 vaivattomia ylitt\u00e4\u00e4 ja tarjoaa vertaansa vailla olevan ajomukavuuden.<\/p>\n<p>HELPPO VALLOITTAA 30% RINTEET 500W harjaton moottori ja takaveto tekev\u00e4t S1:st\u00e4 voimakkaan kiihdytyksen ja vahvan kaasuvasteen, joiden avulla rinteiden 30% nousut eiv\u00e4t tuota vaikeuksia.<\/p>\n<p>ULTRA-KIRKAAT LED-AJOVALOT S1:ss\u00e4 on korkealle sijoitetut, eritt\u00e4in kirkkaat LED-ajovalot, jotka valaisevat tien edess\u00e4 my\u00f6s silloin, kun kadulla ei ole valaistusta.<\/p>\n<p>\u00c4LYKK\u00c4\u00c4T K\u00c4\u00c4NT\u00d6VILKUT JA JARRUVALO S1:ss\u00e4 on my\u00f6s sivussa olevat k\u00e4\u00e4nt\u00f6signaalit sek\u00e4 pieni jarruvalo takalokasuojassa, joka varoittaa jalankulkijoita ja muita tiell\u00e4 liikkuvia ajoneuvoja.<\/p>\n<p>10 TUUMAN PUTKIRENKAAT Putkirengaskoon ollessa 10 tuumaa, tarjoavat tubeless-pneumaattiset renkaat erinomaisen pidon, mukavuuden ja kest\u00e4vyyden. Hypp\u00e4\u00e4 katukivetyksien yli ja kiihdyt\u00e4 ymp\u00e4ri kaupunkia t\u00e4ydellisess\u00e4 ajossa.<\/p>\n<p>MAKSIMAALINEN MUKAVUUS JA STABILITEETTI LAADUKKAALLA LAUDALLA 180 mm leve\u00e4 ja 135 mm pitk\u00e4 kumipinnoitettu liukumaton lauta tarjoaa 20% enemm\u00e4n tilaa jaloille verrattuna vastaaviin malleihin. T\u00e4m\u00e4 lis\u00e4tila tuo mukavuutta, vakautta ja tasapainoa ilman, ett\u00e4 liikkuvuus heikkenee.<\/p>\n<p>OMAN AJOTYYLIN MUKAAN S1:ss\u00e4 on 3 eri tehonohjaustilaa erilaisiin tilanteisiin. Voit helposti vaihtaa taloudelliseen tilaan, tavalliseen tilaan (D) ja urheilutilaan (S) painamalla virtapainiketta kaksi kertaa.<\/p>\n<p>\u00c4LYK\u00c4S AKUNHALLINTAJ\u00c4R<\/p>\n<p>&nbsp;<\/p>\n<h2>Tekniset tiedot:<\/h2>\n<table class=\"table table-hover table-striped\">\n<tbody>\n<tr>\n<td>Mitat Pituus x Leveys x Korkeus Taitettuna:<\/td>\n<td>126*4<em>54*1<\/em>512 mm \/ 49,8*<em>21,3*<\/em>21,2 tuumaa<\/p>\n<p>Auki: 126*<em>1219,5*<\/em>512 mm \/ 49,8*<em>48,0*<\/em>21,2 tuumaa<\/p>\n<p>&nbsp;<\/td>\n<\/tr>\n<tr>\n<td class=\"specs-item-name\"><span style=\"font-family: inherit; font-size: inherit;\">Paino<\/span><\/td>\n<td>Netto: 24 kg \/ 52,9 paunaa<\/p>\n<p>Kuormituskyky: 140 kg \/ 308,6 paunaa<\/p>\n<p>&nbsp;<\/td>\n<\/tr>\n<tr class=\"specs-sub-title\">\n<td colspan=\"2\">\n<h3><\/h3>\n<h3><\/h3>\n<h3>Kuljettaja<\/h3>\n<\/td>\n<\/tr>\n<tr>\n<td class=\"specs-item-name\">Suositeltu ik\u00e4<\/td>\n<td>14-60<\/td>\n<\/tr>\n<tr>\n<td class=\"specs-item-name\">Vaadittu korkeus<\/td>\n<td>130-200cm \/ 51.2-78.7inch<\/td>\n<\/tr>\n<tr>\n<td class=\"specs-item-name\">Suurin nopeus<\/td>\n<td>18.6mph<\/td>\n<\/tr>\n<tr>\n<td class=\"specs-item-name\">Tyypillinen toimintas\u00e4d<\/td>\n<td>56 mailia<\/td>\n<\/tr>\n<tr>\n<td class=\"specs-item-name\">Maksimi kaltevuus<\/td>\n<td>30%<\/td>\n<\/tr>\n<tr class=\"specs-sub-title\">\n<td colspan=\"2\">\n<h3><\/h3>\n<h3><\/h3>\n<h3>Laitteen parametrit<\/h3>\n<\/td>\n<\/tr>\n<tr>\n<td class=\"specs-item-name\">Kulkukelpoinen maasto<\/td>\n<td>asfaltti\/tasainen jalkak\u00e4yt\u00e4v\u00e4; esteet \u227a 0,4 tuumaa (1 cm); raot \u227a 1,2 tuumaa (3 cm)<\/td>\n<\/tr>\n<tr>\n<td class=\"specs-item-name\">\u00a0K\u00e4ytt\u00f6l\u00e4mp\u00f6tila<\/td>\n<td>-10-40\u2103<\/td>\n<\/tr>\n<tr>\n<td class=\"specs-item-name\">S\u00e4ilytysl\u00e4mp\u00f6tila<\/td>\n<td>-20-45\u2103<\/td>\n<\/tr>\n<tr>\n<td class=\"specs-item-name\">IP-luokitus<\/td>\n<td>IP55<\/td>\n<\/tr>\n<tr>\n<td class=\"specs-item-name\">Nimellisj\u00e4nnite<\/td>\n<td>54V<\/td>\n<\/tr>\n<tr>\n<td class=\"specs-item-name\">Maksimilatausj\u00e4nnite<\/td>\n<td>63V<\/td>\n<\/tr>\n<tr>\n<td class=\"specs-item-name\">Latausl\u00e4mp\u00f6tila<\/td>\n<td>0-40\u2103<\/td>\n<\/tr>\n<tr class=\"specs-sub-title\">\n<td colspan=\"2\">\n<h3><\/h3>\n<h3><\/h3>\n<h3>Akku<\/h3>\n<\/td>\n<\/tr>\n<tr>\n<td class=\"specs-item-name\">Kapasiteetti<\/td>\n<td>675Wh<\/td>\n<\/tr>\n<tr>\n<td class=\"specs-item-name\">Latausaika<\/td>\n<td>7 tuntia<\/td>\n<\/tr>\n<tr>\n<td class=\"specs-item-name\">Akun lukum\u00e4\u00e4r\u00e4<\/td>\n<td>1<\/td>\n<\/tr>\n<tr class=\"specs-sub-title\">\n<td colspan=\"2\">\n<h3><\/h3>\n<h3><\/h3>\n<h3>Moottori<\/h3>\n<\/td>\n<\/tr>\n<tr>\n<td class=\"specs-item-name\">Tyypillinen teho<\/td>\n<td>500w<\/td>\n<\/tr>\n<tr>\n<td class=\"specs-item-name\">Maksimiteho<\/td>\n<td>1000w<\/td>\n<\/tr>\n<tr>\n<td class=\"specs-item-name\">L\u00e4ht\u00f6teho<\/td>\n<td>500w<\/td>\n<\/tr>\n<tr>\n<td class=\"specs-item-name\">Sy\u00f6tt\u00f6j\u00e4nnite<\/td>\n<td>63V<\/td>\n<\/tr>\n<tr class=\"specs-sub-title\">\n<td colspan=\"2\">\n<h3><\/h3>\n<h3><\/h3>\n<h3>Laturi<\/h3>\n<\/td>\n<\/tr>\n<tr>\n<td class=\"specs-item-name\">L\u00e4ht\u00f6j\u00e4nnite<\/td>\n<td>63V<\/td>\n<\/tr>\n<tr>\n<td class=\"specs-item-name\">L\u00e4ht\u00f6virta<\/td>\n<td>2A<\/td>\n<\/tr>\n<tr class=\"specs-sub-title\">\n<td colspan=\"2\">\n<h3><\/h3>\n<h3><\/h3>\n<h3>Ominaisuudet<\/h3>\n<\/td>\n<\/tr>\n<tr>\n<td class=\"specs-item-name\">Vilkut<\/td>\n<td>Punainen<\/td>\n<\/tr>\n<tr>\n<td class=\"specs-item-name\">Ajomoodit<\/td>\n<td>\u00a0Ymp\u00e4rist\u00f6yst\u00e4v\u00e4llinen tila, tavallinen tila, urheilutila<\/td>\n<\/tr>\n<tr>\n<td class=\"specs-item-name\">Iskunvaimennin<\/td>\n<td>Edess\u00e4 ja takana<\/td>\n<\/tr>\n<tr>\n<td class=\"specs-item-name\">Jarruvalo<\/td>\n<td>0.5 W<\/td>\n<\/tr>\n<\/tbody>\n<\/table>\n<h5><img decoding=\"async\" src=\"https:\/\/inmotion-global-web.oss-us-west-1.aliyuncs.com\/products\/s1\/inmotion-s1-1.webp\" \/><\/h5>\n<h5><img decoding=\"async\" src=\"https:\/\/inmotion-global-web.oss-us-west-1.aliyuncs.com\/products\/s1\/inmotion-s1-5.webp\" \/><\/h5>\n<h5><img decoding=\"async\" src=\"https:\/\/inmotion-global-web.oss-us-west-1.aliyuncs.com\/products\/s1\/inmotion-s1-9.webp\" \/><\/h5>\n<p>&nbsp;<\/p>\n<h5><img decoding=\"async\" src=\"https:\/\/inmotion-global-web.oss-us-west-1.aliyuncs.com\/products\/s1\/inmotion-s1-10.webp\" \/><\/h5>\n<p>&nbsp;<\/p>\n<h5><img decoding=\"async\" src=\"https:\/\/inmotion-global-web.oss-us-west-1.aliyuncs.com\/products\/s1\/inmotion-s1-11.webp\" \/><\/h5>\n<h5><img loading=\"lazy\" decoding=\"async\" class=\"alignnone size-full wp-image-27228\" src=\"https:\/\/factory.sale\/wp-content\/uploads\/2021\/05\/Inmotion-S1.jpg\" alt=\"\" width=\"1243\" height=\"775\" srcset=\"https:\/\/factory.sale\/wp-content\/uploads\/2021\/05\/Inmotion-S1.jpg 1243w, https:\/\/factory.sale\/wp-content\/uploads\/2021\/05\/Inmotion-S1-300x187.jpg 300w, https:\/\/factory.sale\/wp-content\/uploads\/2021\/05\/Inmotion-S1-1024x638.jpg 1024w, https:\/\/factory.sale\/wp-content\/uploads\/2021\/05\/Inmotion-S1-150x94.jpg 150w, https:\/\/factory.sale\/wp-content\/uploads\/2021\/05\/Inmotion-S1-600x374.jpg 600w\" sizes=\"auto, (max-width: 1243px) 100vw, 1243px\" \/><\/h5>\n","protected":false},"excerpt":{"rendered":"<p>KAKSINKERTAINEN TOIMINTAS\u00c4DE, KAKSINKERTAINEN HUVI S1 on varustettu 675Wh litiumakulla, mik\u00e4 tarjoaa ly\u00f6m\u00e4tt\u00f6m\u00e4n toimintas\u00e4teen jopa 59 mailiin ja vaikuttavan tehonsy\u00f6t\u00f6n. Toimintas\u00e4de on 40% pidempi kuin kilpailukykyisill\u00e4 s\u00e4hk\u00f6potkulaudoilla t\u00e4ss\u00e4 hintaluokassa.<\/p>\n<p>Jopa 59 mailin toimintas\u00e4de.<\/p>\n<p>Jopa 675 Wh:n akkukapasiteetti.<\/p>\n<p>KAKSOISKAASTOJ\u00c4RJESTELM\u00c4 S1:ss\u00e4 on sek\u00e4 etu- ett\u00e4 takapy\u00f6r\u00e4n jousitus, mik\u00e4 tekee pienist\u00e4kin kivist\u00e4 vaivattomia ylitt\u00e4\u00e4 ja tarjoaa vertaansa vailla olevan ajomukavuuden.<\/p>\n<p>&nbsp;<\/p>\n","protected":false},"featured_media":27239,"comment_status":"open","ping_status":"closed","template":"","meta":{"_acf_changed":false},"factory":[],"free-shipment":[],"product_brand":[],"product_cat":[1312,1311],"product_tag":[],"class_list":{"0":"post-18068","1":"product","2":"type-product","3":"status-publish","4":"has-post-thumbnail","6":"product_cat-e-skootterit","7":"product_cat-viihde-elektroniikka","9":"first","10":"instock","11":"sale","12":"taxable","13":"shipping-taxable","14":"purchasable","15":"product-type-simple"},"acf":[],"_links":{"self":[{"href":"https:\/\/factory.sale\/fi\/wp-json\/wp\/v2\/product\/18068","targetHints":{"allow":["GET"]}}],"collection":[{"href":"https:\/\/factory.sale\/fi\/wp-json\/wp\/v2\/product"}],"about":[{"href":"https:\/\/factory.sale\/fi\/wp-json\/wp\/v2\/types\/product"}],"replies":[{"embeddable":true,"href":"https:\/\/factory.sale\/fi\/wp-json\/wp\/v2\/comments?post=18068"}],"wp:featuredmedia":[{"embeddable":true,"href":"https:\/\/factory.sale\/fi\/wp-json\/wp\/v2\/media\/27239"}],"wp:attachment":[{"href":"https:\/\/factory.sale\/fi\/wp-json\/wp\/v2\/media?parent=18068"}],"wp:term":[{"taxonomy":"factory","embeddable":true,"href":"https:\/\/factory.sale\/fi\/wp-json\/wp\/v2\/factory?post=18068"},{"taxonomy":"free-shipment","embeddable":true,"href":"https:\/\/factory.sale\/fi\/wp-json\/wp\/v2\/free-shipment?post=18068"},{"taxonomy":"product_brand","embeddable":true,"href":"https:\/\/factory.sale\/fi\/wp-json\/wp\/v2\/product_brand?post=18068"},{"taxonomy":"product_cat","embeddable":true,"href":"https:\/\/factory.sale\/fi\/wp-json\/wp\/v2\/product_cat?post=18068"},{"taxonomy":"product_tag","embeddable":true,"href":"https:\/\/factory.sale\/fi\/wp-json\/wp\/v2\/product_tag?post=18068"}],"curies":[{"name":"wp","href":"https:\/\/api.w.org\/{rel}","templated":true}]}}