{"id":17782,"date":"2022-12-26T09:06:27","date_gmt":"2022-12-26T09:08:42","guid":{"rendered":"https:\/\/factory.sale\/?post_type=product&#038;p=17782"},"modified":"2025-10-13T10:58:42","modified_gmt":"2025-10-13T07:58:42","slug":"sauun-sahkokiukas-harvia-legend-po11-11-0kw-setti","status":"publish","type":"product","link":"https:\/\/factory.sale\/fi\/tuote\/sauun-sahkokiukas-harvia-legend-po11-11-0kw-setti\/","title":{"rendered":"S\u00c4HK\u00d6KIUAS HARVIA LEGEND PO11, 11.0kW, setti"},"content":{"rendered":"<p>Tuoetkoodi: LegendPO11<\/p>\n<p>Setti sis\u00e4lt\u00e4\u00e4:<\/p>\n<p>&#8211; HARVIA Legend PO11, 11 kW<br \/>\n&#8211; HARVIA Xenio CX170<br \/>\n&#8211; 2x 20 kg kiuaskivet, 5-10 cm<br \/>\n&#8211; 4x 20 kg kiuaskivet, 10-15 cm<\/p>\n<p>Harvia Legend -kiuas on tarina aitoudesta ja eritt\u00e4in kest\u00e4v\u00e4st\u00e4 Harvia-laadusta. Jokainen Harvia Legend on osa vuonna 1950 perustetun Harvian, nykyisin maailman suurimman kiuasvalmistajan, sankaritarinaa. Jokainen Legend-kiuas on k\u00e4sintehty, Harvian pajamestarin taidonn\u00e4yte. Legendin patinoitu ter\u00e4skehikko pit\u00e4\u00e4 sis\u00e4ll\u00e4\u00e4n suuren kivim\u00e4\u00e4r\u00e4n, josta l\u00e4htee puusaunamaisen mahtavan kosteat ja lempe\u00e4t l\u00f6ylyt. Valitse Legend \u2013 siit\u00e4 alkaa sinun legendaarinen saunatarinasi. Harvia Legend tarjoaa saunojalle l\u00f6ylyel\u00e4myksen, jolla ei ole vertaa. T\u00e4m\u00e4 suuri kiuas vie saunojan aikakaudelle, jolloin kiuas sai syntyns\u00e4 \u2013 se on kiuas aidoimmillaan. Legendin patinoitu ter\u00e4skehikko pit\u00e4\u00e4 sis\u00e4ll\u00e4\u00e4n suuren kivim\u00e4\u00e4r\u00e4n, joka l\u00e4mmetess\u00e4\u00e4n tuottaa mahtavat l\u00f6ylyt isompaankin saunaan. Kivitilan avoimen rakenteen ansiosta koko kiukaan ulkopinta on saunojan k\u00e4yt\u00f6ss\u00e4 l\u00f6ylynheittoa varten. Suureen kivim\u00e4\u00e4r\u00e4\u00e4n varautunut l\u00e4mp\u00f6 mahdollistaa my\u00f6s reilumman l\u00f6ylynheiton jopa matalassa l\u00e4mp\u00f6tilassa \u2013 saat saunaasi miellytt\u00e4v\u00e4n kosteat l\u00f6ylyt. Harvia Legend -kiukaan py\u00f6re\u00e4n muodon ansiosta kiuas voidaan asentaa vaikka keskelle saunaa ja upottaa lauderatkaisuun.<\/p>\n<p>Tekniset tiedot<br \/>\nTeho, (kW) 11<br \/>\nH\u00f6yryhuone, min. (m3) 9<br \/>\nH\u00f6yrysauna, max. (m3) 20<br \/>\nMitat: leveys, (mm) 530<br \/>\nMitat: korkeus, (mm) 740<br \/>\nMitat: syvyys, (mm) 530<br \/>\nPaino (kg) 35<br \/>\nKivet, maksa. (kg) 120<br \/>\nH\u00f6yrysaunan korkeus, min. (cm) 190<br \/>\nSy\u00f6tt\u00f6j\u00e4nnite, vaihe 400 V 3N<br \/>\nVirtajohto, (mm2) 5 x 2,5<br \/>\nAnturin kaapeli, (mm2) 4 x 0,25<br \/>\nTiedonsiirtokaapeli<\/p>\n<p>Suojaus, (A) 3 x 16<\/p>\n<p>&nbsp;<\/p>\n","protected":false},"excerpt":{"rendered":"<p>Harvia Legend -kiuas on tarina aitoudesta ja eritt\u00e4in kest\u00e4v\u00e4st\u00e4 Harvia-laadusta. Jokainen Harvia Legend on osa vuonna 1950 perustetun Harvian, nykyisin maailman suurimman kiuasvalmistajan, sankaritarinaa. Jokainen Legend-kiuas on k\u00e4sintehty, Harvian pajamestarin taidonn\u00e4yte.<\/p>\n","protected":false},"featured_media":17773,"comment_status":"open","ping_status":"closed","template":"","meta":{"_acf_changed":false},"factory":[],"free-shipment":[],"product_brand":[],"product_cat":[1121,484],"product_tag":[866,1448,1680],"class_list":{"0":"post-17782","1":"product","2":"type-product","3":"status-publish","4":"has-post-thumbnail","6":"product_cat-saniteetti","7":"product_cat-saunan-kiukaat","8":"product_tag-electric-sauna-heater-fi","9":"product_tag-floor-heater-fi","10":"product_tag-harvia-legend-po11-11kw-fi","12":"first","13":"instock","14":"sale","15":"taxable","16":"shipping-taxable","17":"purchasable","18":"product-type-simple"},"acf":[],"_links":{"self":[{"href":"https:\/\/factory.sale\/fi\/wp-json\/wp\/v2\/product\/17782","targetHints":{"allow":["GET"]}}],"collection":[{"href":"https:\/\/factory.sale\/fi\/wp-json\/wp\/v2\/product"}],"about":[{"href":"https:\/\/factory.sale\/fi\/wp-json\/wp\/v2\/types\/product"}],"replies":[{"embeddable":true,"href":"https:\/\/factory.sale\/fi\/wp-json\/wp\/v2\/comments?post=17782"}],"wp:featuredmedia":[{"embeddable":true,"href":"https:\/\/factory.sale\/fi\/wp-json\/wp\/v2\/media\/17773"}],"wp:attachment":[{"href":"https:\/\/factory.sale\/fi\/wp-json\/wp\/v2\/media?parent=17782"}],"wp:term":[{"taxonomy":"factory","embeddable":true,"href":"https:\/\/factory.sale\/fi\/wp-json\/wp\/v2\/factory?post=17782"},{"taxonomy":"free-shipment","embeddable":true,"href":"https:\/\/factory.sale\/fi\/wp-json\/wp\/v2\/free-shipment?post=17782"},{"taxonomy":"product_brand","embeddable":true,"href":"https:\/\/factory.sale\/fi\/wp-json\/wp\/v2\/product_brand?post=17782"},{"taxonomy":"product_cat","embeddable":true,"href":"https:\/\/factory.sale\/fi\/wp-json\/wp\/v2\/product_cat?post=17782"},{"taxonomy":"product_tag","embeddable":true,"href":"https:\/\/factory.sale\/fi\/wp-json\/wp\/v2\/product_tag?post=17782"}],"curies":[{"name":"wp","href":"https:\/\/api.w.org\/{rel}","templated":true}]}}