{"id":17763,"date":"2025-10-12T14:55:42","date_gmt":"2022-12-22T14:55:42","guid":{"rendered":"https:\/\/factory.sale\/product\/quadra-tunnisaun-6m-3-ruumi\/"},"modified":"2026-03-22T21:42:29","modified_gmt":"2026-03-22T18:42:29","slug":"quadra-tynnyrisauna-6m-kolme-huonetta","status":"publish","type":"product","link":"https:\/\/factory.sale\/fi\/tuote\/quadra-tynnyrisauna-6m-kolme-huonetta\/","title":{"rendered":"&#8220;5m&#8221; S5P Pihasauna 6-hl\u00f6 penkeill\u00e4 tai vuoteella"},"content":{"rendered":"<p><strong>Pihasauna S5P on erikoinen malli: se on tavallisen tynnyrisaunan muokattu versio!<\/strong><\/p>\n<p>T\u00e4m\u00e4 valikoimastamme pieni pihasauna on t\u00e4ynn\u00e4 innovatiivisuutta ja toiminnollisuutta. Pukuhuoneella varustettu pieni pihasauna on 2-in-1-malli, sill\u00e4 pukuhuoneen istuimet ja p\u00f6yt\u00e4 voidaan muuttaa 2,1 x 1,8 m vuoteeksi, mik\u00e4 tekee tuotteesta erinomaisen ratkaisun niille, jotka haluavat viett\u00e4\u00e4 aikaa luonnossa yst\u00e4vien ja perheen kanssa.<br \/>\nPeruspaketin maisemaikkuna tarjoaa rutkasti viihtyvyytt\u00e4 ja kauniita maisemia ja sen avulla valo p\u00e4\u00e4see mukavasti pukuhuoneeseen. Lis\u00e4ksi peruspakkaukseen kuuluu selk\u00e4nojat, jalkasijat ja lattia.<br \/>\nVoit parantaa 5 m ulkosaunaa lis\u00e4\u00e4m\u00e4ll\u00e4 siihen hy\u00f6dyllisi\u00e4 lis\u00e4varusteita, kuten py\u00f6re\u00e4n maisemaikkunan, LED-valon l\u00f6ylyhuoneeseen, vesitankin ja paljon muuta.<\/p>\n<p>Istuimilla tai vuoteella varustettu pieni pihasauna on suosituin rakennelmamme sinulle, joka suunnittelet m\u00f6kkisaunan rakentamista, jossa sin\u00e4 ja yst\u00e4v\u00e4si voisitte viett\u00e4\u00e4 laatuaikaa rentoutuen.<\/p>\n<p>Suunnittelijamme saivat t\u00e4m\u00e4n ulkosaunan sis\u00e4tiloista entist\u00e4 avaramman j\u00e4tt\u00e4m\u00e4ll\u00e4 linjoihin pehmeytt\u00e4 \u2013 istumahuoneen penkit voidaan haluttaessa muuttaa 2,1\u00d71,8 m s\u00e4ngyksi!<\/p>\n<p>&nbsp;<\/p>\n<p>Pieni pihasauna istuimilla tai vuoteella eroaa oikeasta maalaistalosta rakenteeltaan, eik\u00e4 se ole yleinen asuintila:<\/p>\n<ul>\n<li>Ulkosaunan varustus on klassinen;<\/li>\n<li>L\u00f6ylyhuone vie v\u00e4hint\u00e4\u00e4n 50 % tilasta;<\/li>\n<li>Rakennuksessa on k\u00e4ytetty ainoastaan ymp\u00e4rist\u00f6yst\u00e4v\u00e4llisi\u00e4 materiaaleja, koska hankkeen p\u00e4\u00e4tavoite on parantaa ihmisen terveytt\u00e4.<\/li>\n<\/ul>\n<p>Pihasauna S5P, joka on vierastalon ja saunan hybridi, on maanomistajien suuressa suosiossa. Rakenteen toiminnollisuudet ja mukavuudet:<\/p>\n<ul>\n<li>Se ei vie paljon tilaa tontilta, ettei sen rakentamatta j\u00e4tt\u00e4minen ole syyt\u00e4;<\/li>\n<li>Ulkosauna voi helposti siirt\u00e4\u00e4 paikasta toiseen, jos tonttia muokataan.<\/li>\n<li>Kohtuullinen hinta. Pihasauna S5P on valmistettu luonnollisesta puumateriaalista, joten se on edullinen ja nopea ratkaisu saunan rakentamiseen;<\/li>\n<li>Se on miellytt\u00e4v\u00e4n n\u00e4k\u00f6ist\u00e4 ja sit\u00e4 helppo hoitaa.<\/li>\n<li>Huolto- ja apulaitteista ei aiheudu kuluja;<\/li>\n<li>Maisemaikkuna on miellytt\u00e4v\u00e4 lis\u00e4 ja se tuo tilaan paljon luonnonvaloa;<\/li>\n<li>Pienet ikkunat ilmaavat ja tukevat ulkosaunan optimaalista mikroilmastoa.<\/li>\n<\/ul>\n<p>Istuimilla tai vuoteella varustetun pihasaunan on suunnitellut ammattilaisia insin\u00f6\u00f6rej\u00e4. Heid\u00e4n osallistumisen ansiosta onnistuimme luomaan mukavan ja viihtyis\u00e4n m\u00f6kkisaunan, joka on teknisesti rakennettu asianmukaisesti. Jos haluat pihasaunaasi lis\u00e4\u00e4 varusteita, kuten py\u00f6re\u00e4n maisemaikkunan, LED-valoja tai vesis\u00e4ili\u00f6n,\u00a0<u>asiakaspalvelumme on aina valmiina<\/u> konsultoimaan kanssasi ja vastaamaan kysymyksiisi, jotta voisit tehd\u00e4 oikean p\u00e4\u00e4t\u00f6ksen.<\/p>\n<div class=\"lepopup-element lepopup-element-5 lepopup-element-html lepopup-animated lepopup-fadeIn\" data-type=\"html\" data-top=\"55\" data-left=\"90\" data-animation-in=\"fadeIn\" data-animation-out=\"fadeOut\">\n<div class=\"lepopup-element-html-content\">\n<p>&nbsp;<\/p>\n<\/div>\n<\/div>\n<p><strong>Perussarja sis\u00e4lt\u00e4\u00e4:<\/strong><\/p>\n<ul>\n<li>Puun paksuus: 40 mm<\/li>\n<li>Olohuoneen istuimet voidaan muuttaa s\u00e4ngyksi 2,1 x 1,8 m<\/li>\n<li>L\u00e4mp\u00f6puusta lauteet ja lattia<\/li>\n<li>Ruskea karkaistu savulasiovi l\u00f6ylyhuoneessa; Puinen ulko-ovi lukolla<\/li>\n<li>Taitettava p\u00f6yt\u00e4 1,8 * 0,6 m<\/li>\n<li>Panoraamaikkuna taukohuoneessa<\/li>\n<li>Selk\u00e4nojat, 2 kpl<\/li>\n<li>Bitumikatto<\/li>\n<li>Ruostumattomasta ter\u00e4ksest\u00e4 valmistetut kiristysvanteet \u2013 4 kpl<\/li>\n<\/ul>\n<p>&nbsp;<\/p>\n<p><strong>Saatavana vasemmalla tai oikealla puolella olevan h\u00f6yrysaunan kanssa (sama hinta):<\/strong><\/p>\n<ul>\n<li>Vasen puoli: Kuusi (S5PLE) tai l\u00e4mp\u00f6puu (S5PLT) tynnyri<\/li>\n<li>Oikea puoli: Kuusi (S5PRE) tai l\u00e4mp\u00f6puu (S5PRT) tynnyri<\/li>\n<\/ul>\n<p>&nbsp;<\/p>\n<p>&nbsp;<\/p>\n<p><strong>Katon v\u00e4rit:<\/strong><\/p>\n<p>Ruskea, musta, vihre\u00e4<\/p>\n<p><img loading=\"lazy\" decoding=\"async\" class=\"alignnone wp-image-90748\" src=\"https:\/\/factory.sale\/wp-content\/uploads\/2024\/09\/roof-colours-300x91.png\" alt=\"\" width=\"630\" height=\"191\" srcset=\"https:\/\/factory.sale\/wp-content\/uploads\/2024\/09\/roof-colours-300x91.png 300w, https:\/\/factory.sale\/wp-content\/uploads\/2024\/09\/roof-colours-1024x311.png 1024w, https:\/\/factory.sale\/wp-content\/uploads\/2024\/09\/roof-colours-150x46.png 150w, https:\/\/factory.sale\/wp-content\/uploads\/2024\/09\/roof-colours-600x182.png 600w, https:\/\/factory.sale\/wp-content\/uploads\/2024\/09\/roof-colours.png 1330w\" sizes=\"auto, (max-width: 630px) 100vw, 630px\" \/><\/p>\n<p>&nbsp;<\/p>\n<p>&nbsp;<\/p>\n<p><strong>*Hinta l\u00e4mp\u00f6puusta saunalle (S5PLT\/S5PRT ) &#8211; 5313 EUR<\/strong><\/p>\n<p><strong>* Saatavilla useita lis\u00e4varusteita. L\u00e4het\u00e4 meille tarjouspyynt\u00f6 ja kysy lis\u00e4\u00e4!<\/strong><\/p>\n<p>&nbsp;<\/p>\n<p><strong>Kuljetustiedot:<\/strong><\/p>\n<p>17 m kuorma-auto ilman nostinta: toimitus vain 17 m kuorma-autolla (purkuv\u00e4lineet on j\u00e4rjestett\u00e4v\u00e4 etuk\u00e4teen), kysy lis\u00e4tietoja!<\/p>\n","protected":false},"excerpt":{"rendered":"<p>Tynnyrisauna tehty juuri sinulle. Valitse tuotteelle omat tarpeesi ja nauti henkil\u00f6kohtaisesta tynnyrisaunastasi kotona.<\/p>\n<p>T\u00e4m\u00e4 valikoimastamme pieni pihasauna on t\u00e4ynn\u00e4 innovatiivisuutta ja toiminnollisuutta.<\/p>\n","protected":false},"featured_media":84921,"comment_status":"open","ping_status":"closed","template":"","meta":{"_acf_changed":false},"factory":[],"free-shipment":[],"product_brand":[],"product_cat":[1121,1644],"product_tag":[1651,2105],"class_list":{"0":"post-17763","1":"product","2":"type-product","3":"status-publish","4":"has-post-thumbnail","6":"product_cat-saniteetti","7":"product_cat-tynnyrisauna","8":"product_tag-barrel-sauna-fi","9":"product_tag-outdoor-sauna-fi","11":"first","12":"instock","13":"sale","14":"taxable","15":"shipping-taxable","16":"purchasable","17":"product-type-simple"},"acf":[],"_links":{"self":[{"href":"https:\/\/factory.sale\/fi\/wp-json\/wp\/v2\/product\/17763","targetHints":{"allow":["GET"]}}],"collection":[{"href":"https:\/\/factory.sale\/fi\/wp-json\/wp\/v2\/product"}],"about":[{"href":"https:\/\/factory.sale\/fi\/wp-json\/wp\/v2\/types\/product"}],"replies":[{"embeddable":true,"href":"https:\/\/factory.sale\/fi\/wp-json\/wp\/v2\/comments?post=17763"}],"wp:featuredmedia":[{"embeddable":true,"href":"https:\/\/factory.sale\/fi\/wp-json\/wp\/v2\/media\/84921"}],"wp:attachment":[{"href":"https:\/\/factory.sale\/fi\/wp-json\/wp\/v2\/media?parent=17763"}],"wp:term":[{"taxonomy":"factory","embeddable":true,"href":"https:\/\/factory.sale\/fi\/wp-json\/wp\/v2\/factory?post=17763"},{"taxonomy":"free-shipment","embeddable":true,"href":"https:\/\/factory.sale\/fi\/wp-json\/wp\/v2\/free-shipment?post=17763"},{"taxonomy":"product_brand","embeddable":true,"href":"https:\/\/factory.sale\/fi\/wp-json\/wp\/v2\/product_brand?post=17763"},{"taxonomy":"product_cat","embeddable":true,"href":"https:\/\/factory.sale\/fi\/wp-json\/wp\/v2\/product_cat?post=17763"},{"taxonomy":"product_tag","embeddable":true,"href":"https:\/\/factory.sale\/fi\/wp-json\/wp\/v2\/product_tag?post=17763"}],"curies":[{"name":"wp","href":"https:\/\/api.w.org\/{rel}","templated":true}]}}