{"id":17726,"date":"2025-10-12T14:29:20","date_gmt":"2022-12-22T14:29:20","guid":{"rendered":"https:\/\/factory.sale\/product\/quadra-tunnisaun-4m-2-ruumi\/"},"modified":"2026-03-22T21:45:03","modified_gmt":"2026-03-22T18:45:03","slug":"quadra-tynnyrisauna-4m-kaksi-huonetta","status":"publish","type":"product","link":"https:\/\/factory.sale\/fi\/tuote\/quadra-tynnyrisauna-4m-kaksi-huonetta\/","title":{"rendered":"&#8220;4m&#8221; S4PV Tynnyrisauna pukuhuoneella ja terassilla 4-hl\u00f6"},"content":{"rendered":"<div style=\"width: 960px;\" class=\"wp-video\"><!--[if lt IE 9]><script>document.createElement('video');<\/script><![endif]-->\n<video class=\"wp-video-shortcode\" id=\"video-17726-1\" width=\"960\" height=\"300\" preload=\"metadata\" controls=\"controls\"><source type=\"video\/mp4\" src=\"https:\/\/factory.sale\/wp-content\/uploads\/2023\/04\/Barrel-Saunas-960x300-1.mp4?_=1\" \/><a href=\"https:\/\/factory.sale\/wp-content\/uploads\/2023\/04\/Barrel-Saunas-960x300-1.mp4\">https:\/\/factory.sale\/wp-content\/uploads\/2023\/04\/Barrel-Saunas-960x300-1.mp4<\/a><\/video><\/div>\n<p>&nbsp;<\/p>\n<p>&nbsp;<\/p>\n<p>Tynnyrisauna 4 m on valikoimastamme SUOSITUIN ja k\u00e4yt\u00e4nn\u00f6llisin pihasauna, joka sopii 4-6 hengen perheelle tai porukalle.<br \/>\nL\u00f6ylyhuoneen lis\u00e4ksi mallista l\u00f6ytyy pukuhuone, jossa voi rentoutua ja vaihtaa vaatteita, sek\u00e4 pieni vilvoittelutila, jossa on hieman<br \/>\npenkkitilaa.<br \/>\nT\u00e4ll\u00e4 miniterassilla p\u00e4\u00e4set nauttimaan luonnosta ja hengitt\u00e4m\u00e4\u00e4n raikasta ulkoilmaa.<br \/>\nOstamalla pihasaunan Harvia -kiukaalla varustettuna saat saunasi l\u00e4mpi\u00e4m\u00e4\u00e4n tunnissa, kun taas s\u00e4hk\u00f6kiukaan avulla l\u00f6ylyihin p\u00e4\u00e4see<br \/>\n2 tunnin sis\u00e4ll\u00e4.<br \/>\nTuote on saatavilla sek\u00e4 valmiiksi koottuna ett\u00e4 koottavana, ja se voidaan valmistaa joko kuusesta tai kuusen l\u00e4mp\u00f6puusta.<\/p>\n<p>&nbsp;<\/p>\n<div class=\"lepopup-element lepopup-element-4 lepopup-element-html lepopup-animated lepopup-fadeIn\" data-type=\"html\" data-top=\"20\" data-left=\"80\" data-animation-in=\"fadeIn\" data-animation-out=\"fadeOut\">\n<div class=\"lepopup-element-html-content\"><strong>Hinta sis\u00e4lt\u00e4\u00e4:<\/strong><\/div>\n<\/div>\n<div class=\"lepopup-element lepopup-element-5 lepopup-element-html lepopup-animated lepopup-fadeIn\" data-type=\"html\" data-top=\"55\" data-left=\"90\" data-animation-in=\"fadeIn\" data-animation-out=\"fadeOut\">\n<div class=\"lepopup-element-html-content\">\n<ul>\n<li>Kasaamaton kuusesta (S4PVE) sauna (paksuus 40 mm, \u00d82 m, h = 2,1 m \u2013 ilman savupiippua)<\/li>\n<li>Sis\u00e4ovi savulasia ja ulko-ovi ikkunallinen puuovi<\/li>\n<li>Bitumihuopakatto (musta, ruskea tai vihre\u00e4)<\/li>\n<li>Ilmanvaihtoaukot ja suojaritil\u00e4t<\/li>\n<li>Saunan tukijalat<\/li>\n<li>Tynnyrisaunan kiristysvanteet (ruostumattomasta ter\u00e4ksest\u00e4), 4 kpl<\/li>\n<\/ul>\n<\/div>\n<\/div>\n<p>&nbsp;<\/p>\n<p><strong>Saatavana my\u00f6s halkaisijaltaan \u00d82,2m (hinnat ilman ALV):<\/strong><\/p>\n<ul>\n<li>Kuusesta (22S4PVE) &#8211; 2944 EUR<\/li>\n<li>L\u00e4mp\u00f6puusta (22S4PVT) &#8211; 3599,50 EUR<\/li>\n<\/ul>\n<p>&nbsp;<\/p>\n<p>&nbsp;<\/p>\n<p>&nbsp;<\/p>\n<p><strong>Katon v\u00e4rit:<\/strong><\/p>\n<p>Ruskea, musta, vihre\u00e4<\/p>\n<p><img loading=\"lazy\" decoding=\"async\" class=\"alignnone wp-image-90748\" src=\"https:\/\/factory.sale\/wp-content\/uploads\/2024\/09\/roof-colours-300x91.png\" alt=\"\" width=\"630\" height=\"191\" srcset=\"https:\/\/factory.sale\/wp-content\/uploads\/2024\/09\/roof-colours-300x91.png 300w, https:\/\/factory.sale\/wp-content\/uploads\/2024\/09\/roof-colours-1024x311.png 1024w, https:\/\/factory.sale\/wp-content\/uploads\/2024\/09\/roof-colours-150x46.png 150w, https:\/\/factory.sale\/wp-content\/uploads\/2024\/09\/roof-colours-600x182.png 600w, https:\/\/factory.sale\/wp-content\/uploads\/2024\/09\/roof-colours.png 1330w\" sizes=\"auto, (max-width: 630px) 100vw, 630px\" \/><\/p>\n<p>&nbsp;<\/p>\n<p>&nbsp;<\/p>\n<p>&nbsp;<\/p>\n<div class=\"lepopup-element lepopup-element-5 lepopup-element-html lepopup-animated lepopup-fadeIn\" data-type=\"html\" data-top=\"55\" data-left=\"90\" data-animation-in=\"fadeIn\" data-animation-out=\"fadeOut\">\n<p><strong>* Saatavilla monia lis\u00e4varusteita ja tarvikkeita. L\u00e4het\u00e4 meille tiedustelu ja kysy lis\u00e4\u00e4!<\/strong><\/p>\n<p><strong>* L\u00e4mp\u00f6saunan (S4PVT) hinta \u2013 3289 EUR<\/strong><\/p>\n<\/div>\n<p>&nbsp;<\/p>\n<p><b>Kuljetustiedot:<\/b><\/p>\n<p>17 m kuorma-auto ilman nostinta: toimitus vain 17 m kuorma-autolla (purkuv\u00e4lineet on j\u00e4rjestett\u00e4v\u00e4 etuk\u00e4teen), kysy lis\u00e4tietoja!<\/p>\n<p>&nbsp;<\/p>\n","protected":false},"excerpt":{"rendered":"<p>Tynnyrisauna tehty juuri sinulle. Valitse tuotteelle omat tarpeesi ja nauti henkil\u00f6kohtaisesta tynnyrisaunastasi kotona.<\/p>\n<p>Tynnyrisauna 4 m on valikoimastamme SUOSITUIN ja k\u00e4yt\u00e4nn\u00f6llisin ulkosauna, joka sopii 4-6 hengen perheelle tai seurueelle.<\/p>\n","protected":false},"featured_media":102617,"comment_status":"open","ping_status":"closed","template":"","meta":{"_acf_changed":false},"factory":[],"free-shipment":[],"product_brand":[],"product_cat":[1121,1644],"product_tag":[],"class_list":{"0":"post-17726","1":"product","2":"type-product","3":"status-publish","4":"has-post-thumbnail","6":"product_cat-saniteetti","7":"product_cat-tynnyrisauna","9":"first","10":"instock","11":"sale","12":"taxable","13":"shipping-taxable","14":"purchasable","15":"product-type-simple"},"acf":[],"_links":{"self":[{"href":"https:\/\/factory.sale\/fi\/wp-json\/wp\/v2\/product\/17726","targetHints":{"allow":["GET"]}}],"collection":[{"href":"https:\/\/factory.sale\/fi\/wp-json\/wp\/v2\/product"}],"about":[{"href":"https:\/\/factory.sale\/fi\/wp-json\/wp\/v2\/types\/product"}],"replies":[{"embeddable":true,"href":"https:\/\/factory.sale\/fi\/wp-json\/wp\/v2\/comments?post=17726"}],"wp:featuredmedia":[{"embeddable":true,"href":"https:\/\/factory.sale\/fi\/wp-json\/wp\/v2\/media\/102617"}],"wp:attachment":[{"href":"https:\/\/factory.sale\/fi\/wp-json\/wp\/v2\/media?parent=17726"}],"wp:term":[{"taxonomy":"factory","embeddable":true,"href":"https:\/\/factory.sale\/fi\/wp-json\/wp\/v2\/factory?post=17726"},{"taxonomy":"free-shipment","embeddable":true,"href":"https:\/\/factory.sale\/fi\/wp-json\/wp\/v2\/free-shipment?post=17726"},{"taxonomy":"product_brand","embeddable":true,"href":"https:\/\/factory.sale\/fi\/wp-json\/wp\/v2\/product_brand?post=17726"},{"taxonomy":"product_cat","embeddable":true,"href":"https:\/\/factory.sale\/fi\/wp-json\/wp\/v2\/product_cat?post=17726"},{"taxonomy":"product_tag","embeddable":true,"href":"https:\/\/factory.sale\/fi\/wp-json\/wp\/v2\/product_tag?post=17726"}],"curies":[{"name":"wp","href":"https:\/\/api.w.org\/{rel}","templated":true}]}}